{"id":991,"date":"2025-08-20T12:00:56","date_gmt":"2025-08-20T10:00:56","guid":{"rendered":"https:\/\/ccs-fabricframe.de\/?post_type=product&#038;p=991"},"modified":"2025-11-12T13:11:03","modified_gmt":"2025-11-12T12:11:03","slug":"event-eco-flies","status":"publish","type":"product","link":"https:\/\/ccs-fabricframe.de\/en\/product\/event-eco-flies\/","title":{"rendered":"Event Eco Vlies"},"content":{"rendered":"<p>Event Eco Vlies ist ein zu 100 % aus PET-Vlies bestehendes Material, das eine umweltfreundliche Alternative f\u00fcr die Au\u00dfenwerbung darstellt. Die matte, nicht reflektierende Textur wurde f\u00fcr gro\u00dfformatige Banner entwickelt und gew\u00e4hrleistet eine hervorragende Druckqualit\u00e4t und Sichtbarkeit bei allen Lichtverh\u00e4ltnissen &#8211; ohne Blendung oder Reflexionen.<\/p>\n<p>Special features:<\/p>\n<ul>\n<li>Umweltfreundlich, da 100 % PVC-frei und 100 % recyceltes PET<\/li>\n<li>Ultralight<\/li>\n<li>Einzigartige Vlies-Textur<\/li>\n<li>Sowohl im Latex- als auch im Sublimationsdruck bedruckbar<\/li>\n<li>310 cm printable fabric width<\/li>\n<\/ul>","protected":false},"excerpt":{"rendered":"<h3>Die umweltfreundliche Alternative f\u00fcr Au\u00dfenwerbung<\/h3>\n<ul>\n<li>Environmentally friendly<\/li>\n<li>Ultralight<\/li>\n<li>Einzigartige Vlies-Textur<\/li>\n<li>310 cm printable fabric width<\/li>\n<li>Can be ordered blank<\/li>\n<\/ul>\n<p><span style=\"color: #ff0000;\"><a style=\"color: #ff0000;\" href=\"https:\/\/ccs-fabricframe.de\/wp-content\/uploads\/2025\/09\/4628_Event-Eco-Vlies.pdf\" target=\"_blank\" rel=\"noopener\">Data sheet download &gt;<\/a><\/span><\/p>","protected":false},"featured_media":6346,"template":"","meta":[],"product_brand":[149],"product_cat":[88,28,20,102,101,104,99,29,103,87,148,94,98,30,100],"product_tag":[50,48,46,47,42,41,45,44],"class_list":{"0":"post-991","1":"product","2":"type-product","3":"status-publish","4":"has-post-thumbnail","6":"product_brand-fabric-outdoor","7":"product_cat-aufsicht","8":"product_cat-fabric-druck","9":"product_cat-fabric","10":"product_cat-hohlsaum","11":"product_cat-keder","12":"product_cat-klett-flausch","13":"product_cat-latexdruck","14":"product_cat-fabric-material","15":"product_cat-oesen","16":"product_cat-outdoor_textiles","17":"product_cat-produkt-fabric","18":"product_cat-pvc-frei","19":"product_cat-sublimation","20":"product_cat-fabric-verarbeitung","21":"product_cat-zuschnitt","22":"product_tag-blanko","23":"product_tag-geoest","24":"product_tag-hohlsaum","25":"product_tag-klett-flausch","26":"product_tag-pvc-frei","27":"product_tag-pet-polyester","28":"product_tag-keder","29":"product_tag-zuschnitt","31":"first","32":"instock","33":"shipping-taxable","34":"product-type-simple"},"yoast_head":"<!-- This site is optimized with the Yoast SEO plugin v27.3 - https:\/\/yoast.com\/product\/yoast-seo-wordpress\/ -->\n<title>Event Eco Vlies - CCS Fabric Frame<\/title>\n<meta name=\"description\" content=\"Event Eco Vlies ist ein zu 100 % aus PET-Vlies bestehendes Material, das eine umweltfreundliche Alternative f\u00fcr die Au\u00dfenwerbung darstellt.\" \/>\n<meta name=\"robots\" content=\"index, follow, max-snippet:-1, max-image-preview:large, max-video-preview:-1\" \/>\n<link rel=\"canonical\" href=\"https:\/\/ccs-fabricframe.de\/en\/product\/event-eco-flies\/\" \/>\n<meta property=\"og:locale\" content=\"en_US\" \/>\n<meta property=\"og:type\" content=\"article\" \/>\n<meta property=\"og:title\" content=\"Event Eco Vlies - CCS Fabric Frame\" \/>\n<meta property=\"og:description\" content=\"Event Eco Vlies ist ein zu 100 % aus PET-Vlies bestehendes Material, das eine umweltfreundliche Alternative f\u00fcr die Au\u00dfenwerbung darstellt.\" \/>\n<meta property=\"og:url\" content=\"https:\/\/ccs-fabricframe.de\/en\/product\/event-eco-flies\/\" \/>\n<meta property=\"og:site_name\" content=\"CCS Fabric Frame\" \/>\n<meta property=\"article:modified_time\" content=\"2025-11-12T12:11:03+00:00\" \/>\n<meta property=\"og:image\" content=\"https:\/\/ccs-fabricframe.de\/wp-content\/uploads\/2025\/08\/CCS_fabric_frame_produkt_fabric_event_eco_vlies_4628.webp\" \/>\n\t<meta property=\"og:image:width\" content=\"1240\" \/>\n\t<meta property=\"og:image:height\" content=\"1754\" \/>\n\t<meta property=\"og:image:type\" content=\"image\/webp\" \/>\n<meta name=\"twitter:card\" content=\"summary_large_image\" \/>\n<meta name=\"twitter:label1\" content=\"Est. reading time\" \/>\n\t<meta name=\"twitter:data1\" content=\"1 minute\" \/>\n<script type=\"application\/ld+json\" class=\"yoast-schema-graph\">{\"@context\":\"https:\\\/\\\/schema.org\",\"@graph\":[{\"@type\":\"WebPage\",\"@id\":\"https:\\\/\\\/ccs-fabricframe.de\\\/produkt\\\/event-eco-flies\\\/\",\"url\":\"https:\\\/\\\/ccs-fabricframe.de\\\/produkt\\\/event-eco-flies\\\/\",\"name\":\"Event Eco Vlies - CCS Fabric Frame\",\"isPartOf\":{\"@id\":\"https:\\\/\\\/ccs-fabricframe.de\\\/#website\"},\"primaryImageOfPage\":{\"@id\":\"https:\\\/\\\/ccs-fabricframe.de\\\/produkt\\\/event-eco-flies\\\/#primaryimage\"},\"image\":{\"@id\":\"https:\\\/\\\/ccs-fabricframe.de\\\/produkt\\\/event-eco-flies\\\/#primaryimage\"},\"thumbnailUrl\":\"https:\\\/\\\/ccs-fabricframe.de\\\/wp-content\\\/uploads\\\/2025\\\/08\\\/CCS_fabric_frame_produkt_fabric_event_eco_vlies_4628.webp\",\"datePublished\":\"2025-08-20T10:00:56+00:00\",\"dateModified\":\"2025-11-12T12:11:03+00:00\",\"description\":\"Event Eco Vlies ist ein zu 100 % aus PET-Vlies bestehendes Material, das eine umweltfreundliche Alternative f\u00fcr die Au\u00dfenwerbung darstellt.\",\"breadcrumb\":{\"@id\":\"https:\\\/\\\/ccs-fabricframe.de\\\/produkt\\\/event-eco-flies\\\/#breadcrumb\"},\"inLanguage\":\"en-US\",\"potentialAction\":[{\"@type\":\"ReadAction\",\"target\":[\"https:\\\/\\\/ccs-fabricframe.de\\\/produkt\\\/event-eco-flies\\\/\"]}]},{\"@type\":\"ImageObject\",\"inLanguage\":\"en-US\",\"@id\":\"https:\\\/\\\/ccs-fabricframe.de\\\/produkt\\\/event-eco-flies\\\/#primaryimage\",\"url\":\"https:\\\/\\\/ccs-fabricframe.de\\\/wp-content\\\/uploads\\\/2025\\\/08\\\/CCS_fabric_frame_produkt_fabric_event_eco_vlies_4628.webp\",\"contentUrl\":\"https:\\\/\\\/ccs-fabricframe.de\\\/wp-content\\\/uploads\\\/2025\\\/08\\\/CCS_fabric_frame_produkt_fabric_event_eco_vlies_4628.webp\",\"width\":1240,\"height\":1754,\"caption\":\"Event Eco Vlies 4628 Fabric\"},{\"@type\":\"BreadcrumbList\",\"@id\":\"https:\\\/\\\/ccs-fabricframe.de\\\/produkt\\\/event-eco-flies\\\/#breadcrumb\",\"itemListElement\":[{\"@type\":\"ListItem\",\"position\":1,\"name\":\"Startseite\",\"item\":\"https:\\\/\\\/ccs-fabricframe.de\\\/\"},{\"@type\":\"ListItem\",\"position\":2,\"name\":\"Produkte\",\"item\":\"https:\\\/\\\/ccs-fabricframe.de\\\/produkte\\\/\"},{\"@type\":\"ListItem\",\"position\":3,\"name\":\"Event Eco Vlies\"}]},{\"@type\":\"WebSite\",\"@id\":\"https:\\\/\\\/ccs-fabricframe.de\\\/#website\",\"url\":\"https:\\\/\\\/ccs-fabricframe.de\\\/\",\"name\":\"CCS Fabric Frame\",\"description\":\"Print. Shape. Impress.\",\"publisher\":{\"@id\":\"https:\\\/\\\/ccs-fabricframe.de\\\/#organization\"},\"potentialAction\":[{\"@type\":\"SearchAction\",\"target\":{\"@type\":\"EntryPoint\",\"urlTemplate\":\"https:\\\/\\\/ccs-fabricframe.de\\\/?s={search_term_string}\"},\"query-input\":{\"@type\":\"PropertyValueSpecification\",\"valueRequired\":true,\"valueName\":\"search_term_string\"}}],\"inLanguage\":\"en-US\"},{\"@type\":\"Organization\",\"@id\":\"https:\\\/\\\/ccs-fabricframe.de\\\/#organization\",\"name\":\"CCS fabric frame\",\"alternateName\":\"CCS\",\"url\":\"https:\\\/\\\/ccs-fabricframe.de\\\/\",\"logo\":{\"@type\":\"ImageObject\",\"inLanguage\":\"en-US\",\"@id\":\"https:\\\/\\\/ccs-fabricframe.de\\\/#\\\/schema\\\/logo\\\/image\\\/\",\"url\":\"https:\\\/\\\/ccs-fabricframe.de\\\/wp-content\\\/uploads\\\/2025\\\/06\\\/Lg_CCS-Fabfra_RedBlack_rgb_EE2737-1E1E1E-1.svg\",\"contentUrl\":\"https:\\\/\\\/ccs-fabricframe.de\\\/wp-content\\\/uploads\\\/2025\\\/06\\\/Lg_CCS-Fabfra_RedBlack_rgb_EE2737-1E1E1E-1.svg\",\"width\":459,\"height\":255,\"caption\":\"CCS fabric frame\"},\"image\":{\"@id\":\"https:\\\/\\\/ccs-fabricframe.de\\\/#\\\/schema\\\/logo\\\/image\\\/\"},\"sameAs\":[\"https:\\\/\\\/www.instagram.com\\\/ccsfabricframe\\\/\",\"https:\\\/\\\/www.linkedin.com\\\/company\\\/ccs-fabricframe\\\/\"]}]}<\/script>\n<!-- \/ Yoast SEO plugin. -->","yoast_head_json":{"title":"Event Eco Vlies - CCS Fabric Frame","description":"Event Eco Fleece is a material made from 100% PET fleece, which is an environmentally friendly alternative for outdoor advertising.","robots":{"index":"index","follow":"follow","max-snippet":"max-snippet:-1","max-image-preview":"max-image-preview:large","max-video-preview":"max-video-preview:-1"},"canonical":"https:\/\/ccs-fabricframe.de\/en\/product\/event-eco-flies\/","og_locale":"en_US","og_type":"article","og_title":"Event Eco Vlies - CCS Fabric Frame","og_description":"Event Eco Vlies ist ein zu 100 % aus PET-Vlies bestehendes Material, das eine umweltfreundliche Alternative f\u00fcr die Au\u00dfenwerbung darstellt.","og_url":"https:\/\/ccs-fabricframe.de\/en\/product\/event-eco-flies\/","og_site_name":"CCS Fabric Frame","article_modified_time":"2025-11-12T12:11:03+00:00","og_image":[{"width":1240,"height":1754,"url":"https:\/\/ccs-fabricframe.de\/wp-content\/uploads\/2025\/08\/CCS_fabric_frame_produkt_fabric_event_eco_vlies_4628.webp","type":"image\/webp"}],"twitter_card":"summary_large_image","twitter_misc":{"Est. reading time":"1 minute"},"schema":{"@context":"https:\/\/schema.org","@graph":[{"@type":"WebPage","@id":"https:\/\/ccs-fabricframe.de\/produkt\/event-eco-flies\/","url":"https:\/\/ccs-fabricframe.de\/produkt\/event-eco-flies\/","name":"Event Eco Vlies - CCS Fabric Frame","isPartOf":{"@id":"https:\/\/ccs-fabricframe.de\/#website"},"primaryImageOfPage":{"@id":"https:\/\/ccs-fabricframe.de\/produkt\/event-eco-flies\/#primaryimage"},"image":{"@id":"https:\/\/ccs-fabricframe.de\/produkt\/event-eco-flies\/#primaryimage"},"thumbnailUrl":"https:\/\/ccs-fabricframe.de\/wp-content\/uploads\/2025\/08\/CCS_fabric_frame_produkt_fabric_event_eco_vlies_4628.webp","datePublished":"2025-08-20T10:00:56+00:00","dateModified":"2025-11-12T12:11:03+00:00","description":"Event Eco Fleece is a material made from 100% PET fleece, which is an environmentally friendly alternative for outdoor advertising.","breadcrumb":{"@id":"https:\/\/ccs-fabricframe.de\/produkt\/event-eco-flies\/#breadcrumb"},"inLanguage":"en-US","potentialAction":[{"@type":"ReadAction","target":["https:\/\/ccs-fabricframe.de\/produkt\/event-eco-flies\/"]}]},{"@type":"ImageObject","inLanguage":"en-US","@id":"https:\/\/ccs-fabricframe.de\/produkt\/event-eco-flies\/#primaryimage","url":"https:\/\/ccs-fabricframe.de\/wp-content\/uploads\/2025\/08\/CCS_fabric_frame_produkt_fabric_event_eco_vlies_4628.webp","contentUrl":"https:\/\/ccs-fabricframe.de\/wp-content\/uploads\/2025\/08\/CCS_fabric_frame_produkt_fabric_event_eco_vlies_4628.webp","width":1240,"height":1754,"caption":"Event Eco Vlies 4628 Fabric"},{"@type":"BreadcrumbList","@id":"https:\/\/ccs-fabricframe.de\/produkt\/event-eco-flies\/#breadcrumb","itemListElement":[{"@type":"ListItem","position":1,"name":"Startseite","item":"https:\/\/ccs-fabricframe.de\/"},{"@type":"ListItem","position":2,"name":"Produkte","item":"https:\/\/ccs-fabricframe.de\/produkte\/"},{"@type":"ListItem","position":3,"name":"Event Eco Vlies"}]},{"@type":"WebSite","@id":"https:\/\/ccs-fabricframe.de\/#website","url":"https:\/\/ccs-fabricframe.de\/","name":"CCS Fabric Frame","description":"Print. Shape. Impress.","publisher":{"@id":"https:\/\/ccs-fabricframe.de\/#organization"},"potentialAction":[{"@type":"SearchAction","target":{"@type":"EntryPoint","urlTemplate":"https:\/\/ccs-fabricframe.de\/?s={search_term_string}"},"query-input":{"@type":"PropertyValueSpecification","valueRequired":true,"valueName":"search_term_string"}}],"inLanguage":"en-US"},{"@type":"Organization","@id":"https:\/\/ccs-fabricframe.de\/#organization","name":"CCS fabric frame","alternateName":"CCS","url":"https:\/\/ccs-fabricframe.de\/","logo":{"@type":"ImageObject","inLanguage":"en-US","@id":"https:\/\/ccs-fabricframe.de\/#\/schema\/logo\/image\/","url":"https:\/\/ccs-fabricframe.de\/wp-content\/uploads\/2025\/06\/Lg_CCS-Fabfra_RedBlack_rgb_EE2737-1E1E1E-1.svg","contentUrl":"https:\/\/ccs-fabricframe.de\/wp-content\/uploads\/2025\/06\/Lg_CCS-Fabfra_RedBlack_rgb_EE2737-1E1E1E-1.svg","width":459,"height":255,"caption":"CCS fabric frame"},"image":{"@id":"https:\/\/ccs-fabricframe.de\/#\/schema\/logo\/image\/"},"sameAs":["https:\/\/www.instagram.com\/ccsfabricframe\/","https:\/\/www.linkedin.com\/company\/ccs-fabricframe\/"]}]}},"_links":{"self":[{"href":"https:\/\/ccs-fabricframe.de\/en\/wp-json\/wp\/v2\/product\/991","targetHints":{"allow":["GET"]}}],"collection":[{"href":"https:\/\/ccs-fabricframe.de\/en\/wp-json\/wp\/v2\/product"}],"about":[{"href":"https:\/\/ccs-fabricframe.de\/en\/wp-json\/wp\/v2\/types\/product"}],"wp:featuredmedia":[{"embeddable":true,"href":"https:\/\/ccs-fabricframe.de\/en\/wp-json\/wp\/v2\/media\/6346"}],"wp:attachment":[{"href":"https:\/\/ccs-fabricframe.de\/en\/wp-json\/wp\/v2\/media?parent=991"}],"wp:term":[{"taxonomy":"product_brand","embeddable":true,"href":"https:\/\/ccs-fabricframe.de\/en\/wp-json\/wp\/v2\/product_brand?post=991"},{"taxonomy":"product_cat","embeddable":true,"href":"https:\/\/ccs-fabricframe.de\/en\/wp-json\/wp\/v2\/product_cat?post=991"},{"taxonomy":"product_tag","embeddable":true,"href":"https:\/\/ccs-fabricframe.de\/en\/wp-json\/wp\/v2\/product_tag?post=991"}],"curies":[{"name":"wp","href":"https:\/\/api.w.org\/{rel}","templated":true}]}}