{"id":989,"date":"2025-08-20T12:39:34","date_gmt":"2025-08-20T10:39:34","guid":{"rendered":"https:\/\/ccs-fabricframe.de\/?post_type=product&#038;p=989"},"modified":"2026-02-09T11:11:21","modified_gmt":"2026-02-09T10:11:21","slug":"deco-leatherette","status":"publish","type":"product","link":"https:\/\/ccs-fabricframe.de\/en\/product\/deco-leatherette\/","title":{"rendered":"Deco Leatherette"},"content":{"rendered":"<p>Bei unserem Deco Leatherette handelt es sich um ein veganes Lederimitat, welches auf unserem hochmodernen Latexdrucker mit jeglichen Motiven und Designs bedruckt werden kann. Somit eignet es sich hervorragend f\u00fcr das individuelle Bespannen von Sitzm\u00f6beln, R\u00fcckw\u00e4nden uvm.<\/p>\n<p>Special features:<\/p>\n<ul>\n<li>Vegan Pleather<\/li>\n<li>Fine and soft surface feel<\/li>\n<li>Durable \u2013 Martindale rating of over 30,000 cycles<\/li>\n<li>Abwischbar<\/li>\n<li>138 cm bedruckbare Bahnbreite<\/li>\n<li>Can be ordered blank<\/li>\n<\/ul>","protected":false},"excerpt":{"rendered":"<h3>Unique imitation leather for creative projects<\/h3>\n<ul>\n<li>Vegan Pleather<\/li>\n<li>Fine and soft surface feel<\/li>\n<li>Durable \u2013 Martindale rating of over 30,000 cycles<\/li>\n<li>Abwischbar<\/li>\n<li>138 cm bedruckbare Bahnbreite<\/li>\n<\/ul>\n<p><span style=\"color: #ff0000;\"><a style=\"color: #ff0000;\" href=\"https:\/\/ccs-fabricframe.de\/wp-content\/uploads\/2025\/09\/1016_Deco-Leatherette.pdf\" target=\"_blank\" rel=\"noopener\">Data sheet download &gt;<\/a><\/span><\/p>","protected":false},"featured_media":6338,"template":"","meta":[],"product_brand":[153],"product_cat":[88,102,101,104,99,103,92,148,100],"product_tag":[50,218],"class_list":{"0":"post-989","1":"product","2":"type-product","3":"status-publish","4":"has-post-thumbnail","6":"product_brand-fabric-indoor","7":"product_cat-aufsicht","8":"product_cat-hohlsaum","9":"product_cat-keder","10":"product_cat-klett-flausch","11":"product_cat-latexdruck","12":"product_cat-oesen","13":"product_cat-polyester","14":"product_cat-produkt-fabric","15":"product_cat-zuschnitt","16":"product_tag-blanko","17":"product_tag-special","19":"first","20":"instock","21":"shipping-taxable","22":"product-type-simple"},"yoast_head":"<!-- This site is optimized with the Yoast SEO plugin v27.3 - https:\/\/yoast.com\/product\/yoast-seo-wordpress\/ -->\n<title>Deco Leatherette - CCS Fabric Frame<\/title>\n<meta name=\"description\" content=\"Die Deco Leatherette ist ein veganes Lederimitat, welches auf dem Latexdrucker mit jeglichen Motiven und Designs bedruckt werden kann.\" \/>\n<meta name=\"robots\" content=\"index, follow, max-snippet:-1, max-image-preview:large, max-video-preview:-1\" \/>\n<link rel=\"canonical\" href=\"https:\/\/ccs-fabricframe.de\/en\/product\/deco-leatherette\/\" \/>\n<meta property=\"og:locale\" content=\"en_US\" \/>\n<meta property=\"og:type\" content=\"article\" \/>\n<meta property=\"og:title\" content=\"Deco Leatherette - CCS Fabric Frame\" \/>\n<meta property=\"og:description\" content=\"Die Deco Leatherette ist ein veganes Lederimitat, welches auf dem Latexdrucker mit jeglichen Motiven und Designs bedruckt werden kann.\" \/>\n<meta property=\"og:url\" content=\"https:\/\/ccs-fabricframe.de\/en\/product\/deco-leatherette\/\" \/>\n<meta property=\"og:site_name\" content=\"CCS Fabric Frame\" \/>\n<meta property=\"article:modified_time\" content=\"2026-02-09T10:11:21+00:00\" \/>\n<meta property=\"og:image\" content=\"https:\/\/ccs-fabricframe.de\/wp-content\/uploads\/2025\/08\/CCS_fabric_frame_produkt_fabric_deco_leatherette_1016.webp\" \/>\n\t<meta property=\"og:image:width\" content=\"1240\" \/>\n\t<meta property=\"og:image:height\" content=\"1754\" \/>\n\t<meta property=\"og:image:type\" content=\"image\/webp\" \/>\n<meta name=\"twitter:card\" content=\"summary_large_image\" \/>\n<meta name=\"twitter:label1\" content=\"Est. reading time\" \/>\n\t<meta name=\"twitter:data1\" content=\"1 minute\" \/>\n<script type=\"application\/ld+json\" class=\"yoast-schema-graph\">{\"@context\":\"https:\\\/\\\/schema.org\",\"@graph\":[{\"@type\":\"WebPage\",\"@id\":\"https:\\\/\\\/ccs-fabricframe.de\\\/produkt\\\/deco-leatherette\\\/\",\"url\":\"https:\\\/\\\/ccs-fabricframe.de\\\/produkt\\\/deco-leatherette\\\/\",\"name\":\"Deco Leatherette - CCS Fabric Frame\",\"isPartOf\":{\"@id\":\"https:\\\/\\\/ccs-fabricframe.de\\\/#website\"},\"primaryImageOfPage\":{\"@id\":\"https:\\\/\\\/ccs-fabricframe.de\\\/produkt\\\/deco-leatherette\\\/#primaryimage\"},\"image\":{\"@id\":\"https:\\\/\\\/ccs-fabricframe.de\\\/produkt\\\/deco-leatherette\\\/#primaryimage\"},\"thumbnailUrl\":\"https:\\\/\\\/ccs-fabricframe.de\\\/wp-content\\\/uploads\\\/2025\\\/08\\\/CCS_fabric_frame_produkt_fabric_deco_leatherette_1016.webp\",\"datePublished\":\"2025-08-20T10:39:34+00:00\",\"dateModified\":\"2026-02-09T10:11:21+00:00\",\"description\":\"Die Deco Leatherette ist ein veganes Lederimitat, welches auf dem Latexdrucker mit jeglichen Motiven und Designs bedruckt werden kann.\",\"breadcrumb\":{\"@id\":\"https:\\\/\\\/ccs-fabricframe.de\\\/produkt\\\/deco-leatherette\\\/#breadcrumb\"},\"inLanguage\":\"en-US\",\"potentialAction\":[{\"@type\":\"ReadAction\",\"target\":[\"https:\\\/\\\/ccs-fabricframe.de\\\/produkt\\\/deco-leatherette\\\/\"]}]},{\"@type\":\"ImageObject\",\"inLanguage\":\"en-US\",\"@id\":\"https:\\\/\\\/ccs-fabricframe.de\\\/produkt\\\/deco-leatherette\\\/#primaryimage\",\"url\":\"https:\\\/\\\/ccs-fabricframe.de\\\/wp-content\\\/uploads\\\/2025\\\/08\\\/CCS_fabric_frame_produkt_fabric_deco_leatherette_1016.webp\",\"contentUrl\":\"https:\\\/\\\/ccs-fabricframe.de\\\/wp-content\\\/uploads\\\/2025\\\/08\\\/CCS_fabric_frame_produkt_fabric_deco_leatherette_1016.webp\",\"width\":1240,\"height\":1754,\"caption\":\"Deco Leatherette 1016 Fabric\"},{\"@type\":\"BreadcrumbList\",\"@id\":\"https:\\\/\\\/ccs-fabricframe.de\\\/produkt\\\/deco-leatherette\\\/#breadcrumb\",\"itemListElement\":[{\"@type\":\"ListItem\",\"position\":1,\"name\":\"Startseite\",\"item\":\"https:\\\/\\\/ccs-fabricframe.de\\\/\"},{\"@type\":\"ListItem\",\"position\":2,\"name\":\"Produkte\",\"item\":\"https:\\\/\\\/ccs-fabricframe.de\\\/produkte\\\/\"},{\"@type\":\"ListItem\",\"position\":3,\"name\":\"Deco Leatherette\"}]},{\"@type\":\"WebSite\",\"@id\":\"https:\\\/\\\/ccs-fabricframe.de\\\/#website\",\"url\":\"https:\\\/\\\/ccs-fabricframe.de\\\/\",\"name\":\"CCS Fabric Frame\",\"description\":\"Print. Shape. Impress.\",\"publisher\":{\"@id\":\"https:\\\/\\\/ccs-fabricframe.de\\\/#organization\"},\"potentialAction\":[{\"@type\":\"SearchAction\",\"target\":{\"@type\":\"EntryPoint\",\"urlTemplate\":\"https:\\\/\\\/ccs-fabricframe.de\\\/?s={search_term_string}\"},\"query-input\":{\"@type\":\"PropertyValueSpecification\",\"valueRequired\":true,\"valueName\":\"search_term_string\"}}],\"inLanguage\":\"en-US\"},{\"@type\":\"Organization\",\"@id\":\"https:\\\/\\\/ccs-fabricframe.de\\\/#organization\",\"name\":\"CCS fabric frame\",\"alternateName\":\"CCS\",\"url\":\"https:\\\/\\\/ccs-fabricframe.de\\\/\",\"logo\":{\"@type\":\"ImageObject\",\"inLanguage\":\"en-US\",\"@id\":\"https:\\\/\\\/ccs-fabricframe.de\\\/#\\\/schema\\\/logo\\\/image\\\/\",\"url\":\"https:\\\/\\\/ccs-fabricframe.de\\\/wp-content\\\/uploads\\\/2025\\\/06\\\/Lg_CCS-Fabfra_RedBlack_rgb_EE2737-1E1E1E-1.svg\",\"contentUrl\":\"https:\\\/\\\/ccs-fabricframe.de\\\/wp-content\\\/uploads\\\/2025\\\/06\\\/Lg_CCS-Fabfra_RedBlack_rgb_EE2737-1E1E1E-1.svg\",\"width\":459,\"height\":255,\"caption\":\"CCS fabric frame\"},\"image\":{\"@id\":\"https:\\\/\\\/ccs-fabricframe.de\\\/#\\\/schema\\\/logo\\\/image\\\/\"},\"sameAs\":[\"https:\\\/\\\/www.instagram.com\\\/ccsfabricframe\\\/\",\"https:\\\/\\\/www.linkedin.com\\\/company\\\/ccs-fabricframe\\\/\"]}]}<\/script>\n<!-- \/ Yoast SEO plugin. -->","yoast_head_json":{"title":"Deco Leatherette - CCS Fabric Frame","description":"Deco Leatherette is a vegan imitation leather that can be printed with any motif or design using a latex printer.","robots":{"index":"index","follow":"follow","max-snippet":"max-snippet:-1","max-image-preview":"max-image-preview:large","max-video-preview":"max-video-preview:-1"},"canonical":"https:\/\/ccs-fabricframe.de\/en\/product\/deco-leatherette\/","og_locale":"en_US","og_type":"article","og_title":"Deco Leatherette - CCS Fabric Frame","og_description":"Die Deco Leatherette ist ein veganes Lederimitat, welches auf dem Latexdrucker mit jeglichen Motiven und Designs bedruckt werden kann.","og_url":"https:\/\/ccs-fabricframe.de\/en\/product\/deco-leatherette\/","og_site_name":"CCS Fabric Frame","article_modified_time":"2026-02-09T10:11:21+00:00","og_image":[{"width":1240,"height":1754,"url":"https:\/\/ccs-fabricframe.de\/wp-content\/uploads\/2025\/08\/CCS_fabric_frame_produkt_fabric_deco_leatherette_1016.webp","type":"image\/webp"}],"twitter_card":"summary_large_image","twitter_misc":{"Est. reading time":"1 minute"},"schema":{"@context":"https:\/\/schema.org","@graph":[{"@type":"WebPage","@id":"https:\/\/ccs-fabricframe.de\/produkt\/deco-leatherette\/","url":"https:\/\/ccs-fabricframe.de\/produkt\/deco-leatherette\/","name":"Deco Leatherette - CCS Fabric Frame","isPartOf":{"@id":"https:\/\/ccs-fabricframe.de\/#website"},"primaryImageOfPage":{"@id":"https:\/\/ccs-fabricframe.de\/produkt\/deco-leatherette\/#primaryimage"},"image":{"@id":"https:\/\/ccs-fabricframe.de\/produkt\/deco-leatherette\/#primaryimage"},"thumbnailUrl":"https:\/\/ccs-fabricframe.de\/wp-content\/uploads\/2025\/08\/CCS_fabric_frame_produkt_fabric_deco_leatherette_1016.webp","datePublished":"2025-08-20T10:39:34+00:00","dateModified":"2026-02-09T10:11:21+00:00","description":"Deco Leatherette is a vegan imitation leather that can be printed with any motif or design using a latex printer.","breadcrumb":{"@id":"https:\/\/ccs-fabricframe.de\/produkt\/deco-leatherette\/#breadcrumb"},"inLanguage":"en-US","potentialAction":[{"@type":"ReadAction","target":["https:\/\/ccs-fabricframe.de\/produkt\/deco-leatherette\/"]}]},{"@type":"ImageObject","inLanguage":"en-US","@id":"https:\/\/ccs-fabricframe.de\/produkt\/deco-leatherette\/#primaryimage","url":"https:\/\/ccs-fabricframe.de\/wp-content\/uploads\/2025\/08\/CCS_fabric_frame_produkt_fabric_deco_leatherette_1016.webp","contentUrl":"https:\/\/ccs-fabricframe.de\/wp-content\/uploads\/2025\/08\/CCS_fabric_frame_produkt_fabric_deco_leatherette_1016.webp","width":1240,"height":1754,"caption":"Deco Leatherette 1016 Fabric"},{"@type":"BreadcrumbList","@id":"https:\/\/ccs-fabricframe.de\/produkt\/deco-leatherette\/#breadcrumb","itemListElement":[{"@type":"ListItem","position":1,"name":"Startseite","item":"https:\/\/ccs-fabricframe.de\/"},{"@type":"ListItem","position":2,"name":"Produkte","item":"https:\/\/ccs-fabricframe.de\/produkte\/"},{"@type":"ListItem","position":3,"name":"Deco Leatherette"}]},{"@type":"WebSite","@id":"https:\/\/ccs-fabricframe.de\/#website","url":"https:\/\/ccs-fabricframe.de\/","name":"CCS Fabric Frame","description":"Print. Shape. Impress.","publisher":{"@id":"https:\/\/ccs-fabricframe.de\/#organization"},"potentialAction":[{"@type":"SearchAction","target":{"@type":"EntryPoint","urlTemplate":"https:\/\/ccs-fabricframe.de\/?s={search_term_string}"},"query-input":{"@type":"PropertyValueSpecification","valueRequired":true,"valueName":"search_term_string"}}],"inLanguage":"en-US"},{"@type":"Organization","@id":"https:\/\/ccs-fabricframe.de\/#organization","name":"CCS fabric frame","alternateName":"CCS","url":"https:\/\/ccs-fabricframe.de\/","logo":{"@type":"ImageObject","inLanguage":"en-US","@id":"https:\/\/ccs-fabricframe.de\/#\/schema\/logo\/image\/","url":"https:\/\/ccs-fabricframe.de\/wp-content\/uploads\/2025\/06\/Lg_CCS-Fabfra_RedBlack_rgb_EE2737-1E1E1E-1.svg","contentUrl":"https:\/\/ccs-fabricframe.de\/wp-content\/uploads\/2025\/06\/Lg_CCS-Fabfra_RedBlack_rgb_EE2737-1E1E1E-1.svg","width":459,"height":255,"caption":"CCS fabric frame"},"image":{"@id":"https:\/\/ccs-fabricframe.de\/#\/schema\/logo\/image\/"},"sameAs":["https:\/\/www.instagram.com\/ccsfabricframe\/","https:\/\/www.linkedin.com\/company\/ccs-fabricframe\/"]}]}},"_links":{"self":[{"href":"https:\/\/ccs-fabricframe.de\/en\/wp-json\/wp\/v2\/product\/989","targetHints":{"allow":["GET"]}}],"collection":[{"href":"https:\/\/ccs-fabricframe.de\/en\/wp-json\/wp\/v2\/product"}],"about":[{"href":"https:\/\/ccs-fabricframe.de\/en\/wp-json\/wp\/v2\/types\/product"}],"wp:featuredmedia":[{"embeddable":true,"href":"https:\/\/ccs-fabricframe.de\/en\/wp-json\/wp\/v2\/media\/6338"}],"wp:attachment":[{"href":"https:\/\/ccs-fabricframe.de\/en\/wp-json\/wp\/v2\/media?parent=989"}],"wp:term":[{"taxonomy":"product_brand","embeddable":true,"href":"https:\/\/ccs-fabricframe.de\/en\/wp-json\/wp\/v2\/product_brand?post=989"},{"taxonomy":"product_cat","embeddable":true,"href":"https:\/\/ccs-fabricframe.de\/en\/wp-json\/wp\/v2\/product_cat?post=989"},{"taxonomy":"product_tag","embeddable":true,"href":"https:\/\/ccs-fabricframe.de\/en\/wp-json\/wp\/v2\/product_tag?post=989"}],"curies":[{"name":"wp","href":"https:\/\/api.w.org\/{rel}","templated":true}]}}