{"id":872,"date":"2025-05-19T12:56:57","date_gmt":"2025-05-19T12:56:57","guid":{"rendered":"https:\/\/ccs-fabricframe.de\/?post_type=product&#038;p=872"},"modified":"2026-02-09T11:11:46","modified_gmt":"2026-02-09T10:11:46","slug":"easy-dot-transparent","status":"publish","type":"product","link":"https:\/\/ccs-fabricframe.de\/en\/product\/easy-dot-transparent\/","title":{"rendered":"Easy Dot Transparent"},"content":{"rendered":"<p>The special feature of the self-adhesive Easy Dot film is its special backing. This makes removing and reapplying the film without leaving any residue child's play. It is transparent and therefore suitable for sticking to glass surfaces, for example.<\/p>\n<p>Thanks to our high-quality latex printing, it can be decorated with any motif.<\/p>\n<p>Special features:<\/p>\n<ul>\n<li>self-adhesive<\/li>\n<li>Transparent<\/li>\n<li>Easy to glue down - bubble-free<\/li>\n<li>Removable without leaving residue<\/li>\n<li>Flame retardant according to DIN EN 13501<\/li>\n<li>158 cm printable fabric width<\/li>\n<\/ul>","protected":false},"excerpt":{"rendered":"<h3>Brilliant colors on a transparent base - easily attached, easily removed<\/h3>\n<ul>\n<li>self-adhesive<\/li>\n<li>Transparent<\/li>\n<li>Easy to glue down - bubble-free<\/li>\n<li>Removable without leaving residue<\/li>\n<li>158 cm printable fabric width<\/li>\n<li>Can be ordered blank<\/li>\n<\/ul>\n<p><span style=\"color: #ff0000;\"><a style=\"color: #ff0000;\" href=\"https:\/\/ccs-fabricframe.de\/wp-content\/uploads\/2025\/09\/1010_Easy-Dot-Transparent.pdf\" target=\"_blank\" rel=\"noopener\">Data sheet download &gt;<\/a><\/span><\/p>","protected":false},"featured_media":6344,"template":"","meta":[],"product_brand":[153,157],"product_cat":[88,90,99,148,100],"product_tag":[50,218,43,107],"class_list":{"0":"post-872","1":"product","2":"type-product","3":"status-publish","4":"has-post-thumbnail","6":"product_brand-fabric-indoor","7":"product_brand-selbstklebend","8":"product_cat-aufsicht","9":"product_cat-folie","10":"product_cat-latexdruck","11":"product_cat-produkt-fabric","12":"product_cat-zuschnitt","13":"product_tag-blanko","14":"product_tag-special","15":"product_tag-schwer-entflammbar","16":"product_tag-selbstklebend","18":"first","19":"instock","20":"shipping-taxable","21":"product-type-simple"},"yoast_head":"<!-- This site is optimized with the Yoast SEO plugin v27.3 - https:\/\/yoast.com\/product\/yoast-seo-wordpress\/ -->\n<title>Easy Dot Transparent - CCS Fabric Frame<\/title>\n<meta name=\"description\" content=\"Erfahre mehr \u00fcber die selbstklebende, transparente Easy Dot-Folie, die ein r\u00fcckstandsloses Entfernen und wieder Neuanbringen erm\u00f6glicht\" \/>\n<meta name=\"robots\" content=\"index, follow, max-snippet:-1, max-image-preview:large, max-video-preview:-1\" \/>\n<link rel=\"canonical\" href=\"https:\/\/ccs-fabricframe.de\/en\/product\/easy-dot-transparent\/\" \/>\n<meta property=\"og:locale\" content=\"en_US\" \/>\n<meta property=\"og:type\" content=\"article\" \/>\n<meta property=\"og:title\" content=\"Easy Dot Transparent - CCS Fabric Frame\" \/>\n<meta property=\"og:description\" content=\"Erfahre mehr \u00fcber die selbstklebende, transparente Easy Dot-Folie, die ein r\u00fcckstandsloses Entfernen und wieder Neuanbringen erm\u00f6glicht\" \/>\n<meta property=\"og:url\" content=\"https:\/\/ccs-fabricframe.de\/en\/product\/easy-dot-transparent\/\" \/>\n<meta property=\"og:site_name\" content=\"CCS Fabric Frame\" \/>\n<meta property=\"article:modified_time\" content=\"2026-02-09T10:11:46+00:00\" \/>\n<meta property=\"og:image\" content=\"https:\/\/ccs-fabricframe.de\/wp-content\/uploads\/2025\/05\/CCS_fabric_frame_produkt_fabric_easy_dot_transparent_1010.webp\" \/>\n\t<meta property=\"og:image:width\" content=\"1240\" \/>\n\t<meta property=\"og:image:height\" content=\"1754\" \/>\n\t<meta property=\"og:image:type\" content=\"image\/webp\" \/>\n<meta name=\"twitter:card\" content=\"summary_large_image\" \/>\n<meta name=\"twitter:label1\" content=\"Est. reading time\" \/>\n\t<meta name=\"twitter:data1\" content=\"1 minute\" \/>\n<script type=\"application\/ld+json\" class=\"yoast-schema-graph\">{\"@context\":\"https:\\\/\\\/schema.org\",\"@graph\":[{\"@type\":\"WebPage\",\"@id\":\"https:\\\/\\\/ccs-fabricframe.de\\\/produkt\\\/easy-dot-transparent\\\/\",\"url\":\"https:\\\/\\\/ccs-fabricframe.de\\\/produkt\\\/easy-dot-transparent\\\/\",\"name\":\"Easy Dot Transparent - CCS Fabric Frame\",\"isPartOf\":{\"@id\":\"https:\\\/\\\/ccs-fabricframe.de\\\/#website\"},\"primaryImageOfPage\":{\"@id\":\"https:\\\/\\\/ccs-fabricframe.de\\\/produkt\\\/easy-dot-transparent\\\/#primaryimage\"},\"image\":{\"@id\":\"https:\\\/\\\/ccs-fabricframe.de\\\/produkt\\\/easy-dot-transparent\\\/#primaryimage\"},\"thumbnailUrl\":\"https:\\\/\\\/ccs-fabricframe.de\\\/wp-content\\\/uploads\\\/2025\\\/05\\\/CCS_fabric_frame_produkt_fabric_easy_dot_transparent_1010.webp\",\"datePublished\":\"2025-05-19T12:56:57+00:00\",\"dateModified\":\"2026-02-09T10:11:46+00:00\",\"description\":\"Erfahre mehr \u00fcber die selbstklebende, transparente Easy Dot-Folie, die ein r\u00fcckstandsloses Entfernen und wieder Neuanbringen erm\u00f6glicht\",\"breadcrumb\":{\"@id\":\"https:\\\/\\\/ccs-fabricframe.de\\\/produkt\\\/easy-dot-transparent\\\/#breadcrumb\"},\"inLanguage\":\"en-US\",\"potentialAction\":[{\"@type\":\"ReadAction\",\"target\":[\"https:\\\/\\\/ccs-fabricframe.de\\\/produkt\\\/easy-dot-transparent\\\/\"]}]},{\"@type\":\"ImageObject\",\"inLanguage\":\"en-US\",\"@id\":\"https:\\\/\\\/ccs-fabricframe.de\\\/produkt\\\/easy-dot-transparent\\\/#primaryimage\",\"url\":\"https:\\\/\\\/ccs-fabricframe.de\\\/wp-content\\\/uploads\\\/2025\\\/05\\\/CCS_fabric_frame_produkt_fabric_easy_dot_transparent_1010.webp\",\"contentUrl\":\"https:\\\/\\\/ccs-fabricframe.de\\\/wp-content\\\/uploads\\\/2025\\\/05\\\/CCS_fabric_frame_produkt_fabric_easy_dot_transparent_1010.webp\",\"width\":1240,\"height\":1754,\"caption\":\"Easy Dot Transparent 1010 Fabric\"},{\"@type\":\"BreadcrumbList\",\"@id\":\"https:\\\/\\\/ccs-fabricframe.de\\\/produkt\\\/easy-dot-transparent\\\/#breadcrumb\",\"itemListElement\":[{\"@type\":\"ListItem\",\"position\":1,\"name\":\"Startseite\",\"item\":\"https:\\\/\\\/ccs-fabricframe.de\\\/\"},{\"@type\":\"ListItem\",\"position\":2,\"name\":\"Produkte\",\"item\":\"https:\\\/\\\/ccs-fabricframe.de\\\/produkte\\\/\"},{\"@type\":\"ListItem\",\"position\":3,\"name\":\"Easy Dot Transparent\"}]},{\"@type\":\"WebSite\",\"@id\":\"https:\\\/\\\/ccs-fabricframe.de\\\/#website\",\"url\":\"https:\\\/\\\/ccs-fabricframe.de\\\/\",\"name\":\"CCS Fabric Frame\",\"description\":\"Print. Shape. Impress.\",\"publisher\":{\"@id\":\"https:\\\/\\\/ccs-fabricframe.de\\\/#organization\"},\"potentialAction\":[{\"@type\":\"SearchAction\",\"target\":{\"@type\":\"EntryPoint\",\"urlTemplate\":\"https:\\\/\\\/ccs-fabricframe.de\\\/?s={search_term_string}\"},\"query-input\":{\"@type\":\"PropertyValueSpecification\",\"valueRequired\":true,\"valueName\":\"search_term_string\"}}],\"inLanguage\":\"en-US\"},{\"@type\":\"Organization\",\"@id\":\"https:\\\/\\\/ccs-fabricframe.de\\\/#organization\",\"name\":\"CCS fabric frame\",\"alternateName\":\"CCS\",\"url\":\"https:\\\/\\\/ccs-fabricframe.de\\\/\",\"logo\":{\"@type\":\"ImageObject\",\"inLanguage\":\"en-US\",\"@id\":\"https:\\\/\\\/ccs-fabricframe.de\\\/#\\\/schema\\\/logo\\\/image\\\/\",\"url\":\"https:\\\/\\\/ccs-fabricframe.de\\\/wp-content\\\/uploads\\\/2025\\\/06\\\/Lg_CCS-Fabfra_RedBlack_rgb_EE2737-1E1E1E-1.svg\",\"contentUrl\":\"https:\\\/\\\/ccs-fabricframe.de\\\/wp-content\\\/uploads\\\/2025\\\/06\\\/Lg_CCS-Fabfra_RedBlack_rgb_EE2737-1E1E1E-1.svg\",\"width\":459,\"height\":255,\"caption\":\"CCS fabric frame\"},\"image\":{\"@id\":\"https:\\\/\\\/ccs-fabricframe.de\\\/#\\\/schema\\\/logo\\\/image\\\/\"},\"sameAs\":[\"https:\\\/\\\/www.instagram.com\\\/ccsfabricframe\\\/\",\"https:\\\/\\\/www.linkedin.com\\\/company\\\/ccs-fabricframe\\\/\"]}]}<\/script>\n<!-- \/ Yoast SEO plugin. -->","yoast_head_json":{"title":"Easy Dot Transparent - CCS Fabric Frame","description":"Learn more about the self-adhesive, transparent Easy Dot film, which can be removed and reapplied without leaving any residue.","robots":{"index":"index","follow":"follow","max-snippet":"max-snippet:-1","max-image-preview":"max-image-preview:large","max-video-preview":"max-video-preview:-1"},"canonical":"https:\/\/ccs-fabricframe.de\/en\/product\/easy-dot-transparent\/","og_locale":"en_US","og_type":"article","og_title":"Easy Dot Transparent - CCS Fabric Frame","og_description":"Erfahre mehr \u00fcber die selbstklebende, transparente Easy Dot-Folie, die ein r\u00fcckstandsloses Entfernen und wieder Neuanbringen erm\u00f6glicht","og_url":"https:\/\/ccs-fabricframe.de\/en\/product\/easy-dot-transparent\/","og_site_name":"CCS Fabric Frame","article_modified_time":"2026-02-09T10:11:46+00:00","og_image":[{"width":1240,"height":1754,"url":"https:\/\/ccs-fabricframe.de\/wp-content\/uploads\/2025\/05\/CCS_fabric_frame_produkt_fabric_easy_dot_transparent_1010.webp","type":"image\/webp"}],"twitter_card":"summary_large_image","twitter_misc":{"Est. reading time":"1 minute"},"schema":{"@context":"https:\/\/schema.org","@graph":[{"@type":"WebPage","@id":"https:\/\/ccs-fabricframe.de\/produkt\/easy-dot-transparent\/","url":"https:\/\/ccs-fabricframe.de\/produkt\/easy-dot-transparent\/","name":"Easy Dot Transparent - CCS Fabric Frame","isPartOf":{"@id":"https:\/\/ccs-fabricframe.de\/#website"},"primaryImageOfPage":{"@id":"https:\/\/ccs-fabricframe.de\/produkt\/easy-dot-transparent\/#primaryimage"},"image":{"@id":"https:\/\/ccs-fabricframe.de\/produkt\/easy-dot-transparent\/#primaryimage"},"thumbnailUrl":"https:\/\/ccs-fabricframe.de\/wp-content\/uploads\/2025\/05\/CCS_fabric_frame_produkt_fabric_easy_dot_transparent_1010.webp","datePublished":"2025-05-19T12:56:57+00:00","dateModified":"2026-02-09T10:11:46+00:00","description":"Learn more about the self-adhesive, transparent Easy Dot film, which can be removed and reapplied without leaving any residue.","breadcrumb":{"@id":"https:\/\/ccs-fabricframe.de\/produkt\/easy-dot-transparent\/#breadcrumb"},"inLanguage":"en-US","potentialAction":[{"@type":"ReadAction","target":["https:\/\/ccs-fabricframe.de\/produkt\/easy-dot-transparent\/"]}]},{"@type":"ImageObject","inLanguage":"en-US","@id":"https:\/\/ccs-fabricframe.de\/produkt\/easy-dot-transparent\/#primaryimage","url":"https:\/\/ccs-fabricframe.de\/wp-content\/uploads\/2025\/05\/CCS_fabric_frame_produkt_fabric_easy_dot_transparent_1010.webp","contentUrl":"https:\/\/ccs-fabricframe.de\/wp-content\/uploads\/2025\/05\/CCS_fabric_frame_produkt_fabric_easy_dot_transparent_1010.webp","width":1240,"height":1754,"caption":"Easy Dot Transparent 1010 Fabric"},{"@type":"BreadcrumbList","@id":"https:\/\/ccs-fabricframe.de\/produkt\/easy-dot-transparent\/#breadcrumb","itemListElement":[{"@type":"ListItem","position":1,"name":"Startseite","item":"https:\/\/ccs-fabricframe.de\/"},{"@type":"ListItem","position":2,"name":"Produkte","item":"https:\/\/ccs-fabricframe.de\/produkte\/"},{"@type":"ListItem","position":3,"name":"Easy Dot Transparent"}]},{"@type":"WebSite","@id":"https:\/\/ccs-fabricframe.de\/#website","url":"https:\/\/ccs-fabricframe.de\/","name":"CCS Fabric Frame","description":"Print. Shape. Impress.","publisher":{"@id":"https:\/\/ccs-fabricframe.de\/#organization"},"potentialAction":[{"@type":"SearchAction","target":{"@type":"EntryPoint","urlTemplate":"https:\/\/ccs-fabricframe.de\/?s={search_term_string}"},"query-input":{"@type":"PropertyValueSpecification","valueRequired":true,"valueName":"search_term_string"}}],"inLanguage":"en-US"},{"@type":"Organization","@id":"https:\/\/ccs-fabricframe.de\/#organization","name":"CCS fabric frame","alternateName":"CCS","url":"https:\/\/ccs-fabricframe.de\/","logo":{"@type":"ImageObject","inLanguage":"en-US","@id":"https:\/\/ccs-fabricframe.de\/#\/schema\/logo\/image\/","url":"https:\/\/ccs-fabricframe.de\/wp-content\/uploads\/2025\/06\/Lg_CCS-Fabfra_RedBlack_rgb_EE2737-1E1E1E-1.svg","contentUrl":"https:\/\/ccs-fabricframe.de\/wp-content\/uploads\/2025\/06\/Lg_CCS-Fabfra_RedBlack_rgb_EE2737-1E1E1E-1.svg","width":459,"height":255,"caption":"CCS fabric frame"},"image":{"@id":"https:\/\/ccs-fabricframe.de\/#\/schema\/logo\/image\/"},"sameAs":["https:\/\/www.instagram.com\/ccsfabricframe\/","https:\/\/www.linkedin.com\/company\/ccs-fabricframe\/"]}]}},"_links":{"self":[{"href":"https:\/\/ccs-fabricframe.de\/en\/wp-json\/wp\/v2\/product\/872","targetHints":{"allow":["GET"]}}],"collection":[{"href":"https:\/\/ccs-fabricframe.de\/en\/wp-json\/wp\/v2\/product"}],"about":[{"href":"https:\/\/ccs-fabricframe.de\/en\/wp-json\/wp\/v2\/types\/product"}],"wp:featuredmedia":[{"embeddable":true,"href":"https:\/\/ccs-fabricframe.de\/en\/wp-json\/wp\/v2\/media\/6344"}],"wp:attachment":[{"href":"https:\/\/ccs-fabricframe.de\/en\/wp-json\/wp\/v2\/media?parent=872"}],"wp:term":[{"taxonomy":"product_brand","embeddable":true,"href":"https:\/\/ccs-fabricframe.de\/en\/wp-json\/wp\/v2\/product_brand?post=872"},{"taxonomy":"product_cat","embeddable":true,"href":"https:\/\/ccs-fabricframe.de\/en\/wp-json\/wp\/v2\/product_cat?post=872"},{"taxonomy":"product_tag","embeddable":true,"href":"https:\/\/ccs-fabricframe.de\/en\/wp-json\/wp\/v2\/product_tag?post=872"}],"curies":[{"name":"wp","href":"https:\/\/api.w.org\/{rel}","templated":true}]}}