{"id":6887,"date":"2025-11-20T11:07:33","date_gmt":"2025-11-20T10:07:33","guid":{"rendered":"https:\/\/ccs-fabricframe.de\/?post_type=product&#038;p=6887"},"modified":"2025-11-26T13:55:03","modified_gmt":"2025-11-26T12:55:03","slug":"led-deckensegel","status":"publish","type":"product","link":"https:\/\/ccs-fabricframe.de\/en\/product\/led-deckensegel\/","title":{"rendered":"LED Deckensegel"},"content":{"rendered":"<p>Unser LED Deckensegel sorgt unauff\u00e4llig und platzsparend f\u00fcr die perfekte Ausleuchtung am Arbeitsplatz, POS oder im Showroom. Hochwertige vollfl\u00e4chig verlegte LEDs hinter einem Diffusertuch sorgen f\u00fcr eine helle, gleichm\u00e4\u00dfige Ausleuchtung von oben. Einzelne Lichtspots oder unregelm\u00e4\u00dfige Reflektionen werden dadurch vermieden. Dank Smart-Home- und App-Steuerung kann die Helligkeit beliebig gedimmt werden.<\/p>\n<p>Durch die dezente Anbringung an der Decke wird die Funktionalit\u00e4t optimal in den Raum integriert, ohne das Design zu beeintr\u00e4chtigen. Die Kombination aus Lichtwirkung, Textildruck und Textilspannrahmen macht das Deckensegel zu einer hochwertigen Wahl f\u00fcr Interior Design, Raumgestaltung und den Ladenbau.<\/p>","protected":false},"excerpt":{"rendered":"<h3>Perfekt gleichm\u00e4\u00dfige Ausleuchtung mit dem LED Deckensegel<\/h3>\n<ul>\n<li>Homogeneous illumination with high-quality LEDs<\/li>\n<li>Controllable with App and Smart Home Devices<\/li>\n<li>Dimmable<\/li>\n<li>Mounting included<\/li>\n<li>For offices, stores and more<\/li>\n<\/ul>","protected":false},"featured_media":6897,"template":"","meta":[],"product_brand":[136],"product_cat":[190,89,191,101,21,147,23,26,144,24,98],"product_tag":[63],"class_list":{"0":"post-6887","1":"product","2":"type-product","3":"status-publish","4":"has-post-thumbnail","6":"product_brand-led-frame","7":"product_cat-healthcare","8":"product_cat-hinterleuchtet","9":"product_cat-hospitality","10":"product_cat-keder","11":"product_cat-light-frame","12":"product_cat-led-frame","13":"product_cat-messebau","14":"product_cat-interior","15":"product_cat-produkt","16":"product_cat-retail-ladenbau","17":"product_cat-sublimation","18":"product_tag-decke","20":"first","21":"instock","22":"shipping-taxable","23":"product-type-simple"},"yoast_head":"<!-- This site is optimized with the Yoast SEO plugin v27.3 - https:\/\/yoast.com\/product\/yoast-seo-wordpress\/ -->\n<title>LED Deckensegel - CCS Fabric Frame<\/title>\n<meta name=\"description\" content=\"Perfekte Ausleuchtung \u00fcber euren K\u00f6pfen: Mit dem LED Deckensegel schafft ihr angenehm weiches, gleichm\u00e4\u00dfiges Licht in euren R\u00e4umen.\" \/>\n<meta name=\"robots\" content=\"index, follow, max-snippet:-1, max-image-preview:large, max-video-preview:-1\" \/>\n<link rel=\"canonical\" href=\"https:\/\/ccs-fabricframe.de\/en\/product\/led-deckensegel\/\" \/>\n<meta property=\"og:locale\" content=\"en_US\" \/>\n<meta property=\"og:type\" content=\"article\" \/>\n<meta property=\"og:title\" content=\"LED Deckensegel - CCS Fabric Frame\" \/>\n<meta property=\"og:description\" content=\"Perfekte Ausleuchtung \u00fcber euren K\u00f6pfen: Mit dem LED Deckensegel schafft ihr angenehm weiches, gleichm\u00e4\u00dfiges Licht in euren R\u00e4umen.\" \/>\n<meta property=\"og:url\" content=\"https:\/\/ccs-fabricframe.de\/en\/product\/led-deckensegel\/\" \/>\n<meta property=\"og:site_name\" content=\"CCS Fabric Frame\" \/>\n<meta property=\"article:modified_time\" content=\"2025-11-26T12:55:03+00:00\" \/>\n<meta property=\"og:image\" content=\"https:\/\/ccs-fabricframe.de\/wp-content\/uploads\/2025\/11\/CCS_fabric_frame_produkt_LED_Deckensegel_03a.webp\" \/>\n\t<meta property=\"og:image:width\" content=\"800\" \/>\n\t<meta property=\"og:image:height\" content=\"800\" \/>\n\t<meta property=\"og:image:type\" content=\"image\/webp\" \/>\n<meta name=\"twitter:card\" content=\"summary_large_image\" \/>\n<meta name=\"twitter:label1\" content=\"Est. reading time\" \/>\n\t<meta name=\"twitter:data1\" content=\"1 minute\" \/>\n<script type=\"application\/ld+json\" class=\"yoast-schema-graph\">{\"@context\":\"https:\\\/\\\/schema.org\",\"@graph\":[{\"@type\":\"WebPage\",\"@id\":\"https:\\\/\\\/ccs-fabricframe.de\\\/produkt\\\/led-deckensegel\\\/\",\"url\":\"https:\\\/\\\/ccs-fabricframe.de\\\/produkt\\\/led-deckensegel\\\/\",\"name\":\"LED Deckensegel - CCS Fabric Frame\",\"isPartOf\":{\"@id\":\"https:\\\/\\\/ccs-fabricframe.de\\\/#website\"},\"primaryImageOfPage\":{\"@id\":\"https:\\\/\\\/ccs-fabricframe.de\\\/produkt\\\/led-deckensegel\\\/#primaryimage\"},\"image\":{\"@id\":\"https:\\\/\\\/ccs-fabricframe.de\\\/produkt\\\/led-deckensegel\\\/#primaryimage\"},\"thumbnailUrl\":\"https:\\\/\\\/ccs-fabricframe.de\\\/wp-content\\\/uploads\\\/2025\\\/11\\\/CCS_fabric_frame_produkt_LED_Deckensegel_03a.webp\",\"datePublished\":\"2025-11-20T10:07:33+00:00\",\"dateModified\":\"2025-11-26T12:55:03+00:00\",\"description\":\"Perfekte Ausleuchtung \u00fcber euren K\u00f6pfen: Mit dem LED Deckensegel schafft ihr angenehm weiches, gleichm\u00e4\u00dfiges Licht in euren R\u00e4umen.\",\"breadcrumb\":{\"@id\":\"https:\\\/\\\/ccs-fabricframe.de\\\/produkt\\\/led-deckensegel\\\/#breadcrumb\"},\"inLanguage\":\"en-US\",\"potentialAction\":[{\"@type\":\"ReadAction\",\"target\":[\"https:\\\/\\\/ccs-fabricframe.de\\\/produkt\\\/led-deckensegel\\\/\"]}]},{\"@type\":\"ImageObject\",\"inLanguage\":\"en-US\",\"@id\":\"https:\\\/\\\/ccs-fabricframe.de\\\/produkt\\\/led-deckensegel\\\/#primaryimage\",\"url\":\"https:\\\/\\\/ccs-fabricframe.de\\\/wp-content\\\/uploads\\\/2025\\\/11\\\/CCS_fabric_frame_produkt_LED_Deckensegel_03a.webp\",\"contentUrl\":\"https:\\\/\\\/ccs-fabricframe.de\\\/wp-content\\\/uploads\\\/2025\\\/11\\\/CCS_fabric_frame_produkt_LED_Deckensegel_03a.webp\",\"width\":800,\"height\":800,\"caption\":\"Beleuchtetes Deckensegel in einem B\u00fcroflur\"},{\"@type\":\"BreadcrumbList\",\"@id\":\"https:\\\/\\\/ccs-fabricframe.de\\\/produkt\\\/led-deckensegel\\\/#breadcrumb\",\"itemListElement\":[{\"@type\":\"ListItem\",\"position\":1,\"name\":\"Startseite\",\"item\":\"https:\\\/\\\/ccs-fabricframe.de\\\/\"},{\"@type\":\"ListItem\",\"position\":2,\"name\":\"Produkte\",\"item\":\"https:\\\/\\\/ccs-fabricframe.de\\\/produkte\\\/\"},{\"@type\":\"ListItem\",\"position\":3,\"name\":\"LED Deckensegel\"}]},{\"@type\":\"WebSite\",\"@id\":\"https:\\\/\\\/ccs-fabricframe.de\\\/#website\",\"url\":\"https:\\\/\\\/ccs-fabricframe.de\\\/\",\"name\":\"CCS Fabric Frame\",\"description\":\"Print. Shape. Impress.\",\"publisher\":{\"@id\":\"https:\\\/\\\/ccs-fabricframe.de\\\/#organization\"},\"potentialAction\":[{\"@type\":\"SearchAction\",\"target\":{\"@type\":\"EntryPoint\",\"urlTemplate\":\"https:\\\/\\\/ccs-fabricframe.de\\\/?s={search_term_string}\"},\"query-input\":{\"@type\":\"PropertyValueSpecification\",\"valueRequired\":true,\"valueName\":\"search_term_string\"}}],\"inLanguage\":\"en-US\"},{\"@type\":\"Organization\",\"@id\":\"https:\\\/\\\/ccs-fabricframe.de\\\/#organization\",\"name\":\"CCS fabric frame\",\"alternateName\":\"CCS\",\"url\":\"https:\\\/\\\/ccs-fabricframe.de\\\/\",\"logo\":{\"@type\":\"ImageObject\",\"inLanguage\":\"en-US\",\"@id\":\"https:\\\/\\\/ccs-fabricframe.de\\\/#\\\/schema\\\/logo\\\/image\\\/\",\"url\":\"https:\\\/\\\/ccs-fabricframe.de\\\/wp-content\\\/uploads\\\/2025\\\/06\\\/Lg_CCS-Fabfra_RedBlack_rgb_EE2737-1E1E1E-1.svg\",\"contentUrl\":\"https:\\\/\\\/ccs-fabricframe.de\\\/wp-content\\\/uploads\\\/2025\\\/06\\\/Lg_CCS-Fabfra_RedBlack_rgb_EE2737-1E1E1E-1.svg\",\"width\":459,\"height\":255,\"caption\":\"CCS fabric frame\"},\"image\":{\"@id\":\"https:\\\/\\\/ccs-fabricframe.de\\\/#\\\/schema\\\/logo\\\/image\\\/\"},\"sameAs\":[\"https:\\\/\\\/www.instagram.com\\\/ccsfabricframe\\\/\",\"https:\\\/\\\/www.linkedin.com\\\/company\\\/ccs-fabricframe\\\/\"]}]}<\/script>\n<!-- \/ Yoast SEO plugin. -->","yoast_head_json":{"title":"LED Deckensegel - CCS Fabric Frame","description":"Perfekte Ausleuchtung \u00fcber euren K\u00f6pfen: Mit dem LED Deckensegel schafft ihr angenehm weiches, gleichm\u00e4\u00dfiges Licht in euren R\u00e4umen.","robots":{"index":"index","follow":"follow","max-snippet":"max-snippet:-1","max-image-preview":"max-image-preview:large","max-video-preview":"max-video-preview:-1"},"canonical":"https:\/\/ccs-fabricframe.de\/en\/product\/led-deckensegel\/","og_locale":"en_US","og_type":"article","og_title":"LED Deckensegel - CCS Fabric Frame","og_description":"Perfekte Ausleuchtung \u00fcber euren K\u00f6pfen: Mit dem LED Deckensegel schafft ihr angenehm weiches, gleichm\u00e4\u00dfiges Licht in euren R\u00e4umen.","og_url":"https:\/\/ccs-fabricframe.de\/en\/product\/led-deckensegel\/","og_site_name":"CCS Fabric Frame","article_modified_time":"2025-11-26T12:55:03+00:00","og_image":[{"width":800,"height":800,"url":"https:\/\/ccs-fabricframe.de\/wp-content\/uploads\/2025\/11\/CCS_fabric_frame_produkt_LED_Deckensegel_03a.webp","type":"image\/webp"}],"twitter_card":"summary_large_image","twitter_misc":{"Est. reading time":"1 minute"},"schema":{"@context":"https:\/\/schema.org","@graph":[{"@type":"WebPage","@id":"https:\/\/ccs-fabricframe.de\/produkt\/led-deckensegel\/","url":"https:\/\/ccs-fabricframe.de\/produkt\/led-deckensegel\/","name":"LED Deckensegel - CCS Fabric Frame","isPartOf":{"@id":"https:\/\/ccs-fabricframe.de\/#website"},"primaryImageOfPage":{"@id":"https:\/\/ccs-fabricframe.de\/produkt\/led-deckensegel\/#primaryimage"},"image":{"@id":"https:\/\/ccs-fabricframe.de\/produkt\/led-deckensegel\/#primaryimage"},"thumbnailUrl":"https:\/\/ccs-fabricframe.de\/wp-content\/uploads\/2025\/11\/CCS_fabric_frame_produkt_LED_Deckensegel_03a.webp","datePublished":"2025-11-20T10:07:33+00:00","dateModified":"2025-11-26T12:55:03+00:00","description":"Perfekte Ausleuchtung \u00fcber euren K\u00f6pfen: Mit dem LED Deckensegel schafft ihr angenehm weiches, gleichm\u00e4\u00dfiges Licht in euren R\u00e4umen.","breadcrumb":{"@id":"https:\/\/ccs-fabricframe.de\/produkt\/led-deckensegel\/#breadcrumb"},"inLanguage":"en-US","potentialAction":[{"@type":"ReadAction","target":["https:\/\/ccs-fabricframe.de\/produkt\/led-deckensegel\/"]}]},{"@type":"ImageObject","inLanguage":"en-US","@id":"https:\/\/ccs-fabricframe.de\/produkt\/led-deckensegel\/#primaryimage","url":"https:\/\/ccs-fabricframe.de\/wp-content\/uploads\/2025\/11\/CCS_fabric_frame_produkt_LED_Deckensegel_03a.webp","contentUrl":"https:\/\/ccs-fabricframe.de\/wp-content\/uploads\/2025\/11\/CCS_fabric_frame_produkt_LED_Deckensegel_03a.webp","width":800,"height":800,"caption":"Beleuchtetes Deckensegel in einem B\u00fcroflur"},{"@type":"BreadcrumbList","@id":"https:\/\/ccs-fabricframe.de\/produkt\/led-deckensegel\/#breadcrumb","itemListElement":[{"@type":"ListItem","position":1,"name":"Startseite","item":"https:\/\/ccs-fabricframe.de\/"},{"@type":"ListItem","position":2,"name":"Produkte","item":"https:\/\/ccs-fabricframe.de\/produkte\/"},{"@type":"ListItem","position":3,"name":"LED Deckensegel"}]},{"@type":"WebSite","@id":"https:\/\/ccs-fabricframe.de\/#website","url":"https:\/\/ccs-fabricframe.de\/","name":"CCS Fabric Frame","description":"Print. Shape. Impress.","publisher":{"@id":"https:\/\/ccs-fabricframe.de\/#organization"},"potentialAction":[{"@type":"SearchAction","target":{"@type":"EntryPoint","urlTemplate":"https:\/\/ccs-fabricframe.de\/?s={search_term_string}"},"query-input":{"@type":"PropertyValueSpecification","valueRequired":true,"valueName":"search_term_string"}}],"inLanguage":"en-US"},{"@type":"Organization","@id":"https:\/\/ccs-fabricframe.de\/#organization","name":"CCS fabric frame","alternateName":"CCS","url":"https:\/\/ccs-fabricframe.de\/","logo":{"@type":"ImageObject","inLanguage":"en-US","@id":"https:\/\/ccs-fabricframe.de\/#\/schema\/logo\/image\/","url":"https:\/\/ccs-fabricframe.de\/wp-content\/uploads\/2025\/06\/Lg_CCS-Fabfra_RedBlack_rgb_EE2737-1E1E1E-1.svg","contentUrl":"https:\/\/ccs-fabricframe.de\/wp-content\/uploads\/2025\/06\/Lg_CCS-Fabfra_RedBlack_rgb_EE2737-1E1E1E-1.svg","width":459,"height":255,"caption":"CCS fabric frame"},"image":{"@id":"https:\/\/ccs-fabricframe.de\/#\/schema\/logo\/image\/"},"sameAs":["https:\/\/www.instagram.com\/ccsfabricframe\/","https:\/\/www.linkedin.com\/company\/ccs-fabricframe\/"]}]}},"_links":{"self":[{"href":"https:\/\/ccs-fabricframe.de\/en\/wp-json\/wp\/v2\/product\/6887","targetHints":{"allow":["GET"]}}],"collection":[{"href":"https:\/\/ccs-fabricframe.de\/en\/wp-json\/wp\/v2\/product"}],"about":[{"href":"https:\/\/ccs-fabricframe.de\/en\/wp-json\/wp\/v2\/types\/product"}],"wp:featuredmedia":[{"embeddable":true,"href":"https:\/\/ccs-fabricframe.de\/en\/wp-json\/wp\/v2\/media\/6897"}],"wp:attachment":[{"href":"https:\/\/ccs-fabricframe.de\/en\/wp-json\/wp\/v2\/media?parent=6887"}],"wp:term":[{"taxonomy":"product_brand","embeddable":true,"href":"https:\/\/ccs-fabricframe.de\/en\/wp-json\/wp\/v2\/product_brand?post=6887"},{"taxonomy":"product_cat","embeddable":true,"href":"https:\/\/ccs-fabricframe.de\/en\/wp-json\/wp\/v2\/product_cat?post=6887"},{"taxonomy":"product_tag","embeddable":true,"href":"https:\/\/ccs-fabricframe.de\/en\/wp-json\/wp\/v2\/product_tag?post=6887"}],"curies":[{"name":"wp","href":"https:\/\/api.w.org\/{rel}","templated":true}]}}