{"id":6874,"date":"2025-11-06T10:50:31","date_gmt":"2025-11-06T09:50:31","guid":{"rendered":"https:\/\/ccs-fabricframe.de\/?post_type=product&#038;p=6874"},"modified":"2026-04-02T14:53:17","modified_gmt":"2026-04-02T12:53:17","slug":"raumtrenner-office-allrounder","status":"publish","type":"product","link":"https:\/\/ccs-fabricframe.de\/en\/product\/raumtrenner-office-allrounder\/","title":{"rendered":"Raumtrenner Office Allrounder"},"content":{"rendered":"<p class=\"p1\"><span class=\"s1\">Mobil, mit Akusitkschaum und hochwertigem Whiteboard: Dieser Raumtrenner l\u00e4sst keine Meeting-W\u00fcnsche offen. Mit den individuellen Motiven ist er dazu noch ein absoluter Hingucker!<\/span><\/p>\n<p>Thanks to interchangeable textiles and robust construction, the room divider is suitable for versatile use in interior design. In combination with high-quality textile printing, it offers a durable, modern solution for dynamic room concepts.<\/p>","protected":false},"excerpt":{"rendered":"<h3>Das All-In Zoning Paket<\/h3>\n<ul>\n<li>Easily exchangeable designs<\/li>\n<li>Covered on both sides<\/li>\n<li>Free Standing<\/li>\n<li>Mobile with permanently mounted casters<\/li>\n<\/ul>","protected":false},"featured_media":6873,"template":"","meta":[],"product_brand":[142,143],"product_cat":[145,88,19,146,190,191,101,26,144,98],"product_tag":[31,214],"class_list":{"0":"post-6874","1":"product","2":"type-product","3":"status-publish","4":"has-post-thumbnail","6":"product_brand-acoustic-frame","7":"product_brand-classic-frame","8":"product_cat-acoustic-frame-produkt","9":"product_cat-aufsicht","10":"product_cat-classic-frame","11":"product_cat-classic-frame-produkt","12":"product_cat-healthcare","13":"product_cat-hospitality","14":"product_cat-keder","15":"product_cat-interior","16":"product_cat-produkt","17":"product_cat-sublimation","18":"product_tag-akustik","19":"product_tag-rollend","21":"first","22":"instock","23":"shipping-taxable","24":"product-type-simple"},"yoast_head":"<!-- This site is optimized with the Yoast SEO plugin v27.3 - https:\/\/yoast.com\/product\/yoast-seo-wordpress\/ -->\n<title>Raumtrenner Office Allrounder - CCS Fabric Frame<\/title>\n<meta name=\"description\" content=\"Unser mobile Raumtrenner ist die ideale L\u00f6sung f\u00fcr flexible Raumgestaltung: Dank fest montierter Rollen, l\u00e4sst er sich leicht bewegen und neu positionieren.\" \/>\n<meta name=\"robots\" content=\"index, follow, max-snippet:-1, max-image-preview:large, max-video-preview:-1\" \/>\n<link rel=\"canonical\" href=\"https:\/\/ccs-fabricframe.de\/en\/product\/raumtrenner-office-allrounder\/\" \/>\n<meta property=\"og:locale\" content=\"en_US\" \/>\n<meta property=\"og:type\" content=\"article\" \/>\n<meta property=\"og:title\" content=\"Raumtrenner Office Allrounder - CCS Fabric Frame\" \/>\n<meta property=\"og:description\" content=\"Unser mobile Raumtrenner ist die ideale L\u00f6sung f\u00fcr flexible Raumgestaltung: Dank fest montierter Rollen, l\u00e4sst er sich leicht bewegen und neu positionieren.\" \/>\n<meta property=\"og:url\" content=\"https:\/\/ccs-fabricframe.de\/en\/product\/raumtrenner-office-allrounder\/\" \/>\n<meta property=\"og:site_name\" content=\"CCS Fabric Frame\" \/>\n<meta property=\"article:modified_time\" content=\"2026-04-02T12:53:17+00:00\" \/>\n<meta property=\"og:image\" content=\"https:\/\/ccs-fabricframe.de\/wp-content\/uploads\/2025\/11\/CCS_fabric_frame_raumtrenner_all_in_deluxe_edition_04.webp\" \/>\n\t<meta property=\"og:image:width\" content=\"800\" \/>\n\t<meta property=\"og:image:height\" content=\"800\" \/>\n\t<meta property=\"og:image:type\" content=\"image\/webp\" \/>\n<meta name=\"twitter:card\" content=\"summary_large_image\" \/>\n<meta name=\"twitter:label1\" content=\"Est. reading time\" \/>\n\t<meta name=\"twitter:data1\" content=\"1 minute\" \/>\n<script type=\"application\/ld+json\" class=\"yoast-schema-graph\">{\"@context\":\"https:\\\/\\\/schema.org\",\"@graph\":[{\"@type\":\"WebPage\",\"@id\":\"https:\\\/\\\/ccs-fabricframe.de\\\/produkt\\\/raumtrenner-office-allrounder\\\/\",\"url\":\"https:\\\/\\\/ccs-fabricframe.de\\\/produkt\\\/raumtrenner-office-allrounder\\\/\",\"name\":\"Raumtrenner Office Allrounder - CCS Fabric Frame\",\"isPartOf\":{\"@id\":\"https:\\\/\\\/ccs-fabricframe.de\\\/#website\"},\"primaryImageOfPage\":{\"@id\":\"https:\\\/\\\/ccs-fabricframe.de\\\/produkt\\\/raumtrenner-office-allrounder\\\/#primaryimage\"},\"image\":{\"@id\":\"https:\\\/\\\/ccs-fabricframe.de\\\/produkt\\\/raumtrenner-office-allrounder\\\/#primaryimage\"},\"thumbnailUrl\":\"https:\\\/\\\/ccs-fabricframe.de\\\/wp-content\\\/uploads\\\/2025\\\/11\\\/CCS_fabric_frame_raumtrenner_all_in_deluxe_edition_04.webp\",\"datePublished\":\"2025-11-06T09:50:31+00:00\",\"dateModified\":\"2026-04-02T12:53:17+00:00\",\"description\":\"Unser mobile Raumtrenner ist die ideale L\u00f6sung f\u00fcr flexible Raumgestaltung: Dank fest montierter Rollen, l\u00e4sst er sich leicht bewegen und neu positionieren.\",\"breadcrumb\":{\"@id\":\"https:\\\/\\\/ccs-fabricframe.de\\\/produkt\\\/raumtrenner-office-allrounder\\\/#breadcrumb\"},\"inLanguage\":\"en-US\",\"potentialAction\":[{\"@type\":\"ReadAction\",\"target\":[\"https:\\\/\\\/ccs-fabricframe.de\\\/produkt\\\/raumtrenner-office-allrounder\\\/\"]}]},{\"@type\":\"ImageObject\",\"inLanguage\":\"en-US\",\"@id\":\"https:\\\/\\\/ccs-fabricframe.de\\\/produkt\\\/raumtrenner-office-allrounder\\\/#primaryimage\",\"url\":\"https:\\\/\\\/ccs-fabricframe.de\\\/wp-content\\\/uploads\\\/2025\\\/11\\\/CCS_fabric_frame_raumtrenner_all_in_deluxe_edition_04.webp\",\"contentUrl\":\"https:\\\/\\\/ccs-fabricframe.de\\\/wp-content\\\/uploads\\\/2025\\\/11\\\/CCS_fabric_frame_raumtrenner_all_in_deluxe_edition_04.webp\",\"width\":800,\"height\":800},{\"@type\":\"BreadcrumbList\",\"@id\":\"https:\\\/\\\/ccs-fabricframe.de\\\/produkt\\\/raumtrenner-office-allrounder\\\/#breadcrumb\",\"itemListElement\":[{\"@type\":\"ListItem\",\"position\":1,\"name\":\"Startseite\",\"item\":\"https:\\\/\\\/ccs-fabricframe.de\\\/\"},{\"@type\":\"ListItem\",\"position\":2,\"name\":\"Produkte\",\"item\":\"https:\\\/\\\/ccs-fabricframe.de\\\/produkte\\\/\"},{\"@type\":\"ListItem\",\"position\":3,\"name\":\"Raumtrenner Office Allrounder\"}]},{\"@type\":\"WebSite\",\"@id\":\"https:\\\/\\\/ccs-fabricframe.de\\\/#website\",\"url\":\"https:\\\/\\\/ccs-fabricframe.de\\\/\",\"name\":\"CCS Fabric Frame\",\"description\":\"Print. Shape. Impress.\",\"publisher\":{\"@id\":\"https:\\\/\\\/ccs-fabricframe.de\\\/#organization\"},\"potentialAction\":[{\"@type\":\"SearchAction\",\"target\":{\"@type\":\"EntryPoint\",\"urlTemplate\":\"https:\\\/\\\/ccs-fabricframe.de\\\/?s={search_term_string}\"},\"query-input\":{\"@type\":\"PropertyValueSpecification\",\"valueRequired\":true,\"valueName\":\"search_term_string\"}}],\"inLanguage\":\"en-US\"},{\"@type\":\"Organization\",\"@id\":\"https:\\\/\\\/ccs-fabricframe.de\\\/#organization\",\"name\":\"CCS fabric frame\",\"alternateName\":\"CCS\",\"url\":\"https:\\\/\\\/ccs-fabricframe.de\\\/\",\"logo\":{\"@type\":\"ImageObject\",\"inLanguage\":\"en-US\",\"@id\":\"https:\\\/\\\/ccs-fabricframe.de\\\/#\\\/schema\\\/logo\\\/image\\\/\",\"url\":\"https:\\\/\\\/ccs-fabricframe.de\\\/wp-content\\\/uploads\\\/2025\\\/06\\\/Lg_CCS-Fabfra_RedBlack_rgb_EE2737-1E1E1E-1.svg\",\"contentUrl\":\"https:\\\/\\\/ccs-fabricframe.de\\\/wp-content\\\/uploads\\\/2025\\\/06\\\/Lg_CCS-Fabfra_RedBlack_rgb_EE2737-1E1E1E-1.svg\",\"width\":459,\"height\":255,\"caption\":\"CCS fabric frame\"},\"image\":{\"@id\":\"https:\\\/\\\/ccs-fabricframe.de\\\/#\\\/schema\\\/logo\\\/image\\\/\"},\"sameAs\":[\"https:\\\/\\\/www.instagram.com\\\/ccsfabricframe\\\/\",\"https:\\\/\\\/www.linkedin.com\\\/company\\\/ccs-fabricframe\\\/\"]}]}<\/script>\n<!-- \/ Yoast SEO plugin. -->","yoast_head_json":{"title":"Raumtrenner Office Allrounder - CCS Fabric Frame","description":"Our mobile room divider is the ideal solution for flexible room design: thanks to permanently mounted casters, it can be easily moved and repositioned.","robots":{"index":"index","follow":"follow","max-snippet":"max-snippet:-1","max-image-preview":"max-image-preview:large","max-video-preview":"max-video-preview:-1"},"canonical":"https:\/\/ccs-fabricframe.de\/en\/product\/raumtrenner-office-allrounder\/","og_locale":"en_US","og_type":"article","og_title":"Raumtrenner Office Allrounder - CCS Fabric Frame","og_description":"Unser mobile Raumtrenner ist die ideale L\u00f6sung f\u00fcr flexible Raumgestaltung: Dank fest montierter Rollen, l\u00e4sst er sich leicht bewegen und neu positionieren.","og_url":"https:\/\/ccs-fabricframe.de\/en\/product\/raumtrenner-office-allrounder\/","og_site_name":"CCS Fabric Frame","article_modified_time":"2026-04-02T12:53:17+00:00","og_image":[{"width":800,"height":800,"url":"https:\/\/ccs-fabricframe.de\/wp-content\/uploads\/2025\/11\/CCS_fabric_frame_raumtrenner_all_in_deluxe_edition_04.webp","type":"image\/webp"}],"twitter_card":"summary_large_image","twitter_misc":{"Est. reading time":"1 minute"},"schema":{"@context":"https:\/\/schema.org","@graph":[{"@type":"WebPage","@id":"https:\/\/ccs-fabricframe.de\/produkt\/raumtrenner-office-allrounder\/","url":"https:\/\/ccs-fabricframe.de\/produkt\/raumtrenner-office-allrounder\/","name":"Raumtrenner Office Allrounder - CCS Fabric Frame","isPartOf":{"@id":"https:\/\/ccs-fabricframe.de\/#website"},"primaryImageOfPage":{"@id":"https:\/\/ccs-fabricframe.de\/produkt\/raumtrenner-office-allrounder\/#primaryimage"},"image":{"@id":"https:\/\/ccs-fabricframe.de\/produkt\/raumtrenner-office-allrounder\/#primaryimage"},"thumbnailUrl":"https:\/\/ccs-fabricframe.de\/wp-content\/uploads\/2025\/11\/CCS_fabric_frame_raumtrenner_all_in_deluxe_edition_04.webp","datePublished":"2025-11-06T09:50:31+00:00","dateModified":"2026-04-02T12:53:17+00:00","description":"Our mobile room divider is the ideal solution for flexible room design: thanks to permanently mounted casters, it can be easily moved and repositioned.","breadcrumb":{"@id":"https:\/\/ccs-fabricframe.de\/produkt\/raumtrenner-office-allrounder\/#breadcrumb"},"inLanguage":"en-US","potentialAction":[{"@type":"ReadAction","target":["https:\/\/ccs-fabricframe.de\/produkt\/raumtrenner-office-allrounder\/"]}]},{"@type":"ImageObject","inLanguage":"en-US","@id":"https:\/\/ccs-fabricframe.de\/produkt\/raumtrenner-office-allrounder\/#primaryimage","url":"https:\/\/ccs-fabricframe.de\/wp-content\/uploads\/2025\/11\/CCS_fabric_frame_raumtrenner_all_in_deluxe_edition_04.webp","contentUrl":"https:\/\/ccs-fabricframe.de\/wp-content\/uploads\/2025\/11\/CCS_fabric_frame_raumtrenner_all_in_deluxe_edition_04.webp","width":800,"height":800},{"@type":"BreadcrumbList","@id":"https:\/\/ccs-fabricframe.de\/produkt\/raumtrenner-office-allrounder\/#breadcrumb","itemListElement":[{"@type":"ListItem","position":1,"name":"Startseite","item":"https:\/\/ccs-fabricframe.de\/"},{"@type":"ListItem","position":2,"name":"Produkte","item":"https:\/\/ccs-fabricframe.de\/produkte\/"},{"@type":"ListItem","position":3,"name":"Raumtrenner Office Allrounder"}]},{"@type":"WebSite","@id":"https:\/\/ccs-fabricframe.de\/#website","url":"https:\/\/ccs-fabricframe.de\/","name":"CCS Fabric Frame","description":"Print. Shape. Impress.","publisher":{"@id":"https:\/\/ccs-fabricframe.de\/#organization"},"potentialAction":[{"@type":"SearchAction","target":{"@type":"EntryPoint","urlTemplate":"https:\/\/ccs-fabricframe.de\/?s={search_term_string}"},"query-input":{"@type":"PropertyValueSpecification","valueRequired":true,"valueName":"search_term_string"}}],"inLanguage":"en-US"},{"@type":"Organization","@id":"https:\/\/ccs-fabricframe.de\/#organization","name":"CCS fabric frame","alternateName":"CCS","url":"https:\/\/ccs-fabricframe.de\/","logo":{"@type":"ImageObject","inLanguage":"en-US","@id":"https:\/\/ccs-fabricframe.de\/#\/schema\/logo\/image\/","url":"https:\/\/ccs-fabricframe.de\/wp-content\/uploads\/2025\/06\/Lg_CCS-Fabfra_RedBlack_rgb_EE2737-1E1E1E-1.svg","contentUrl":"https:\/\/ccs-fabricframe.de\/wp-content\/uploads\/2025\/06\/Lg_CCS-Fabfra_RedBlack_rgb_EE2737-1E1E1E-1.svg","width":459,"height":255,"caption":"CCS fabric frame"},"image":{"@id":"https:\/\/ccs-fabricframe.de\/#\/schema\/logo\/image\/"},"sameAs":["https:\/\/www.instagram.com\/ccsfabricframe\/","https:\/\/www.linkedin.com\/company\/ccs-fabricframe\/"]}]}},"_links":{"self":[{"href":"https:\/\/ccs-fabricframe.de\/en\/wp-json\/wp\/v2\/product\/6874","targetHints":{"allow":["GET"]}}],"collection":[{"href":"https:\/\/ccs-fabricframe.de\/en\/wp-json\/wp\/v2\/product"}],"about":[{"href":"https:\/\/ccs-fabricframe.de\/en\/wp-json\/wp\/v2\/types\/product"}],"wp:featuredmedia":[{"embeddable":true,"href":"https:\/\/ccs-fabricframe.de\/en\/wp-json\/wp\/v2\/media\/6873"}],"wp:attachment":[{"href":"https:\/\/ccs-fabricframe.de\/en\/wp-json\/wp\/v2\/media?parent=6874"}],"wp:term":[{"taxonomy":"product_brand","embeddable":true,"href":"https:\/\/ccs-fabricframe.de\/en\/wp-json\/wp\/v2\/product_brand?post=6874"},{"taxonomy":"product_cat","embeddable":true,"href":"https:\/\/ccs-fabricframe.de\/en\/wp-json\/wp\/v2\/product_cat?post=6874"},{"taxonomy":"product_tag","embeddable":true,"href":"https:\/\/ccs-fabricframe.de\/en\/wp-json\/wp\/v2\/product_tag?post=6874"}],"curies":[{"name":"wp","href":"https:\/\/api.w.org\/{rel}","templated":true}]}}