{"id":6058,"date":"2025-10-08T10:40:45","date_gmt":"2025-10-08T08:40:45","guid":{"rendered":"https:\/\/ccs-fabricframe.de\/?post_type=product&#038;p=6058"},"modified":"2025-11-24T15:12:54","modified_gmt":"2025-11-24T14:12:54","slug":"wegeleitsystem-info-point","status":"publish","type":"product","link":"https:\/\/ccs-fabricframe.de\/en\/product\/wegeleitsystem-info-point\/","title":{"rendered":"Wayfinding System \/ Info Point"},"content":{"rendered":"<p>The guidance system is a convincing, flexible information and orientation element\u2014even at night. High-quality LEDs illuminate motifs evenly, ensuring that information and brand messages remain clearly visible.<\/p>\n<p>With interchangeable and washable textiles, the system can be easily adapted to any corporate identity. The signage system provides an elegant solution for interior design and retail, combining functionality and branding and adapting perfectly to your needs.<\/p>","protected":false},"excerpt":{"rendered":"<h3>Guiding the way even at night<\/h3>\n<ul>\n<li>Homogeneous illumination with high-quality LEDs<\/li>\n<li>Versatile use<\/li>\n<li>Exchangeable design for CI adaptations<\/li>\n<li>Washable Designs<\/li>\n<\/ul>","protected":false},"featured_media":6506,"template":"","meta":[],"product_brand":[143,136],"product_cat":[146,25,190,89,191,101,21,147,23,26,144,24,98],"product_tag":[213],"class_list":{"0":"post-6058","1":"product","2":"type-product","3":"status-publish","4":"has-post-thumbnail","6":"product_brand-classic-frame","7":"product_brand-led-frame","8":"product_cat-classic-frame-produkt","9":"product_cat-event","10":"product_cat-healthcare","11":"product_cat-hinterleuchtet","12":"product_cat-hospitality","13":"product_cat-keder","14":"product_cat-light-frame","15":"product_cat-led-frame","16":"product_cat-messebau","17":"product_cat-interior","18":"product_cat-produkt","19":"product_cat-retail-ladenbau","20":"product_cat-sublimation","21":"product_tag-stehend","23":"first","24":"instock","25":"shipping-taxable","26":"product-type-simple"},"yoast_head":"<!-- This site is optimized with the Yoast SEO plugin v27.3 - https:\/\/yoast.com\/product\/yoast-seo-wordpress\/ -->\n<title>Wegeleitsystem \/ Info Point - CCS Fabric Frame<\/title>\n<meta name=\"description\" content=\"Das Wegeleitsystem \u00fcberzeugt als flexibles Informations- und Orientierungselement \u2013 hochwertige LEDs leuchten Motive gleichm\u00e4\u00dfig aus.\" \/>\n<meta name=\"robots\" content=\"index, follow, max-snippet:-1, max-image-preview:large, max-video-preview:-1\" \/>\n<link rel=\"canonical\" href=\"https:\/\/ccs-fabricframe.de\/en\/product\/wegeleitsystem-info-point\/\" \/>\n<meta property=\"og:locale\" content=\"en_US\" \/>\n<meta property=\"og:type\" content=\"article\" \/>\n<meta property=\"og:title\" content=\"Wegeleitsystem \/ Info Point - CCS Fabric Frame\" \/>\n<meta property=\"og:description\" content=\"Das Wegeleitsystem \u00fcberzeugt als flexibles Informations- und Orientierungselement \u2013 hochwertige LEDs leuchten Motive gleichm\u00e4\u00dfig aus.\" \/>\n<meta property=\"og:url\" content=\"https:\/\/ccs-fabricframe.de\/en\/product\/wegeleitsystem-info-point\/\" \/>\n<meta property=\"og:site_name\" content=\"CCS Fabric Frame\" \/>\n<meta property=\"article:modified_time\" content=\"2025-11-24T14:12:54+00:00\" \/>\n<meta property=\"og:image\" content=\"https:\/\/ccs-fabricframe.de\/wp-content\/uploads\/2025\/08\/CCS_fabric_frame_produkt_Wegeleitsystem_Infopoint_02a.webp\" \/>\n\t<meta property=\"og:image:width\" content=\"800\" \/>\n\t<meta property=\"og:image:height\" content=\"800\" \/>\n\t<meta property=\"og:image:type\" content=\"image\/webp\" \/>\n<meta name=\"twitter:card\" content=\"summary_large_image\" \/>\n<meta name=\"twitter:label1\" content=\"Est. reading time\" \/>\n\t<meta name=\"twitter:data1\" content=\"1 minute\" \/>\n<script type=\"application\/ld+json\" class=\"yoast-schema-graph\">{\"@context\":\"https:\\\/\\\/schema.org\",\"@graph\":[{\"@type\":\"WebPage\",\"@id\":\"https:\\\/\\\/ccs-fabricframe.de\\\/produkt\\\/wegeleitsystem-info-point\\\/\",\"url\":\"https:\\\/\\\/ccs-fabricframe.de\\\/produkt\\\/wegeleitsystem-info-point\\\/\",\"name\":\"Wegeleitsystem \\\/ Info Point - CCS Fabric Frame\",\"isPartOf\":{\"@id\":\"https:\\\/\\\/ccs-fabricframe.de\\\/#website\"},\"primaryImageOfPage\":{\"@id\":\"https:\\\/\\\/ccs-fabricframe.de\\\/produkt\\\/wegeleitsystem-info-point\\\/#primaryimage\"},\"image\":{\"@id\":\"https:\\\/\\\/ccs-fabricframe.de\\\/produkt\\\/wegeleitsystem-info-point\\\/#primaryimage\"},\"thumbnailUrl\":\"https:\\\/\\\/ccs-fabricframe.de\\\/wp-content\\\/uploads\\\/2025\\\/08\\\/CCS_fabric_frame_produkt_Wegeleitsystem_Infopoint_02a.webp\",\"datePublished\":\"2025-10-08T08:40:45+00:00\",\"dateModified\":\"2025-11-24T14:12:54+00:00\",\"description\":\"Das Wegeleitsystem \u00fcberzeugt als flexibles Informations- und Orientierungselement \u2013 hochwertige LEDs leuchten Motive gleichm\u00e4\u00dfig aus.\",\"breadcrumb\":{\"@id\":\"https:\\\/\\\/ccs-fabricframe.de\\\/produkt\\\/wegeleitsystem-info-point\\\/#breadcrumb\"},\"inLanguage\":\"en-US\",\"potentialAction\":[{\"@type\":\"ReadAction\",\"target\":[\"https:\\\/\\\/ccs-fabricframe.de\\\/produkt\\\/wegeleitsystem-info-point\\\/\"]}]},{\"@type\":\"ImageObject\",\"inLanguage\":\"en-US\",\"@id\":\"https:\\\/\\\/ccs-fabricframe.de\\\/produkt\\\/wegeleitsystem-info-point\\\/#primaryimage\",\"url\":\"https:\\\/\\\/ccs-fabricframe.de\\\/wp-content\\\/uploads\\\/2025\\\/08\\\/CCS_fabric_frame_produkt_Wegeleitsystem_Infopoint_02a.webp\",\"contentUrl\":\"https:\\\/\\\/ccs-fabricframe.de\\\/wp-content\\\/uploads\\\/2025\\\/08\\\/CCS_fabric_frame_produkt_Wegeleitsystem_Infopoint_02a.webp\",\"width\":800,\"height\":800,\"caption\":\"Textilspannrahmen mit Wegeleitsytem f\u00fcr ein B\u00fcrogeb\u00e4ude neben arbeitenden Menschen\"},{\"@type\":\"BreadcrumbList\",\"@id\":\"https:\\\/\\\/ccs-fabricframe.de\\\/produkt\\\/wegeleitsystem-info-point\\\/#breadcrumb\",\"itemListElement\":[{\"@type\":\"ListItem\",\"position\":1,\"name\":\"Startseite\",\"item\":\"https:\\\/\\\/ccs-fabricframe.de\\\/\"},{\"@type\":\"ListItem\",\"position\":2,\"name\":\"Produkte\",\"item\":\"https:\\\/\\\/ccs-fabricframe.de\\\/produkte\\\/\"},{\"@type\":\"ListItem\",\"position\":3,\"name\":\"Wegeleitsystem \\\/ Info Point\"}]},{\"@type\":\"WebSite\",\"@id\":\"https:\\\/\\\/ccs-fabricframe.de\\\/#website\",\"url\":\"https:\\\/\\\/ccs-fabricframe.de\\\/\",\"name\":\"CCS Fabric Frame\",\"description\":\"Print. Shape. Impress.\",\"publisher\":{\"@id\":\"https:\\\/\\\/ccs-fabricframe.de\\\/#organization\"},\"potentialAction\":[{\"@type\":\"SearchAction\",\"target\":{\"@type\":\"EntryPoint\",\"urlTemplate\":\"https:\\\/\\\/ccs-fabricframe.de\\\/?s={search_term_string}\"},\"query-input\":{\"@type\":\"PropertyValueSpecification\",\"valueRequired\":true,\"valueName\":\"search_term_string\"}}],\"inLanguage\":\"en-US\"},{\"@type\":\"Organization\",\"@id\":\"https:\\\/\\\/ccs-fabricframe.de\\\/#organization\",\"name\":\"CCS fabric frame\",\"alternateName\":\"CCS\",\"url\":\"https:\\\/\\\/ccs-fabricframe.de\\\/\",\"logo\":{\"@type\":\"ImageObject\",\"inLanguage\":\"en-US\",\"@id\":\"https:\\\/\\\/ccs-fabricframe.de\\\/#\\\/schema\\\/logo\\\/image\\\/\",\"url\":\"https:\\\/\\\/ccs-fabricframe.de\\\/wp-content\\\/uploads\\\/2025\\\/06\\\/Lg_CCS-Fabfra_RedBlack_rgb_EE2737-1E1E1E-1.svg\",\"contentUrl\":\"https:\\\/\\\/ccs-fabricframe.de\\\/wp-content\\\/uploads\\\/2025\\\/06\\\/Lg_CCS-Fabfra_RedBlack_rgb_EE2737-1E1E1E-1.svg\",\"width\":459,\"height\":255,\"caption\":\"CCS fabric frame\"},\"image\":{\"@id\":\"https:\\\/\\\/ccs-fabricframe.de\\\/#\\\/schema\\\/logo\\\/image\\\/\"},\"sameAs\":[\"https:\\\/\\\/www.instagram.com\\\/ccsfabricframe\\\/\",\"https:\\\/\\\/www.linkedin.com\\\/company\\\/ccs-fabricframe\\\/\"]}]}<\/script>\n<!-- \/ Yoast SEO plugin. -->","yoast_head_json":{"title":"Wayfinding System \/ Info Point - CCS Fabric Frame","description":"The guidance system is an impressive, flexible information and orientation element\u2014high-quality LEDs illuminate motifs evenly.","robots":{"index":"index","follow":"follow","max-snippet":"max-snippet:-1","max-image-preview":"max-image-preview:large","max-video-preview":"max-video-preview:-1"},"canonical":"https:\/\/ccs-fabricframe.de\/en\/product\/wegeleitsystem-info-point\/","og_locale":"en_US","og_type":"article","og_title":"Wegeleitsystem \/ Info Point - CCS Fabric Frame","og_description":"Das Wegeleitsystem \u00fcberzeugt als flexibles Informations- und Orientierungselement \u2013 hochwertige LEDs leuchten Motive gleichm\u00e4\u00dfig aus.","og_url":"https:\/\/ccs-fabricframe.de\/en\/product\/wegeleitsystem-info-point\/","og_site_name":"CCS Fabric Frame","article_modified_time":"2025-11-24T14:12:54+00:00","og_image":[{"width":800,"height":800,"url":"https:\/\/ccs-fabricframe.de\/wp-content\/uploads\/2025\/08\/CCS_fabric_frame_produkt_Wegeleitsystem_Infopoint_02a.webp","type":"image\/webp"}],"twitter_card":"summary_large_image","twitter_misc":{"Est. reading time":"1 minute"},"schema":{"@context":"https:\/\/schema.org","@graph":[{"@type":"WebPage","@id":"https:\/\/ccs-fabricframe.de\/produkt\/wegeleitsystem-info-point\/","url":"https:\/\/ccs-fabricframe.de\/produkt\/wegeleitsystem-info-point\/","name":"Wayfinding System \/ Info Point - CCS Fabric Frame","isPartOf":{"@id":"https:\/\/ccs-fabricframe.de\/#website"},"primaryImageOfPage":{"@id":"https:\/\/ccs-fabricframe.de\/produkt\/wegeleitsystem-info-point\/#primaryimage"},"image":{"@id":"https:\/\/ccs-fabricframe.de\/produkt\/wegeleitsystem-info-point\/#primaryimage"},"thumbnailUrl":"https:\/\/ccs-fabricframe.de\/wp-content\/uploads\/2025\/08\/CCS_fabric_frame_produkt_Wegeleitsystem_Infopoint_02a.webp","datePublished":"2025-10-08T08:40:45+00:00","dateModified":"2025-11-24T14:12:54+00:00","description":"The guidance system is an impressive, flexible information and orientation element\u2014high-quality LEDs illuminate motifs evenly.","breadcrumb":{"@id":"https:\/\/ccs-fabricframe.de\/produkt\/wegeleitsystem-info-point\/#breadcrumb"},"inLanguage":"en-US","potentialAction":[{"@type":"ReadAction","target":["https:\/\/ccs-fabricframe.de\/produkt\/wegeleitsystem-info-point\/"]}]},{"@type":"ImageObject","inLanguage":"en-US","@id":"https:\/\/ccs-fabricframe.de\/produkt\/wegeleitsystem-info-point\/#primaryimage","url":"https:\/\/ccs-fabricframe.de\/wp-content\/uploads\/2025\/08\/CCS_fabric_frame_produkt_Wegeleitsystem_Infopoint_02a.webp","contentUrl":"https:\/\/ccs-fabricframe.de\/wp-content\/uploads\/2025\/08\/CCS_fabric_frame_produkt_Wegeleitsystem_Infopoint_02a.webp","width":800,"height":800,"caption":"Textilspannrahmen mit Wegeleitsytem f\u00fcr ein B\u00fcrogeb\u00e4ude neben arbeitenden Menschen"},{"@type":"BreadcrumbList","@id":"https:\/\/ccs-fabricframe.de\/produkt\/wegeleitsystem-info-point\/#breadcrumb","itemListElement":[{"@type":"ListItem","position":1,"name":"Startseite","item":"https:\/\/ccs-fabricframe.de\/"},{"@type":"ListItem","position":2,"name":"Produkte","item":"https:\/\/ccs-fabricframe.de\/produkte\/"},{"@type":"ListItem","position":3,"name":"Wegeleitsystem \/ Info Point"}]},{"@type":"WebSite","@id":"https:\/\/ccs-fabricframe.de\/#website","url":"https:\/\/ccs-fabricframe.de\/","name":"CCS Fabric Frame","description":"Print. Shape. Impress.","publisher":{"@id":"https:\/\/ccs-fabricframe.de\/#organization"},"potentialAction":[{"@type":"SearchAction","target":{"@type":"EntryPoint","urlTemplate":"https:\/\/ccs-fabricframe.de\/?s={search_term_string}"},"query-input":{"@type":"PropertyValueSpecification","valueRequired":true,"valueName":"search_term_string"}}],"inLanguage":"en-US"},{"@type":"Organization","@id":"https:\/\/ccs-fabricframe.de\/#organization","name":"CCS fabric frame","alternateName":"CCS","url":"https:\/\/ccs-fabricframe.de\/","logo":{"@type":"ImageObject","inLanguage":"en-US","@id":"https:\/\/ccs-fabricframe.de\/#\/schema\/logo\/image\/","url":"https:\/\/ccs-fabricframe.de\/wp-content\/uploads\/2025\/06\/Lg_CCS-Fabfra_RedBlack_rgb_EE2737-1E1E1E-1.svg","contentUrl":"https:\/\/ccs-fabricframe.de\/wp-content\/uploads\/2025\/06\/Lg_CCS-Fabfra_RedBlack_rgb_EE2737-1E1E1E-1.svg","width":459,"height":255,"caption":"CCS fabric frame"},"image":{"@id":"https:\/\/ccs-fabricframe.de\/#\/schema\/logo\/image\/"},"sameAs":["https:\/\/www.instagram.com\/ccsfabricframe\/","https:\/\/www.linkedin.com\/company\/ccs-fabricframe\/"]}]}},"_links":{"self":[{"href":"https:\/\/ccs-fabricframe.de\/en\/wp-json\/wp\/v2\/product\/6058","targetHints":{"allow":["GET"]}}],"collection":[{"href":"https:\/\/ccs-fabricframe.de\/en\/wp-json\/wp\/v2\/product"}],"about":[{"href":"https:\/\/ccs-fabricframe.de\/en\/wp-json\/wp\/v2\/types\/product"}],"wp:featuredmedia":[{"embeddable":true,"href":"https:\/\/ccs-fabricframe.de\/en\/wp-json\/wp\/v2\/media\/6506"}],"wp:attachment":[{"href":"https:\/\/ccs-fabricframe.de\/en\/wp-json\/wp\/v2\/media?parent=6058"}],"wp:term":[{"taxonomy":"product_brand","embeddable":true,"href":"https:\/\/ccs-fabricframe.de\/en\/wp-json\/wp\/v2\/product_brand?post=6058"},{"taxonomy":"product_cat","embeddable":true,"href":"https:\/\/ccs-fabricframe.de\/en\/wp-json\/wp\/v2\/product_cat?post=6058"},{"taxonomy":"product_tag","embeddable":true,"href":"https:\/\/ccs-fabricframe.de\/en\/wp-json\/wp\/v2\/product_tag?post=6058"}],"curies":[{"name":"wp","href":"https:\/\/api.w.org\/{rel}","templated":true}]}}