{"id":6049,"date":"2025-10-08T08:35:04","date_gmt":"2025-10-08T06:35:04","guid":{"rendered":"https:\/\/ccs-fabricframe.de\/?post_type=product&#038;p=6049"},"modified":"2026-04-02T14:56:41","modified_gmt":"2026-04-02T12:56:41","slug":"vollflaechige-wandbespannung","status":"publish","type":"product","link":"https:\/\/ccs-fabricframe.de\/en\/product\/vollflaechige-wandbespannung\/","title":{"rendered":"Full-surface wall covering"},"content":{"rendered":"<p>Full-surface wall coverings are a flexible alternative to traditional wallpaper. Individually printed textiles can be used to redesign rooms easily at any times.<br \/>\nYou can change your chosen design at any time if you tire of it, opening up unlimited creativity, while the optional addition of Basotect G+ acoustic foam ensures better room acoustics. In no time at all, you can create a modern interior design solution that combines function and aesthetics.<\/p>","protected":false},"excerpt":{"rendered":"<h3>The versatile alternative to traditional tapestry<\/h3>\n<ul>\n<li>Exchangeable design<\/li>\n<li>Upgradeable with Basotect G+ acoustic foam<\/li>\n<\/ul>","protected":false},"featured_media":6566,"template":"","meta":[],"product_brand":[142,143],"product_cat":[88,19,146,190,191,101,26,144,24,98],"product_tag":[31,215],"class_list":{"0":"post-6049","1":"product","2":"type-product","3":"status-publish","4":"has-post-thumbnail","6":"product_brand-acoustic-frame","7":"product_brand-classic-frame","8":"product_cat-aufsicht","9":"product_cat-classic-frame","10":"product_cat-classic-frame-produkt","11":"product_cat-healthcare","12":"product_cat-hospitality","13":"product_cat-keder","14":"product_cat-interior","15":"product_cat-produkt","16":"product_cat-retail-ladenbau","17":"product_cat-sublimation","18":"product_tag-akustik","19":"product_tag-wandmontiert","21":"first","22":"instock","23":"shipping-taxable","24":"product-type-simple"},"yoast_head":"<!-- This site is optimized with the Yoast SEO plugin v27.3 - https:\/\/yoast.com\/product\/yoast-seo-wordpress\/ -->\n<title>Vollfl\u00e4chige Wandbespannung - CCS Fabric Frame<\/title>\n<meta name=\"description\" content=\"Die vollfl\u00e4chige Wandbespannung ist die flexible Alternative zur klassischen Tapete. Mit individuell bedruckten Textilien lassen sich R\u00e4ume neu gestalten.\" \/>\n<meta name=\"robots\" content=\"index, follow, max-snippet:-1, max-image-preview:large, max-video-preview:-1\" \/>\n<link rel=\"canonical\" href=\"https:\/\/ccs-fabricframe.de\/en\/product\/vollflaechige-wandbespannung\/\" \/>\n<meta property=\"og:locale\" content=\"en_US\" \/>\n<meta property=\"og:type\" content=\"article\" \/>\n<meta property=\"og:title\" content=\"Vollfl\u00e4chige Wandbespannung - CCS Fabric Frame\" \/>\n<meta property=\"og:description\" content=\"Die vollfl\u00e4chige Wandbespannung ist die flexible Alternative zur klassischen Tapete. Mit individuell bedruckten Textilien lassen sich R\u00e4ume neu gestalten.\" \/>\n<meta property=\"og:url\" content=\"https:\/\/ccs-fabricframe.de\/en\/product\/vollflaechige-wandbespannung\/\" \/>\n<meta property=\"og:site_name\" content=\"CCS Fabric Frame\" \/>\n<meta property=\"article:modified_time\" content=\"2026-04-02T12:56:41+00:00\" \/>\n<meta property=\"og:image\" content=\"https:\/\/ccs-fabricframe.de\/wp-content\/uploads\/2025\/08\/CCS_fabric_frame_produkt_vollflaechige_wandbespannung_02a.webp\" \/>\n\t<meta property=\"og:image:width\" content=\"800\" \/>\n\t<meta property=\"og:image:height\" content=\"800\" \/>\n\t<meta property=\"og:image:type\" content=\"image\/webp\" \/>\n<meta name=\"twitter:card\" content=\"summary_large_image\" \/>\n<meta name=\"twitter:label1\" content=\"Est. reading time\" \/>\n\t<meta name=\"twitter:data1\" content=\"1 minute\" \/>\n<script type=\"application\/ld+json\" class=\"yoast-schema-graph\">{\"@context\":\"https:\\\/\\\/schema.org\",\"@graph\":[{\"@type\":\"WebPage\",\"@id\":\"https:\\\/\\\/ccs-fabricframe.de\\\/produkt\\\/vollflaechige-wandbespannung\\\/\",\"url\":\"https:\\\/\\\/ccs-fabricframe.de\\\/produkt\\\/vollflaechige-wandbespannung\\\/\",\"name\":\"Vollfl\u00e4chige Wandbespannung - CCS Fabric Frame\",\"isPartOf\":{\"@id\":\"https:\\\/\\\/ccs-fabricframe.de\\\/#website\"},\"primaryImageOfPage\":{\"@id\":\"https:\\\/\\\/ccs-fabricframe.de\\\/produkt\\\/vollflaechige-wandbespannung\\\/#primaryimage\"},\"image\":{\"@id\":\"https:\\\/\\\/ccs-fabricframe.de\\\/produkt\\\/vollflaechige-wandbespannung\\\/#primaryimage\"},\"thumbnailUrl\":\"https:\\\/\\\/ccs-fabricframe.de\\\/wp-content\\\/uploads\\\/2025\\\/08\\\/CCS_fabric_frame_produkt_vollflaechige_wandbespannung_02a.webp\",\"datePublished\":\"2025-10-08T06:35:04+00:00\",\"dateModified\":\"2026-04-02T12:56:41+00:00\",\"description\":\"Die vollfl\u00e4chige Wandbespannung ist die flexible Alternative zur klassischen Tapete. Mit individuell bedruckten Textilien lassen sich R\u00e4ume neu gestalten.\",\"breadcrumb\":{\"@id\":\"https:\\\/\\\/ccs-fabricframe.de\\\/produkt\\\/vollflaechige-wandbespannung\\\/#breadcrumb\"},\"inLanguage\":\"en-US\",\"potentialAction\":[{\"@type\":\"ReadAction\",\"target\":[\"https:\\\/\\\/ccs-fabricframe.de\\\/produkt\\\/vollflaechige-wandbespannung\\\/\"]}]},{\"@type\":\"ImageObject\",\"inLanguage\":\"en-US\",\"@id\":\"https:\\\/\\\/ccs-fabricframe.de\\\/produkt\\\/vollflaechige-wandbespannung\\\/#primaryimage\",\"url\":\"https:\\\/\\\/ccs-fabricframe.de\\\/wp-content\\\/uploads\\\/2025\\\/08\\\/CCS_fabric_frame_produkt_vollflaechige_wandbespannung_02a.webp\",\"contentUrl\":\"https:\\\/\\\/ccs-fabricframe.de\\\/wp-content\\\/uploads\\\/2025\\\/08\\\/CCS_fabric_frame_produkt_vollflaechige_wandbespannung_02a.webp\",\"width\":800,\"height\":800,\"caption\":\"Vollfl\u00e4chige Wandbespannung in einem B\u00fcrogeb\u00e4ude\"},{\"@type\":\"BreadcrumbList\",\"@id\":\"https:\\\/\\\/ccs-fabricframe.de\\\/produkt\\\/vollflaechige-wandbespannung\\\/#breadcrumb\",\"itemListElement\":[{\"@type\":\"ListItem\",\"position\":1,\"name\":\"Startseite\",\"item\":\"https:\\\/\\\/ccs-fabricframe.de\\\/\"},{\"@type\":\"ListItem\",\"position\":2,\"name\":\"Produkte\",\"item\":\"https:\\\/\\\/ccs-fabricframe.de\\\/produkte\\\/\"},{\"@type\":\"ListItem\",\"position\":3,\"name\":\"Vollfl\u00e4chige Wandbespannung\"}]},{\"@type\":\"WebSite\",\"@id\":\"https:\\\/\\\/ccs-fabricframe.de\\\/#website\",\"url\":\"https:\\\/\\\/ccs-fabricframe.de\\\/\",\"name\":\"CCS Fabric Frame\",\"description\":\"Print. Shape. Impress.\",\"publisher\":{\"@id\":\"https:\\\/\\\/ccs-fabricframe.de\\\/#organization\"},\"potentialAction\":[{\"@type\":\"SearchAction\",\"target\":{\"@type\":\"EntryPoint\",\"urlTemplate\":\"https:\\\/\\\/ccs-fabricframe.de\\\/?s={search_term_string}\"},\"query-input\":{\"@type\":\"PropertyValueSpecification\",\"valueRequired\":true,\"valueName\":\"search_term_string\"}}],\"inLanguage\":\"en-US\"},{\"@type\":\"Organization\",\"@id\":\"https:\\\/\\\/ccs-fabricframe.de\\\/#organization\",\"name\":\"CCS fabric frame\",\"alternateName\":\"CCS\",\"url\":\"https:\\\/\\\/ccs-fabricframe.de\\\/\",\"logo\":{\"@type\":\"ImageObject\",\"inLanguage\":\"en-US\",\"@id\":\"https:\\\/\\\/ccs-fabricframe.de\\\/#\\\/schema\\\/logo\\\/image\\\/\",\"url\":\"https:\\\/\\\/ccs-fabricframe.de\\\/wp-content\\\/uploads\\\/2025\\\/06\\\/Lg_CCS-Fabfra_RedBlack_rgb_EE2737-1E1E1E-1.svg\",\"contentUrl\":\"https:\\\/\\\/ccs-fabricframe.de\\\/wp-content\\\/uploads\\\/2025\\\/06\\\/Lg_CCS-Fabfra_RedBlack_rgb_EE2737-1E1E1E-1.svg\",\"width\":459,\"height\":255,\"caption\":\"CCS fabric frame\"},\"image\":{\"@id\":\"https:\\\/\\\/ccs-fabricframe.de\\\/#\\\/schema\\\/logo\\\/image\\\/\"},\"sameAs\":[\"https:\\\/\\\/www.instagram.com\\\/ccsfabricframe\\\/\",\"https:\\\/\\\/www.linkedin.com\\\/company\\\/ccs-fabricframe\\\/\"]}]}<\/script>\n<!-- \/ Yoast SEO plugin. -->","yoast_head_json":{"title":"Full-surface wall covering - CCS Fabric Frame","description":"Full-surface wall coverings are a flexible alternative to traditional wallpaper. Individually printed textiles can be used to redesign rooms.","robots":{"index":"index","follow":"follow","max-snippet":"max-snippet:-1","max-image-preview":"max-image-preview:large","max-video-preview":"max-video-preview:-1"},"canonical":"https:\/\/ccs-fabricframe.de\/en\/product\/vollflaechige-wandbespannung\/","og_locale":"en_US","og_type":"article","og_title":"Vollfl\u00e4chige Wandbespannung - CCS Fabric Frame","og_description":"Die vollfl\u00e4chige Wandbespannung ist die flexible Alternative zur klassischen Tapete. Mit individuell bedruckten Textilien lassen sich R\u00e4ume neu gestalten.","og_url":"https:\/\/ccs-fabricframe.de\/en\/product\/vollflaechige-wandbespannung\/","og_site_name":"CCS Fabric Frame","article_modified_time":"2026-04-02T12:56:41+00:00","og_image":[{"width":800,"height":800,"url":"https:\/\/ccs-fabricframe.de\/wp-content\/uploads\/2025\/08\/CCS_fabric_frame_produkt_vollflaechige_wandbespannung_02a.webp","type":"image\/webp"}],"twitter_card":"summary_large_image","twitter_misc":{"Est. reading time":"1 minute"},"schema":{"@context":"https:\/\/schema.org","@graph":[{"@type":"WebPage","@id":"https:\/\/ccs-fabricframe.de\/produkt\/vollflaechige-wandbespannung\/","url":"https:\/\/ccs-fabricframe.de\/produkt\/vollflaechige-wandbespannung\/","name":"Full-surface wall covering - CCS Fabric Frame","isPartOf":{"@id":"https:\/\/ccs-fabricframe.de\/#website"},"primaryImageOfPage":{"@id":"https:\/\/ccs-fabricframe.de\/produkt\/vollflaechige-wandbespannung\/#primaryimage"},"image":{"@id":"https:\/\/ccs-fabricframe.de\/produkt\/vollflaechige-wandbespannung\/#primaryimage"},"thumbnailUrl":"https:\/\/ccs-fabricframe.de\/wp-content\/uploads\/2025\/08\/CCS_fabric_frame_produkt_vollflaechige_wandbespannung_02a.webp","datePublished":"2025-10-08T06:35:04+00:00","dateModified":"2026-04-02T12:56:41+00:00","description":"Full-surface wall coverings are a flexible alternative to traditional wallpaper. Individually printed textiles can be used to redesign rooms.","breadcrumb":{"@id":"https:\/\/ccs-fabricframe.de\/produkt\/vollflaechige-wandbespannung\/#breadcrumb"},"inLanguage":"en-US","potentialAction":[{"@type":"ReadAction","target":["https:\/\/ccs-fabricframe.de\/produkt\/vollflaechige-wandbespannung\/"]}]},{"@type":"ImageObject","inLanguage":"en-US","@id":"https:\/\/ccs-fabricframe.de\/produkt\/vollflaechige-wandbespannung\/#primaryimage","url":"https:\/\/ccs-fabricframe.de\/wp-content\/uploads\/2025\/08\/CCS_fabric_frame_produkt_vollflaechige_wandbespannung_02a.webp","contentUrl":"https:\/\/ccs-fabricframe.de\/wp-content\/uploads\/2025\/08\/CCS_fabric_frame_produkt_vollflaechige_wandbespannung_02a.webp","width":800,"height":800,"caption":"Vollfl\u00e4chige Wandbespannung in einem B\u00fcrogeb\u00e4ude"},{"@type":"BreadcrumbList","@id":"https:\/\/ccs-fabricframe.de\/produkt\/vollflaechige-wandbespannung\/#breadcrumb","itemListElement":[{"@type":"ListItem","position":1,"name":"Startseite","item":"https:\/\/ccs-fabricframe.de\/"},{"@type":"ListItem","position":2,"name":"Produkte","item":"https:\/\/ccs-fabricframe.de\/produkte\/"},{"@type":"ListItem","position":3,"name":"Vollfl\u00e4chige Wandbespannung"}]},{"@type":"WebSite","@id":"https:\/\/ccs-fabricframe.de\/#website","url":"https:\/\/ccs-fabricframe.de\/","name":"CCS Fabric Frame","description":"Print. Shape. Impress.","publisher":{"@id":"https:\/\/ccs-fabricframe.de\/#organization"},"potentialAction":[{"@type":"SearchAction","target":{"@type":"EntryPoint","urlTemplate":"https:\/\/ccs-fabricframe.de\/?s={search_term_string}"},"query-input":{"@type":"PropertyValueSpecification","valueRequired":true,"valueName":"search_term_string"}}],"inLanguage":"en-US"},{"@type":"Organization","@id":"https:\/\/ccs-fabricframe.de\/#organization","name":"CCS fabric frame","alternateName":"CCS","url":"https:\/\/ccs-fabricframe.de\/","logo":{"@type":"ImageObject","inLanguage":"en-US","@id":"https:\/\/ccs-fabricframe.de\/#\/schema\/logo\/image\/","url":"https:\/\/ccs-fabricframe.de\/wp-content\/uploads\/2025\/06\/Lg_CCS-Fabfra_RedBlack_rgb_EE2737-1E1E1E-1.svg","contentUrl":"https:\/\/ccs-fabricframe.de\/wp-content\/uploads\/2025\/06\/Lg_CCS-Fabfra_RedBlack_rgb_EE2737-1E1E1E-1.svg","width":459,"height":255,"caption":"CCS fabric frame"},"image":{"@id":"https:\/\/ccs-fabricframe.de\/#\/schema\/logo\/image\/"},"sameAs":["https:\/\/www.instagram.com\/ccsfabricframe\/","https:\/\/www.linkedin.com\/company\/ccs-fabricframe\/"]}]}},"_links":{"self":[{"href":"https:\/\/ccs-fabricframe.de\/en\/wp-json\/wp\/v2\/product\/6049","targetHints":{"allow":["GET"]}}],"collection":[{"href":"https:\/\/ccs-fabricframe.de\/en\/wp-json\/wp\/v2\/product"}],"about":[{"href":"https:\/\/ccs-fabricframe.de\/en\/wp-json\/wp\/v2\/types\/product"}],"wp:featuredmedia":[{"embeddable":true,"href":"https:\/\/ccs-fabricframe.de\/en\/wp-json\/wp\/v2\/media\/6566"}],"wp:attachment":[{"href":"https:\/\/ccs-fabricframe.de\/en\/wp-json\/wp\/v2\/media?parent=6049"}],"wp:term":[{"taxonomy":"product_brand","embeddable":true,"href":"https:\/\/ccs-fabricframe.de\/en\/wp-json\/wp\/v2\/product_brand?post=6049"},{"taxonomy":"product_cat","embeddable":true,"href":"https:\/\/ccs-fabricframe.de\/en\/wp-json\/wp\/v2\/product_cat?post=6049"},{"taxonomy":"product_tag","embeddable":true,"href":"https:\/\/ccs-fabricframe.de\/en\/wp-json\/wp\/v2\/product_tag?post=6049"}],"curies":[{"name":"wp","href":"https:\/\/api.w.org\/{rel}","templated":true}]}}