{"id":6042,"date":"2025-08-27T12:33:04","date_gmt":"2025-08-27T10:33:04","guid":{"rendered":"https:\/\/ccs-fabricframe.de\/?post_type=product&#038;p=6042"},"modified":"2026-04-02T14:55:59","modified_gmt":"2026-04-02T12:55:59","slug":"akustik-deckensegel","status":"publish","type":"product","link":"https:\/\/ccs-fabricframe.de\/en\/product\/akustik-deckensegel\/","title":{"rendered":"Acoustic Ceiling Panel"},"content":{"rendered":"<p>Our acoustic ceiling panel provides improved room acoustics in an unobtrusive and space-saving manner. With a Basotect G+ core and sound absorption class A, it is an effective solution for offices, sales rooms, or public facilities.<\/p>\n<p>The discreet ceiling mounting allows the functionality to be optimally integrated into the room without compromising the design. The combination of acoustic effect, textile printing, and textile tensioning frame makes the ceiling panel a high-quality choice for interior design, room design, and shopfitting.<\/p>","protected":false},"excerpt":{"rendered":"<h3>Unobtrusive and unobstructed for better room acoustics above your heads<\/h3>\n<ul>\n<li>Sound absorption class A<\/li>\n<li>With Basotect G+-core<\/li>\n<li>Mounting included<\/li>\n<li>For offices, stores and more<\/li>\n<\/ul>","protected":false},"featured_media":6605,"template":"","meta":[],"product_brand":[142],"product_cat":[22,145,86,190,191,101,23,26,144,24,98],"product_tag":[31,63],"class_list":{"0":"post-6042","1":"product","2":"type-product","3":"status-publish","4":"has-post-thumbnail","6":"product_brand-acoustic-frame","7":"product_cat-acoustic-frame","8":"product_cat-acoustic-frame-produkt","9":"product_cat-akustik","10":"product_cat-healthcare","11":"product_cat-hospitality","12":"product_cat-keder","13":"product_cat-messebau","14":"product_cat-interior","15":"product_cat-produkt","16":"product_cat-retail-ladenbau","17":"product_cat-sublimation","18":"product_tag-akustik","19":"product_tag-decke","21":"first","22":"instock","23":"shipping-taxable","24":"product-type-simple"},"yoast_head":"<!-- This site is optimized with the Yoast SEO plugin v27.3 - https:\/\/yoast.com\/product\/yoast-seo-wordpress\/ -->\n<title>Akustik Deckensegel - CCS Fabric Frame<\/title>\n<meta name=\"description\" content=\"Unauff\u00e4llig und ohne Hindernis zur besseren Raumakustik \u00fcber euren K\u00f6pfen: Das Acoustic Deckensegel verbessert den Raumklang ohne Platz einzunehmen.\" \/>\n<meta name=\"robots\" content=\"index, follow, max-snippet:-1, max-image-preview:large, max-video-preview:-1\" \/>\n<link rel=\"canonical\" href=\"https:\/\/ccs-fabricframe.de\/en\/product\/akustik-deckensegel\/\" \/>\n<meta property=\"og:locale\" content=\"en_US\" \/>\n<meta property=\"og:type\" content=\"article\" \/>\n<meta property=\"og:title\" content=\"Akustik Deckensegel - CCS Fabric Frame\" \/>\n<meta property=\"og:description\" content=\"Unauff\u00e4llig und ohne Hindernis zur besseren Raumakustik \u00fcber euren K\u00f6pfen: Das Acoustic Deckensegel verbessert den Raumklang ohne Platz einzunehmen.\" \/>\n<meta property=\"og:url\" content=\"https:\/\/ccs-fabricframe.de\/en\/product\/akustik-deckensegel\/\" \/>\n<meta property=\"og:site_name\" content=\"CCS Fabric Frame\" \/>\n<meta property=\"article:modified_time\" content=\"2026-04-02T12:55:59+00:00\" \/>\n<meta property=\"og:image\" content=\"https:\/\/ccs-fabricframe.de\/wp-content\/uploads\/2025\/08\/CCS_fabric_frame_produkt_akustik_deckensegel_5a.webp\" \/>\n\t<meta property=\"og:image:width\" content=\"800\" \/>\n\t<meta property=\"og:image:height\" content=\"800\" \/>\n\t<meta property=\"og:image:type\" content=\"image\/webp\" \/>\n<meta name=\"twitter:card\" content=\"summary_large_image\" \/>\n<meta name=\"twitter:label1\" content=\"Est. reading time\" \/>\n\t<meta name=\"twitter:data1\" content=\"1 minute\" \/>\n<script type=\"application\/ld+json\" class=\"yoast-schema-graph\">{\"@context\":\"https:\\\/\\\/schema.org\",\"@graph\":[{\"@type\":\"WebPage\",\"@id\":\"https:\\\/\\\/ccs-fabricframe.de\\\/produkt\\\/akustik-deckensegel\\\/\",\"url\":\"https:\\\/\\\/ccs-fabricframe.de\\\/produkt\\\/akustik-deckensegel\\\/\",\"name\":\"Akustik Deckensegel - CCS Fabric Frame\",\"isPartOf\":{\"@id\":\"https:\\\/\\\/ccs-fabricframe.de\\\/#website\"},\"primaryImageOfPage\":{\"@id\":\"https:\\\/\\\/ccs-fabricframe.de\\\/produkt\\\/akustik-deckensegel\\\/#primaryimage\"},\"image\":{\"@id\":\"https:\\\/\\\/ccs-fabricframe.de\\\/produkt\\\/akustik-deckensegel\\\/#primaryimage\"},\"thumbnailUrl\":\"https:\\\/\\\/ccs-fabricframe.de\\\/wp-content\\\/uploads\\\/2025\\\/08\\\/CCS_fabric_frame_produkt_akustik_deckensegel_5a.webp\",\"datePublished\":\"2025-08-27T10:33:04+00:00\",\"dateModified\":\"2026-04-02T12:55:59+00:00\",\"description\":\"Unauff\u00e4llig und ohne Hindernis zur besseren Raumakustik \u00fcber euren K\u00f6pfen: Das Acoustic Deckensegel verbessert den Raumklang ohne Platz einzunehmen.\",\"breadcrumb\":{\"@id\":\"https:\\\/\\\/ccs-fabricframe.de\\\/produkt\\\/akustik-deckensegel\\\/#breadcrumb\"},\"inLanguage\":\"en-US\",\"potentialAction\":[{\"@type\":\"ReadAction\",\"target\":[\"https:\\\/\\\/ccs-fabricframe.de\\\/produkt\\\/akustik-deckensegel\\\/\"]}]},{\"@type\":\"ImageObject\",\"inLanguage\":\"en-US\",\"@id\":\"https:\\\/\\\/ccs-fabricframe.de\\\/produkt\\\/akustik-deckensegel\\\/#primaryimage\",\"url\":\"https:\\\/\\\/ccs-fabricframe.de\\\/wp-content\\\/uploads\\\/2025\\\/08\\\/CCS_fabric_frame_produkt_akustik_deckensegel_5a.webp\",\"contentUrl\":\"https:\\\/\\\/ccs-fabricframe.de\\\/wp-content\\\/uploads\\\/2025\\\/08\\\/CCS_fabric_frame_produkt_akustik_deckensegel_5a.webp\",\"width\":800,\"height\":800,\"caption\":\"Individuelle Textilspannrahmen als Deckensegel mit Akustikwirkung in einem B\u00fcro\"},{\"@type\":\"BreadcrumbList\",\"@id\":\"https:\\\/\\\/ccs-fabricframe.de\\\/produkt\\\/akustik-deckensegel\\\/#breadcrumb\",\"itemListElement\":[{\"@type\":\"ListItem\",\"position\":1,\"name\":\"Startseite\",\"item\":\"https:\\\/\\\/ccs-fabricframe.de\\\/\"},{\"@type\":\"ListItem\",\"position\":2,\"name\":\"Produkte\",\"item\":\"https:\\\/\\\/ccs-fabricframe.de\\\/produkte\\\/\"},{\"@type\":\"ListItem\",\"position\":3,\"name\":\"Akustik Deckensegel\"}]},{\"@type\":\"WebSite\",\"@id\":\"https:\\\/\\\/ccs-fabricframe.de\\\/#website\",\"url\":\"https:\\\/\\\/ccs-fabricframe.de\\\/\",\"name\":\"CCS Fabric Frame\",\"description\":\"Print. Shape. Impress.\",\"publisher\":{\"@id\":\"https:\\\/\\\/ccs-fabricframe.de\\\/#organization\"},\"potentialAction\":[{\"@type\":\"SearchAction\",\"target\":{\"@type\":\"EntryPoint\",\"urlTemplate\":\"https:\\\/\\\/ccs-fabricframe.de\\\/?s={search_term_string}\"},\"query-input\":{\"@type\":\"PropertyValueSpecification\",\"valueRequired\":true,\"valueName\":\"search_term_string\"}}],\"inLanguage\":\"en-US\"},{\"@type\":\"Organization\",\"@id\":\"https:\\\/\\\/ccs-fabricframe.de\\\/#organization\",\"name\":\"CCS fabric frame\",\"alternateName\":\"CCS\",\"url\":\"https:\\\/\\\/ccs-fabricframe.de\\\/\",\"logo\":{\"@type\":\"ImageObject\",\"inLanguage\":\"en-US\",\"@id\":\"https:\\\/\\\/ccs-fabricframe.de\\\/#\\\/schema\\\/logo\\\/image\\\/\",\"url\":\"https:\\\/\\\/ccs-fabricframe.de\\\/wp-content\\\/uploads\\\/2025\\\/06\\\/Lg_CCS-Fabfra_RedBlack_rgb_EE2737-1E1E1E-1.svg\",\"contentUrl\":\"https:\\\/\\\/ccs-fabricframe.de\\\/wp-content\\\/uploads\\\/2025\\\/06\\\/Lg_CCS-Fabfra_RedBlack_rgb_EE2737-1E1E1E-1.svg\",\"width\":459,\"height\":255,\"caption\":\"CCS fabric frame\"},\"image\":{\"@id\":\"https:\\\/\\\/ccs-fabricframe.de\\\/#\\\/schema\\\/logo\\\/image\\\/\"},\"sameAs\":[\"https:\\\/\\\/www.instagram.com\\\/ccsfabricframe\\\/\",\"https:\\\/\\\/www.linkedin.com\\\/company\\\/ccs-fabricframe\\\/\"]}]}<\/script>\n<!-- \/ Yoast SEO plugin. -->","yoast_head_json":{"title":"Akustik Deckensegel - CCS Fabric Frame","description":"Unobtrusive and unobstructed for better room acoustics above your heads: the Acoustic Ceiling Sail improves room sound without taking up space.","robots":{"index":"index","follow":"follow","max-snippet":"max-snippet:-1","max-image-preview":"max-image-preview:large","max-video-preview":"max-video-preview:-1"},"canonical":"https:\/\/ccs-fabricframe.de\/en\/product\/akustik-deckensegel\/","og_locale":"en_US","og_type":"article","og_title":"Akustik Deckensegel - CCS Fabric Frame","og_description":"Unauff\u00e4llig und ohne Hindernis zur besseren Raumakustik \u00fcber euren K\u00f6pfen: Das Acoustic Deckensegel verbessert den Raumklang ohne Platz einzunehmen.","og_url":"https:\/\/ccs-fabricframe.de\/en\/product\/akustik-deckensegel\/","og_site_name":"CCS Fabric Frame","article_modified_time":"2026-04-02T12:55:59+00:00","og_image":[{"width":800,"height":800,"url":"https:\/\/ccs-fabricframe.de\/wp-content\/uploads\/2025\/08\/CCS_fabric_frame_produkt_akustik_deckensegel_5a.webp","type":"image\/webp"}],"twitter_card":"summary_large_image","twitter_misc":{"Est. reading time":"1 minute"},"schema":{"@context":"https:\/\/schema.org","@graph":[{"@type":"WebPage","@id":"https:\/\/ccs-fabricframe.de\/produkt\/akustik-deckensegel\/","url":"https:\/\/ccs-fabricframe.de\/produkt\/akustik-deckensegel\/","name":"Akustik Deckensegel - CCS Fabric Frame","isPartOf":{"@id":"https:\/\/ccs-fabricframe.de\/#website"},"primaryImageOfPage":{"@id":"https:\/\/ccs-fabricframe.de\/produkt\/akustik-deckensegel\/#primaryimage"},"image":{"@id":"https:\/\/ccs-fabricframe.de\/produkt\/akustik-deckensegel\/#primaryimage"},"thumbnailUrl":"https:\/\/ccs-fabricframe.de\/wp-content\/uploads\/2025\/08\/CCS_fabric_frame_produkt_akustik_deckensegel_5a.webp","datePublished":"2025-08-27T10:33:04+00:00","dateModified":"2026-04-02T12:55:59+00:00","description":"Unobtrusive and unobstructed for better room acoustics above your heads: the Acoustic Ceiling Sail improves room sound without taking up space.","breadcrumb":{"@id":"https:\/\/ccs-fabricframe.de\/produkt\/akustik-deckensegel\/#breadcrumb"},"inLanguage":"en-US","potentialAction":[{"@type":"ReadAction","target":["https:\/\/ccs-fabricframe.de\/produkt\/akustik-deckensegel\/"]}]},{"@type":"ImageObject","inLanguage":"en-US","@id":"https:\/\/ccs-fabricframe.de\/produkt\/akustik-deckensegel\/#primaryimage","url":"https:\/\/ccs-fabricframe.de\/wp-content\/uploads\/2025\/08\/CCS_fabric_frame_produkt_akustik_deckensegel_5a.webp","contentUrl":"https:\/\/ccs-fabricframe.de\/wp-content\/uploads\/2025\/08\/CCS_fabric_frame_produkt_akustik_deckensegel_5a.webp","width":800,"height":800,"caption":"Individuelle Textilspannrahmen als Deckensegel mit Akustikwirkung in einem B\u00fcro"},{"@type":"BreadcrumbList","@id":"https:\/\/ccs-fabricframe.de\/produkt\/akustik-deckensegel\/#breadcrumb","itemListElement":[{"@type":"ListItem","position":1,"name":"Startseite","item":"https:\/\/ccs-fabricframe.de\/"},{"@type":"ListItem","position":2,"name":"Produkte","item":"https:\/\/ccs-fabricframe.de\/produkte\/"},{"@type":"ListItem","position":3,"name":"Akustik Deckensegel"}]},{"@type":"WebSite","@id":"https:\/\/ccs-fabricframe.de\/#website","url":"https:\/\/ccs-fabricframe.de\/","name":"CCS Fabric Frame","description":"Print. Shape. Impress.","publisher":{"@id":"https:\/\/ccs-fabricframe.de\/#organization"},"potentialAction":[{"@type":"SearchAction","target":{"@type":"EntryPoint","urlTemplate":"https:\/\/ccs-fabricframe.de\/?s={search_term_string}"},"query-input":{"@type":"PropertyValueSpecification","valueRequired":true,"valueName":"search_term_string"}}],"inLanguage":"en-US"},{"@type":"Organization","@id":"https:\/\/ccs-fabricframe.de\/#organization","name":"CCS fabric frame","alternateName":"CCS","url":"https:\/\/ccs-fabricframe.de\/","logo":{"@type":"ImageObject","inLanguage":"en-US","@id":"https:\/\/ccs-fabricframe.de\/#\/schema\/logo\/image\/","url":"https:\/\/ccs-fabricframe.de\/wp-content\/uploads\/2025\/06\/Lg_CCS-Fabfra_RedBlack_rgb_EE2737-1E1E1E-1.svg","contentUrl":"https:\/\/ccs-fabricframe.de\/wp-content\/uploads\/2025\/06\/Lg_CCS-Fabfra_RedBlack_rgb_EE2737-1E1E1E-1.svg","width":459,"height":255,"caption":"CCS fabric frame"},"image":{"@id":"https:\/\/ccs-fabricframe.de\/#\/schema\/logo\/image\/"},"sameAs":["https:\/\/www.instagram.com\/ccsfabricframe\/","https:\/\/www.linkedin.com\/company\/ccs-fabricframe\/"]}]}},"_links":{"self":[{"href":"https:\/\/ccs-fabricframe.de\/en\/wp-json\/wp\/v2\/product\/6042","targetHints":{"allow":["GET"]}}],"collection":[{"href":"https:\/\/ccs-fabricframe.de\/en\/wp-json\/wp\/v2\/product"}],"about":[{"href":"https:\/\/ccs-fabricframe.de\/en\/wp-json\/wp\/v2\/types\/product"}],"wp:featuredmedia":[{"embeddable":true,"href":"https:\/\/ccs-fabricframe.de\/en\/wp-json\/wp\/v2\/media\/6605"}],"wp:attachment":[{"href":"https:\/\/ccs-fabricframe.de\/en\/wp-json\/wp\/v2\/media?parent=6042"}],"wp:term":[{"taxonomy":"product_brand","embeddable":true,"href":"https:\/\/ccs-fabricframe.de\/en\/wp-json\/wp\/v2\/product_brand?post=6042"},{"taxonomy":"product_cat","embeddable":true,"href":"https:\/\/ccs-fabricframe.de\/en\/wp-json\/wp\/v2\/product_cat?post=6042"},{"taxonomy":"product_tag","embeddable":true,"href":"https:\/\/ccs-fabricframe.de\/en\/wp-json\/wp\/v2\/product_tag?post=6042"}],"curies":[{"name":"wp","href":"https:\/\/api.w.org\/{rel}","templated":true}]}}