{"id":6040,"date":"2025-08-27T12:12:29","date_gmt":"2025-08-27T10:12:29","guid":{"rendered":"https:\/\/ccs-fabricframe.de\/?post_type=product&#038;p=6040"},"modified":"2025-11-04T09:27:33","modified_gmt":"2025-11-04T08:27:33","slug":"retail-frame-led","status":"publish","type":"product","link":"https:\/\/ccs-fabricframe.de\/en\/product\/retail-frame-led\/","title":{"rendered":"Retail Frame LED"},"content":{"rendered":"<p>Our Retail Frame LED is an eye-catching highlight for retailers. With its uniform LED illumination, it delivers impressive advertising and brand messages directly at the point of sale. Various versions, dimmable functions, and control via app or smart home systems offer maximum flexibility.<\/p>\n<p>Whether used as a customer stopper, presentation area, or part of the store concept, the Retail Lightbox impresses with its versatility, customizable design, and high-quality textile printing. This makes it the ideal solution for store construction and modern retail design.<\/p>","protected":false},"excerpt":{"rendered":"<h3>Illuminated customer stoppers catch everyone's eye<\/h3>\n<ul>\n<li>Homogeneous illumination with high-quality LEDs<\/li>\n<li>Versatile use<\/li>\n<li>Available in many variations<\/li>\n<li>Controllable with App and Smart Home Devices<\/li>\n<li>Dimmable<\/li>\n<\/ul>","protected":false},"featured_media":6539,"template":"","meta":[],"product_brand":[136],"product_cat":[89,101,21,147,144,24,98],"product_tag":[],"class_list":{"0":"post-6040","1":"product","2":"type-product","3":"status-publish","4":"has-post-thumbnail","6":"product_brand-led-frame","7":"product_cat-hinterleuchtet","8":"product_cat-keder","9":"product_cat-light-frame","10":"product_cat-led-frame","11":"product_cat-produkt","12":"product_cat-retail-ladenbau","13":"product_cat-sublimation","15":"first","16":"instock","17":"shipping-taxable","18":"product-type-simple"},"yoast_head":"<!-- This site is optimized with the Yoast SEO plugin v27.3 - https:\/\/yoast.com\/product\/yoast-seo-wordpress\/ -->\n<title>Retail Frame LED - CCS Fabric Frame<\/title>\n<meta name=\"description\" content=\"Der Retail Frame LED setzt strahlende Highlights in jedem Schaufenster und sorgt f\u00fcr maximale Aufmerksamkeit: LEDs leuchten dass Motiv gleichm\u00e4\u00dfig aus.\" \/>\n<meta name=\"robots\" content=\"index, follow, max-snippet:-1, max-image-preview:large, max-video-preview:-1\" \/>\n<link rel=\"canonical\" href=\"https:\/\/ccs-fabricframe.de\/en\/product\/retail-frame-led\/\" \/>\n<meta property=\"og:locale\" content=\"en_US\" \/>\n<meta property=\"og:type\" content=\"article\" \/>\n<meta property=\"og:title\" content=\"Retail Frame LED - CCS Fabric Frame\" \/>\n<meta property=\"og:description\" content=\"Der Retail Frame LED setzt strahlende Highlights in jedem Schaufenster und sorgt f\u00fcr maximale Aufmerksamkeit: LEDs leuchten dass Motiv gleichm\u00e4\u00dfig aus.\" \/>\n<meta property=\"og:url\" content=\"https:\/\/ccs-fabricframe.de\/en\/product\/retail-frame-led\/\" \/>\n<meta property=\"og:site_name\" content=\"CCS Fabric Frame\" \/>\n<meta property=\"article:modified_time\" content=\"2025-11-04T08:27:33+00:00\" \/>\n<meta property=\"og:image\" content=\"https:\/\/ccs-fabricframe.de\/wp-content\/uploads\/2025\/08\/CCS_fabric_frame_Produkt_Retail_frame_LED_02a.webp\" \/>\n\t<meta property=\"og:image:width\" content=\"800\" \/>\n\t<meta property=\"og:image:height\" content=\"800\" \/>\n\t<meta property=\"og:image:type\" content=\"image\/webp\" \/>\n<meta name=\"twitter:card\" content=\"summary_large_image\" \/>\n<meta name=\"twitter:label1\" content=\"Est. reading time\" \/>\n\t<meta name=\"twitter:data1\" content=\"1 minute\" \/>\n<script type=\"application\/ld+json\" class=\"yoast-schema-graph\">{\"@context\":\"https:\\\/\\\/schema.org\",\"@graph\":[{\"@type\":\"WebPage\",\"@id\":\"https:\\\/\\\/ccs-fabricframe.de\\\/en\\\/produkt\\\/retail-frame-led\\\/\",\"url\":\"https:\\\/\\\/ccs-fabricframe.de\\\/en\\\/produkt\\\/retail-frame-led\\\/\",\"name\":\"Retail Frame LED - CCS Fabric Frame\",\"isPartOf\":{\"@id\":\"https:\\\/\\\/ccs-fabricframe.de\\\/#website\"},\"primaryImageOfPage\":{\"@id\":\"https:\\\/\\\/ccs-fabricframe.de\\\/en\\\/produkt\\\/retail-frame-led\\\/#primaryimage\"},\"image\":{\"@id\":\"https:\\\/\\\/ccs-fabricframe.de\\\/en\\\/produkt\\\/retail-frame-led\\\/#primaryimage\"},\"thumbnailUrl\":\"https:\\\/\\\/ccs-fabricframe.de\\\/wp-content\\\/uploads\\\/2025\\\/08\\\/CCS_fabric_frame_Produkt_Retail_frame_LED_02a.webp\",\"datePublished\":\"2025-08-27T10:12:29+00:00\",\"dateModified\":\"2025-11-04T08:27:33+00:00\",\"description\":\"Der Retail Frame LED setzt strahlende Highlights in jedem Schaufenster und sorgt f\u00fcr maximale Aufmerksamkeit: LEDs leuchten dass Motiv gleichm\u00e4\u00dfig aus.\",\"breadcrumb\":{\"@id\":\"https:\\\/\\\/ccs-fabricframe.de\\\/en\\\/produkt\\\/retail-frame-led\\\/#breadcrumb\"},\"inLanguage\":\"en-US\",\"potentialAction\":[{\"@type\":\"ReadAction\",\"target\":[\"https:\\\/\\\/ccs-fabricframe.de\\\/en\\\/produkt\\\/retail-frame-led\\\/\"]}]},{\"@type\":\"ImageObject\",\"inLanguage\":\"en-US\",\"@id\":\"https:\\\/\\\/ccs-fabricframe.de\\\/en\\\/produkt\\\/retail-frame-led\\\/#primaryimage\",\"url\":\"https:\\\/\\\/ccs-fabricframe.de\\\/wp-content\\\/uploads\\\/2025\\\/08\\\/CCS_fabric_frame_Produkt_Retail_frame_LED_02a.webp\",\"contentUrl\":\"https:\\\/\\\/ccs-fabricframe.de\\\/wp-content\\\/uploads\\\/2025\\\/08\\\/CCS_fabric_frame_Produkt_Retail_frame_LED_02a.webp\",\"width\":800,\"height\":800,\"caption\":\"Beleuchtete Werbedrucke an einer Fassade im Einzelhandel\"},{\"@type\":\"BreadcrumbList\",\"@id\":\"https:\\\/\\\/ccs-fabricframe.de\\\/en\\\/produkt\\\/retail-frame-led\\\/#breadcrumb\",\"itemListElement\":[{\"@type\":\"ListItem\",\"position\":1,\"name\":\"Startseite\",\"item\":\"https:\\\/\\\/ccs-fabricframe.de\\\/\"},{\"@type\":\"ListItem\",\"position\":2,\"name\":\"Produkte\",\"item\":\"https:\\\/\\\/ccs-fabricframe.de\\\/produkte\\\/\"},{\"@type\":\"ListItem\",\"position\":3,\"name\":\"Retail Frame LED\"}]},{\"@type\":\"WebSite\",\"@id\":\"https:\\\/\\\/ccs-fabricframe.de\\\/#website\",\"url\":\"https:\\\/\\\/ccs-fabricframe.de\\\/\",\"name\":\"CCS Fabric Frame\",\"description\":\"Print. Shape. Impress.\",\"publisher\":{\"@id\":\"https:\\\/\\\/ccs-fabricframe.de\\\/#organization\"},\"potentialAction\":[{\"@type\":\"SearchAction\",\"target\":{\"@type\":\"EntryPoint\",\"urlTemplate\":\"https:\\\/\\\/ccs-fabricframe.de\\\/?s={search_term_string}\"},\"query-input\":{\"@type\":\"PropertyValueSpecification\",\"valueRequired\":true,\"valueName\":\"search_term_string\"}}],\"inLanguage\":\"en-US\"},{\"@type\":\"Organization\",\"@id\":\"https:\\\/\\\/ccs-fabricframe.de\\\/#organization\",\"name\":\"CCS fabric frame\",\"alternateName\":\"CCS\",\"url\":\"https:\\\/\\\/ccs-fabricframe.de\\\/\",\"logo\":{\"@type\":\"ImageObject\",\"inLanguage\":\"en-US\",\"@id\":\"https:\\\/\\\/ccs-fabricframe.de\\\/#\\\/schema\\\/logo\\\/image\\\/\",\"url\":\"https:\\\/\\\/ccs-fabricframe.de\\\/wp-content\\\/uploads\\\/2025\\\/06\\\/Lg_CCS-Fabfra_RedBlack_rgb_EE2737-1E1E1E-1.svg\",\"contentUrl\":\"https:\\\/\\\/ccs-fabricframe.de\\\/wp-content\\\/uploads\\\/2025\\\/06\\\/Lg_CCS-Fabfra_RedBlack_rgb_EE2737-1E1E1E-1.svg\",\"width\":459,\"height\":255,\"caption\":\"CCS fabric frame\"},\"image\":{\"@id\":\"https:\\\/\\\/ccs-fabricframe.de\\\/#\\\/schema\\\/logo\\\/image\\\/\"},\"sameAs\":[\"https:\\\/\\\/www.instagram.com\\\/ccsfabricframe\\\/\",\"https:\\\/\\\/www.linkedin.com\\\/company\\\/ccs-fabricframe\\\/\"]}]}<\/script>\n<!-- \/ Yoast SEO plugin. -->","yoast_head_json":{"title":"Retail Frame LED - CCS Fabric Frame","description":"The Retail Frame LED creates dazzling highlights in any shop window and ensures maximum attention: LEDs illuminate the motif evenly.","robots":{"index":"index","follow":"follow","max-snippet":"max-snippet:-1","max-image-preview":"max-image-preview:large","max-video-preview":"max-video-preview:-1"},"canonical":"https:\/\/ccs-fabricframe.de\/en\/product\/retail-frame-led\/","og_locale":"en_US","og_type":"article","og_title":"Retail Frame LED - CCS Fabric Frame","og_description":"Der Retail Frame LED setzt strahlende Highlights in jedem Schaufenster und sorgt f\u00fcr maximale Aufmerksamkeit: LEDs leuchten dass Motiv gleichm\u00e4\u00dfig aus.","og_url":"https:\/\/ccs-fabricframe.de\/en\/product\/retail-frame-led\/","og_site_name":"CCS Fabric Frame","article_modified_time":"2025-11-04T08:27:33+00:00","og_image":[{"width":800,"height":800,"url":"https:\/\/ccs-fabricframe.de\/wp-content\/uploads\/2025\/08\/CCS_fabric_frame_Produkt_Retail_frame_LED_02a.webp","type":"image\/webp"}],"twitter_card":"summary_large_image","twitter_misc":{"Est. reading time":"1 minute"},"schema":{"@context":"https:\/\/schema.org","@graph":[{"@type":"WebPage","@id":"https:\/\/ccs-fabricframe.de\/en\/produkt\/retail-frame-led\/","url":"https:\/\/ccs-fabricframe.de\/en\/produkt\/retail-frame-led\/","name":"Retail Frame LED - CCS Fabric Frame","isPartOf":{"@id":"https:\/\/ccs-fabricframe.de\/#website"},"primaryImageOfPage":{"@id":"https:\/\/ccs-fabricframe.de\/en\/produkt\/retail-frame-led\/#primaryimage"},"image":{"@id":"https:\/\/ccs-fabricframe.de\/en\/produkt\/retail-frame-led\/#primaryimage"},"thumbnailUrl":"https:\/\/ccs-fabricframe.de\/wp-content\/uploads\/2025\/08\/CCS_fabric_frame_Produkt_Retail_frame_LED_02a.webp","datePublished":"2025-08-27T10:12:29+00:00","dateModified":"2025-11-04T08:27:33+00:00","description":"The Retail Frame LED creates dazzling highlights in any shop window and ensures maximum attention: LEDs illuminate the motif evenly.","breadcrumb":{"@id":"https:\/\/ccs-fabricframe.de\/en\/produkt\/retail-frame-led\/#breadcrumb"},"inLanguage":"en-US","potentialAction":[{"@type":"ReadAction","target":["https:\/\/ccs-fabricframe.de\/en\/produkt\/retail-frame-led\/"]}]},{"@type":"ImageObject","inLanguage":"en-US","@id":"https:\/\/ccs-fabricframe.de\/en\/produkt\/retail-frame-led\/#primaryimage","url":"https:\/\/ccs-fabricframe.de\/wp-content\/uploads\/2025\/08\/CCS_fabric_frame_Produkt_Retail_frame_LED_02a.webp","contentUrl":"https:\/\/ccs-fabricframe.de\/wp-content\/uploads\/2025\/08\/CCS_fabric_frame_Produkt_Retail_frame_LED_02a.webp","width":800,"height":800,"caption":"Beleuchtete Werbedrucke an einer Fassade im Einzelhandel"},{"@type":"BreadcrumbList","@id":"https:\/\/ccs-fabricframe.de\/en\/produkt\/retail-frame-led\/#breadcrumb","itemListElement":[{"@type":"ListItem","position":1,"name":"Startseite","item":"https:\/\/ccs-fabricframe.de\/"},{"@type":"ListItem","position":2,"name":"Produkte","item":"https:\/\/ccs-fabricframe.de\/produkte\/"},{"@type":"ListItem","position":3,"name":"Retail Frame LED"}]},{"@type":"WebSite","@id":"https:\/\/ccs-fabricframe.de\/#website","url":"https:\/\/ccs-fabricframe.de\/","name":"CCS Fabric Frame","description":"Print. Shape. Impress.","publisher":{"@id":"https:\/\/ccs-fabricframe.de\/#organization"},"potentialAction":[{"@type":"SearchAction","target":{"@type":"EntryPoint","urlTemplate":"https:\/\/ccs-fabricframe.de\/?s={search_term_string}"},"query-input":{"@type":"PropertyValueSpecification","valueRequired":true,"valueName":"search_term_string"}}],"inLanguage":"en-US"},{"@type":"Organization","@id":"https:\/\/ccs-fabricframe.de\/#organization","name":"CCS fabric frame","alternateName":"CCS","url":"https:\/\/ccs-fabricframe.de\/","logo":{"@type":"ImageObject","inLanguage":"en-US","@id":"https:\/\/ccs-fabricframe.de\/#\/schema\/logo\/image\/","url":"https:\/\/ccs-fabricframe.de\/wp-content\/uploads\/2025\/06\/Lg_CCS-Fabfra_RedBlack_rgb_EE2737-1E1E1E-1.svg","contentUrl":"https:\/\/ccs-fabricframe.de\/wp-content\/uploads\/2025\/06\/Lg_CCS-Fabfra_RedBlack_rgb_EE2737-1E1E1E-1.svg","width":459,"height":255,"caption":"CCS fabric frame"},"image":{"@id":"https:\/\/ccs-fabricframe.de\/#\/schema\/logo\/image\/"},"sameAs":["https:\/\/www.instagram.com\/ccsfabricframe\/","https:\/\/www.linkedin.com\/company\/ccs-fabricframe\/"]}]}},"_links":{"self":[{"href":"https:\/\/ccs-fabricframe.de\/en\/wp-json\/wp\/v2\/product\/6040","targetHints":{"allow":["GET"]}}],"collection":[{"href":"https:\/\/ccs-fabricframe.de\/en\/wp-json\/wp\/v2\/product"}],"about":[{"href":"https:\/\/ccs-fabricframe.de\/en\/wp-json\/wp\/v2\/types\/product"}],"wp:featuredmedia":[{"embeddable":true,"href":"https:\/\/ccs-fabricframe.de\/en\/wp-json\/wp\/v2\/media\/6539"}],"wp:attachment":[{"href":"https:\/\/ccs-fabricframe.de\/en\/wp-json\/wp\/v2\/media?parent=6040"}],"wp:term":[{"taxonomy":"product_brand","embeddable":true,"href":"https:\/\/ccs-fabricframe.de\/en\/wp-json\/wp\/v2\/product_brand?post=6040"},{"taxonomy":"product_cat","embeddable":true,"href":"https:\/\/ccs-fabricframe.de\/en\/wp-json\/wp\/v2\/product_cat?post=6040"},{"taxonomy":"product_tag","embeddable":true,"href":"https:\/\/ccs-fabricframe.de\/en\/wp-json\/wp\/v2\/product_tag?post=6040"}],"curies":[{"name":"wp","href":"https:\/\/api.w.org\/{rel}","templated":true}]}}