{"id":6037,"date":"2025-10-08T10:53:01","date_gmt":"2025-10-08T08:53:01","guid":{"rendered":"https:\/\/ccs-fabricframe.de\/?post_type=product&#038;p=6037"},"modified":"2026-03-24T10:32:35","modified_gmt":"2026-03-24T09:32:35","slug":"meshbanner","status":"publish","type":"product","link":"https:\/\/ccs-fabricframe.de\/en\/product\/meshbanner\/","title":{"rendered":"Premium Outdoor Meshbanner PVC-free for Events \/ Trade Fair \/ Outdoor Ads"},"content":{"rendered":"<p>The outdoor mesh banner ensures maximum visibility and is the perfect solution for trade fair printing, event printing, and shopfitting. With your individual motif, it showcases brand messages in an eye-catching way\u2014whether at events, in trade fair construction, or as an addition to retail design. Thanks to its wind-permeable structure, the banner remains stable even when used outdoors and impresses with its brilliant color quality.<\/p>\n<p>Weatherproof, lightfast, and PVC-free, the mesh banner combines sustainability with a professional look. It is easy to transport, flexible in use, and offers a durable advertising space, especially in the areas of events, trade show construction, and shopfitting for a strong presence.<\/p>","protected":false},"excerpt":{"rendered":"<h3>Visibility for your strong presentation<\/h3>\n<ul>\n<li>Custom Design<\/li>\n<li>Weather-fast<\/li>\n<li>Lightfast<\/li>\n<li>PVC-free<\/li>\n<\/ul>","protected":false},"featured_media":6542,"template":"","meta":[],"product_brand":[],"product_cat":[25,23,192,144,24],"product_tag":[219],"class_list":{"0":"post-6037","1":"product","2":"type-product","3":"status-publish","4":"has-post-thumbnail","6":"product_cat-event","7":"product_cat-messebau","8":"product_cat-outdoor","9":"product_cat-produkt","10":"product_cat-retail-ladenbau","11":"product_tag-mesh","13":"first","14":"instock","15":"shipping-taxable","16":"product-type-simple"},"yoast_head":"<!-- This site is optimized with the Yoast SEO plugin v27.3 - https:\/\/yoast.com\/product\/yoast-seo-wordpress\/ -->\n<title>Premium Outdoor Meshbanner PVC-frei f\u00fcr Events \/ Messe \/ Au\u00dfenwerbung - CCS Fabric Frame<\/title>\n<meta name=\"description\" content=\"Das Outdoor Meshbanner sorgt f\u00fcr maximale Sichtbarkeit und ist die perfekte L\u00f6sung f\u00fcr Messedruck, Eventdruck und Ladenbau auch bei Wind und Wetter.\" \/>\n<meta name=\"robots\" content=\"index, follow, max-snippet:-1, max-image-preview:large, max-video-preview:-1\" \/>\n<link rel=\"canonical\" href=\"https:\/\/ccs-fabricframe.de\/en\/product\/meshbanner\/\" \/>\n<meta property=\"og:locale\" content=\"en_US\" \/>\n<meta property=\"og:type\" content=\"article\" \/>\n<meta property=\"og:title\" content=\"Premium Outdoor Meshbanner PVC-frei f\u00fcr Events \/ Messe \/ Au\u00dfenwerbung - CCS Fabric Frame\" \/>\n<meta property=\"og:description\" content=\"Das Outdoor Meshbanner sorgt f\u00fcr maximale Sichtbarkeit und ist die perfekte L\u00f6sung f\u00fcr Messedruck, Eventdruck und Ladenbau auch bei Wind und Wetter.\" \/>\n<meta property=\"og:url\" content=\"https:\/\/ccs-fabricframe.de\/en\/product\/meshbanner\/\" \/>\n<meta property=\"og:site_name\" content=\"CCS Fabric Frame\" \/>\n<meta property=\"article:modified_time\" content=\"2026-03-24T09:32:35+00:00\" \/>\n<meta property=\"og:image\" content=\"https:\/\/ccs-fabricframe.de\/wp-content\/uploads\/2025\/08\/CCS_fabric_frame_produktpremium__outdoor_Meshbanner_01a.webp\" \/>\n\t<meta property=\"og:image:width\" content=\"800\" \/>\n\t<meta property=\"og:image:height\" content=\"800\" \/>\n\t<meta property=\"og:image:type\" content=\"image\/webp\" \/>\n<meta name=\"twitter:card\" content=\"summary_large_image\" \/>\n<meta name=\"twitter:label1\" content=\"Est. reading time\" \/>\n\t<meta name=\"twitter:data1\" content=\"1 minute\" \/>\n<script type=\"application\/ld+json\" class=\"yoast-schema-graph\">{\"@context\":\"https:\\\/\\\/schema.org\",\"@graph\":[{\"@type\":\"WebPage\",\"@id\":\"https:\\\/\\\/ccs-fabricframe.de\\\/produkt\\\/meshbanner\\\/\",\"url\":\"https:\\\/\\\/ccs-fabricframe.de\\\/produkt\\\/meshbanner\\\/\",\"name\":\"Premium Outdoor Meshbanner PVC-frei f\u00fcr Events \\\/ Messe \\\/ Au\u00dfenwerbung - CCS Fabric Frame\",\"isPartOf\":{\"@id\":\"https:\\\/\\\/ccs-fabricframe.de\\\/#website\"},\"primaryImageOfPage\":{\"@id\":\"https:\\\/\\\/ccs-fabricframe.de\\\/produkt\\\/meshbanner\\\/#primaryimage\"},\"image\":{\"@id\":\"https:\\\/\\\/ccs-fabricframe.de\\\/produkt\\\/meshbanner\\\/#primaryimage\"},\"thumbnailUrl\":\"https:\\\/\\\/ccs-fabricframe.de\\\/wp-content\\\/uploads\\\/2025\\\/08\\\/CCS_fabric_frame_produktpremium__outdoor_Meshbanner_01a.webp\",\"datePublished\":\"2025-10-08T08:53:01+00:00\",\"dateModified\":\"2026-03-24T09:32:35+00:00\",\"description\":\"Das Outdoor Meshbanner sorgt f\u00fcr maximale Sichtbarkeit und ist die perfekte L\u00f6sung f\u00fcr Messedruck, Eventdruck und Ladenbau auch bei Wind und Wetter.\",\"breadcrumb\":{\"@id\":\"https:\\\/\\\/ccs-fabricframe.de\\\/produkt\\\/meshbanner\\\/#breadcrumb\"},\"inLanguage\":\"en-US\",\"potentialAction\":[{\"@type\":\"ReadAction\",\"target\":[\"https:\\\/\\\/ccs-fabricframe.de\\\/produkt\\\/meshbanner\\\/\"]}]},{\"@type\":\"ImageObject\",\"inLanguage\":\"en-US\",\"@id\":\"https:\\\/\\\/ccs-fabricframe.de\\\/produkt\\\/meshbanner\\\/#primaryimage\",\"url\":\"https:\\\/\\\/ccs-fabricframe.de\\\/wp-content\\\/uploads\\\/2025\\\/08\\\/CCS_fabric_frame_produktpremium__outdoor_Meshbanner_01a.webp\",\"contentUrl\":\"https:\\\/\\\/ccs-fabricframe.de\\\/wp-content\\\/uploads\\\/2025\\\/08\\\/CCS_fabric_frame_produktpremium__outdoor_Meshbanner_01a.webp\",\"width\":800,\"height\":800,\"caption\":\"CCS Premium Outdoor Meshbanner mit \u00d6sen aufgehangen in einem Stangensystem an einer Fassade\"},{\"@type\":\"BreadcrumbList\",\"@id\":\"https:\\\/\\\/ccs-fabricframe.de\\\/produkt\\\/meshbanner\\\/#breadcrumb\",\"itemListElement\":[{\"@type\":\"ListItem\",\"position\":1,\"name\":\"Startseite\",\"item\":\"https:\\\/\\\/ccs-fabricframe.de\\\/\"},{\"@type\":\"ListItem\",\"position\":2,\"name\":\"Produkte\",\"item\":\"https:\\\/\\\/ccs-fabricframe.de\\\/produkte\\\/\"},{\"@type\":\"ListItem\",\"position\":3,\"name\":\"Premium Outdoor Meshbanner PVC-frei f\u00fcr Events \\\/ Messe \\\/ Au\u00dfenwerbung\"}]},{\"@type\":\"WebSite\",\"@id\":\"https:\\\/\\\/ccs-fabricframe.de\\\/#website\",\"url\":\"https:\\\/\\\/ccs-fabricframe.de\\\/\",\"name\":\"CCS Fabric Frame\",\"description\":\"Print. Shape. Impress.\",\"publisher\":{\"@id\":\"https:\\\/\\\/ccs-fabricframe.de\\\/#organization\"},\"potentialAction\":[{\"@type\":\"SearchAction\",\"target\":{\"@type\":\"EntryPoint\",\"urlTemplate\":\"https:\\\/\\\/ccs-fabricframe.de\\\/?s={search_term_string}\"},\"query-input\":{\"@type\":\"PropertyValueSpecification\",\"valueRequired\":true,\"valueName\":\"search_term_string\"}}],\"inLanguage\":\"en-US\"},{\"@type\":\"Organization\",\"@id\":\"https:\\\/\\\/ccs-fabricframe.de\\\/#organization\",\"name\":\"CCS fabric frame\",\"alternateName\":\"CCS\",\"url\":\"https:\\\/\\\/ccs-fabricframe.de\\\/\",\"logo\":{\"@type\":\"ImageObject\",\"inLanguage\":\"en-US\",\"@id\":\"https:\\\/\\\/ccs-fabricframe.de\\\/#\\\/schema\\\/logo\\\/image\\\/\",\"url\":\"https:\\\/\\\/ccs-fabricframe.de\\\/wp-content\\\/uploads\\\/2025\\\/06\\\/Lg_CCS-Fabfra_RedBlack_rgb_EE2737-1E1E1E-1.svg\",\"contentUrl\":\"https:\\\/\\\/ccs-fabricframe.de\\\/wp-content\\\/uploads\\\/2025\\\/06\\\/Lg_CCS-Fabfra_RedBlack_rgb_EE2737-1E1E1E-1.svg\",\"width\":459,\"height\":255,\"caption\":\"CCS fabric frame\"},\"image\":{\"@id\":\"https:\\\/\\\/ccs-fabricframe.de\\\/#\\\/schema\\\/logo\\\/image\\\/\"},\"sameAs\":[\"https:\\\/\\\/www.instagram.com\\\/ccsfabricframe\\\/\",\"https:\\\/\\\/www.linkedin.com\\\/company\\\/ccs-fabricframe\\\/\"]}]}<\/script>\n<!-- \/ Yoast SEO plugin. -->","yoast_head_json":{"title":"Premium Outdoor Meshbanner PVC-free for Events \/ Trade Fair \/ Outdoor Ads - CCS Fabric Frame","description":"The outdoor mesh banner ensures maximum visibility and is the perfect solution for trade fairs, events, and shopfitting in any weather.","robots":{"index":"index","follow":"follow","max-snippet":"max-snippet:-1","max-image-preview":"max-image-preview:large","max-video-preview":"max-video-preview:-1"},"canonical":"https:\/\/ccs-fabricframe.de\/en\/product\/meshbanner\/","og_locale":"en_US","og_type":"article","og_title":"Premium Outdoor Meshbanner PVC-frei f\u00fcr Events \/ Messe \/ Au\u00dfenwerbung - CCS Fabric Frame","og_description":"Das Outdoor Meshbanner sorgt f\u00fcr maximale Sichtbarkeit und ist die perfekte L\u00f6sung f\u00fcr Messedruck, Eventdruck und Ladenbau auch bei Wind und Wetter.","og_url":"https:\/\/ccs-fabricframe.de\/en\/product\/meshbanner\/","og_site_name":"CCS Fabric Frame","article_modified_time":"2026-03-24T09:32:35+00:00","og_image":[{"width":800,"height":800,"url":"https:\/\/ccs-fabricframe.de\/wp-content\/uploads\/2025\/08\/CCS_fabric_frame_produktpremium__outdoor_Meshbanner_01a.webp","type":"image\/webp"}],"twitter_card":"summary_large_image","twitter_misc":{"Est. reading time":"1 minute"},"schema":{"@context":"https:\/\/schema.org","@graph":[{"@type":"WebPage","@id":"https:\/\/ccs-fabricframe.de\/produkt\/meshbanner\/","url":"https:\/\/ccs-fabricframe.de\/produkt\/meshbanner\/","name":"Premium Outdoor Meshbanner PVC-free for Events \/ Trade Fair \/ Outdoor Ads - CCS Fabric Frame","isPartOf":{"@id":"https:\/\/ccs-fabricframe.de\/#website"},"primaryImageOfPage":{"@id":"https:\/\/ccs-fabricframe.de\/produkt\/meshbanner\/#primaryimage"},"image":{"@id":"https:\/\/ccs-fabricframe.de\/produkt\/meshbanner\/#primaryimage"},"thumbnailUrl":"https:\/\/ccs-fabricframe.de\/wp-content\/uploads\/2025\/08\/CCS_fabric_frame_produktpremium__outdoor_Meshbanner_01a.webp","datePublished":"2025-10-08T08:53:01+00:00","dateModified":"2026-03-24T09:32:35+00:00","description":"The outdoor mesh banner ensures maximum visibility and is the perfect solution for trade fairs, events, and shopfitting in any weather.","breadcrumb":{"@id":"https:\/\/ccs-fabricframe.de\/produkt\/meshbanner\/#breadcrumb"},"inLanguage":"en-US","potentialAction":[{"@type":"ReadAction","target":["https:\/\/ccs-fabricframe.de\/produkt\/meshbanner\/"]}]},{"@type":"ImageObject","inLanguage":"en-US","@id":"https:\/\/ccs-fabricframe.de\/produkt\/meshbanner\/#primaryimage","url":"https:\/\/ccs-fabricframe.de\/wp-content\/uploads\/2025\/08\/CCS_fabric_frame_produktpremium__outdoor_Meshbanner_01a.webp","contentUrl":"https:\/\/ccs-fabricframe.de\/wp-content\/uploads\/2025\/08\/CCS_fabric_frame_produktpremium__outdoor_Meshbanner_01a.webp","width":800,"height":800,"caption":"CCS Premium Outdoor Meshbanner mit \u00d6sen aufgehangen in einem Stangensystem an einer Fassade"},{"@type":"BreadcrumbList","@id":"https:\/\/ccs-fabricframe.de\/produkt\/meshbanner\/#breadcrumb","itemListElement":[{"@type":"ListItem","position":1,"name":"Startseite","item":"https:\/\/ccs-fabricframe.de\/"},{"@type":"ListItem","position":2,"name":"Produkte","item":"https:\/\/ccs-fabricframe.de\/produkte\/"},{"@type":"ListItem","position":3,"name":"Premium Outdoor Meshbanner PVC-frei f\u00fcr Events \/ Messe \/ Au\u00dfenwerbung"}]},{"@type":"WebSite","@id":"https:\/\/ccs-fabricframe.de\/#website","url":"https:\/\/ccs-fabricframe.de\/","name":"CCS Fabric Frame","description":"Print. Shape. Impress.","publisher":{"@id":"https:\/\/ccs-fabricframe.de\/#organization"},"potentialAction":[{"@type":"SearchAction","target":{"@type":"EntryPoint","urlTemplate":"https:\/\/ccs-fabricframe.de\/?s={search_term_string}"},"query-input":{"@type":"PropertyValueSpecification","valueRequired":true,"valueName":"search_term_string"}}],"inLanguage":"en-US"},{"@type":"Organization","@id":"https:\/\/ccs-fabricframe.de\/#organization","name":"CCS fabric frame","alternateName":"CCS","url":"https:\/\/ccs-fabricframe.de\/","logo":{"@type":"ImageObject","inLanguage":"en-US","@id":"https:\/\/ccs-fabricframe.de\/#\/schema\/logo\/image\/","url":"https:\/\/ccs-fabricframe.de\/wp-content\/uploads\/2025\/06\/Lg_CCS-Fabfra_RedBlack_rgb_EE2737-1E1E1E-1.svg","contentUrl":"https:\/\/ccs-fabricframe.de\/wp-content\/uploads\/2025\/06\/Lg_CCS-Fabfra_RedBlack_rgb_EE2737-1E1E1E-1.svg","width":459,"height":255,"caption":"CCS fabric frame"},"image":{"@id":"https:\/\/ccs-fabricframe.de\/#\/schema\/logo\/image\/"},"sameAs":["https:\/\/www.instagram.com\/ccsfabricframe\/","https:\/\/www.linkedin.com\/company\/ccs-fabricframe\/"]}]}},"_links":{"self":[{"href":"https:\/\/ccs-fabricframe.de\/en\/wp-json\/wp\/v2\/product\/6037","targetHints":{"allow":["GET"]}}],"collection":[{"href":"https:\/\/ccs-fabricframe.de\/en\/wp-json\/wp\/v2\/product"}],"about":[{"href":"https:\/\/ccs-fabricframe.de\/en\/wp-json\/wp\/v2\/types\/product"}],"wp:featuredmedia":[{"embeddable":true,"href":"https:\/\/ccs-fabricframe.de\/en\/wp-json\/wp\/v2\/media\/6542"}],"wp:attachment":[{"href":"https:\/\/ccs-fabricframe.de\/en\/wp-json\/wp\/v2\/media?parent=6037"}],"wp:term":[{"taxonomy":"product_brand","embeddable":true,"href":"https:\/\/ccs-fabricframe.de\/en\/wp-json\/wp\/v2\/product_brand?post=6037"},{"taxonomy":"product_cat","embeddable":true,"href":"https:\/\/ccs-fabricframe.de\/en\/wp-json\/wp\/v2\/product_cat?post=6037"},{"taxonomy":"product_tag","embeddable":true,"href":"https:\/\/ccs-fabricframe.de\/en\/wp-json\/wp\/v2\/product_tag?post=6037"}],"curies":[{"name":"wp","href":"https:\/\/api.w.org\/{rel}","templated":true}]}}