{"id":1011,"date":"2025-05-20T15:32:38","date_gmt":"2025-05-20T15:32:38","guid":{"rendered":"https:\/\/ccs-fabricframe.de\/?post_type=product&#038;p=1011"},"modified":"2026-02-09T11:12:23","modified_gmt":"2026-02-09T10:12:23","slug":"wallpaper-performance","status":"publish","type":"product","link":"https:\/\/ccs-fabricframe.de\/en\/product\/wallpaper-performance\/","title":{"rendered":"Wallpaper Performance"},"content":{"rendered":"<p>Easily transform your interior spaces with high-quality textile wallcoverings that offer a refined alternative to traditional wallpaper. Available in both self-adhesive and paste-up varieties, these select materials provide a luxurious texture that enhances any design.<\/p>\n<p>Whether with elaborate motifs or in plain brand colors, the endless printing options make it easy to create a truly individual space. This makes these wall coverings ideal for offices, clinics, restaurants, and hotels.<\/p>\n<p>Special features:<\/p>\n<ul>\n<li>100% PVC-free<\/li>\n<li>Zum Kleistern oder selbstklebend<\/li>\n<li>Flame retardant according to DIN EN 13501<\/li>\n<li>150 cm printable fabric width<\/li>\n<\/ul>","protected":false},"excerpt":{"rendered":"<p>High-quality textile wallpaper \u2013 a sophisticated alternative to conventional wallpaper.<\/p>\n<ul>\n<li>Self-adhesive and pasteable variants available<\/li>\n<li>150 cm printable fabric width<\/li>\n<li>high-quality surface feel<\/li>\n<\/ul>\n<p><span style=\"color: #ff0000;\"><a style=\"color: #ff0000;\" href=\"https:\/\/ccs-fabricframe.de\/wp-content\/uploads\/2025\/09\/1025_Wallpaper-Performance.pdf\" target=\"_blank\" rel=\"noopener\">Data sheet download &gt;<\/a><\/span><\/p>","protected":false},"featured_media":6374,"template":"","meta":[],"product_brand":[153],"product_cat":[88,99,92,148,94,100],"product_tag":[218],"class_list":{"0":"post-1011","1":"product","2":"type-product","3":"status-publish","4":"has-post-thumbnail","6":"product_brand-fabric-indoor","7":"product_cat-aufsicht","8":"product_cat-latexdruck","9":"product_cat-polyester","10":"product_cat-produkt-fabric","11":"product_cat-pvc-frei","12":"product_cat-zuschnitt","13":"product_tag-special","15":"first","16":"instock","17":"shipping-taxable","18":"product-type-simple"},"yoast_head":"<!-- This site is optimized with the Yoast SEO plugin v27.3 - https:\/\/yoast.com\/product\/yoast-seo-wordpress\/ -->\n<title>Wallpaper Performance - CCS Fabric Frame<\/title>\n<meta name=\"description\" content=\"Ver\u00e4ndert eure Innenr\u00e4ume m\u00fchelos mit hochwertigen Textiltapeten, die eine raffinierte Alternative zu herk\u00f6mmlichen Tapeten darstellen.\" \/>\n<meta name=\"robots\" content=\"index, follow, max-snippet:-1, max-image-preview:large, max-video-preview:-1\" \/>\n<link rel=\"canonical\" href=\"https:\/\/ccs-fabricframe.de\/en\/product\/wallpaper-performance\/\" \/>\n<meta property=\"og:locale\" content=\"en_US\" \/>\n<meta property=\"og:type\" content=\"article\" \/>\n<meta property=\"og:title\" content=\"Wallpaper Performance - CCS Fabric Frame\" \/>\n<meta property=\"og:description\" content=\"Ver\u00e4ndert eure Innenr\u00e4ume m\u00fchelos mit hochwertigen Textiltapeten, die eine raffinierte Alternative zu herk\u00f6mmlichen Tapeten darstellen.\" \/>\n<meta property=\"og:url\" content=\"https:\/\/ccs-fabricframe.de\/en\/product\/wallpaper-performance\/\" \/>\n<meta property=\"og:site_name\" content=\"CCS Fabric Frame\" \/>\n<meta property=\"article:modified_time\" content=\"2026-02-09T10:12:23+00:00\" \/>\n<meta property=\"og:image\" content=\"https:\/\/ccs-fabricframe.de\/wp-content\/uploads\/2025\/05\/CCS_fabric_frame_produkt_fabric_wallpaper_performance_1025.webp\" \/>\n\t<meta property=\"og:image:width\" content=\"1240\" \/>\n\t<meta property=\"og:image:height\" content=\"1754\" \/>\n\t<meta property=\"og:image:type\" content=\"image\/webp\" \/>\n<meta name=\"twitter:card\" content=\"summary_large_image\" \/>\n<meta name=\"twitter:label1\" content=\"Est. reading time\" \/>\n\t<meta name=\"twitter:data1\" content=\"1 minute\" \/>\n<script type=\"application\/ld+json\" class=\"yoast-schema-graph\">{\"@context\":\"https:\\\/\\\/schema.org\",\"@graph\":[{\"@type\":\"WebPage\",\"@id\":\"https:\\\/\\\/ccs-fabricframe.de\\\/produkt\\\/wallpaper-performance\\\/\",\"url\":\"https:\\\/\\\/ccs-fabricframe.de\\\/produkt\\\/wallpaper-performance\\\/\",\"name\":\"Wallpaper Performance - CCS Fabric Frame\",\"isPartOf\":{\"@id\":\"https:\\\/\\\/ccs-fabricframe.de\\\/#website\"},\"primaryImageOfPage\":{\"@id\":\"https:\\\/\\\/ccs-fabricframe.de\\\/produkt\\\/wallpaper-performance\\\/#primaryimage\"},\"image\":{\"@id\":\"https:\\\/\\\/ccs-fabricframe.de\\\/produkt\\\/wallpaper-performance\\\/#primaryimage\"},\"thumbnailUrl\":\"https:\\\/\\\/ccs-fabricframe.de\\\/wp-content\\\/uploads\\\/2025\\\/05\\\/CCS_fabric_frame_produkt_fabric_wallpaper_performance_1025.webp\",\"datePublished\":\"2025-05-20T15:32:38+00:00\",\"dateModified\":\"2026-02-09T10:12:23+00:00\",\"description\":\"Ver\u00e4ndert eure Innenr\u00e4ume m\u00fchelos mit hochwertigen Textiltapeten, die eine raffinierte Alternative zu herk\u00f6mmlichen Tapeten darstellen.\",\"breadcrumb\":{\"@id\":\"https:\\\/\\\/ccs-fabricframe.de\\\/produkt\\\/wallpaper-performance\\\/#breadcrumb\"},\"inLanguage\":\"en-US\",\"potentialAction\":[{\"@type\":\"ReadAction\",\"target\":[\"https:\\\/\\\/ccs-fabricframe.de\\\/produkt\\\/wallpaper-performance\\\/\"]}]},{\"@type\":\"ImageObject\",\"inLanguage\":\"en-US\",\"@id\":\"https:\\\/\\\/ccs-fabricframe.de\\\/produkt\\\/wallpaper-performance\\\/#primaryimage\",\"url\":\"https:\\\/\\\/ccs-fabricframe.de\\\/wp-content\\\/uploads\\\/2025\\\/05\\\/CCS_fabric_frame_produkt_fabric_wallpaper_performance_1025.webp\",\"contentUrl\":\"https:\\\/\\\/ccs-fabricframe.de\\\/wp-content\\\/uploads\\\/2025\\\/05\\\/CCS_fabric_frame_produkt_fabric_wallpaper_performance_1025.webp\",\"width\":1240,\"height\":1754,\"caption\":\"Wallpaper Performance 1025 Fabric\"},{\"@type\":\"BreadcrumbList\",\"@id\":\"https:\\\/\\\/ccs-fabricframe.de\\\/produkt\\\/wallpaper-performance\\\/#breadcrumb\",\"itemListElement\":[{\"@type\":\"ListItem\",\"position\":1,\"name\":\"Startseite\",\"item\":\"https:\\\/\\\/ccs-fabricframe.de\\\/\"},{\"@type\":\"ListItem\",\"position\":2,\"name\":\"Produkte\",\"item\":\"https:\\\/\\\/ccs-fabricframe.de\\\/produkte\\\/\"},{\"@type\":\"ListItem\",\"position\":3,\"name\":\"Wallpaper Performance\"}]},{\"@type\":\"WebSite\",\"@id\":\"https:\\\/\\\/ccs-fabricframe.de\\\/#website\",\"url\":\"https:\\\/\\\/ccs-fabricframe.de\\\/\",\"name\":\"CCS Fabric Frame\",\"description\":\"Print. Shape. Impress.\",\"publisher\":{\"@id\":\"https:\\\/\\\/ccs-fabricframe.de\\\/#organization\"},\"potentialAction\":[{\"@type\":\"SearchAction\",\"target\":{\"@type\":\"EntryPoint\",\"urlTemplate\":\"https:\\\/\\\/ccs-fabricframe.de\\\/?s={search_term_string}\"},\"query-input\":{\"@type\":\"PropertyValueSpecification\",\"valueRequired\":true,\"valueName\":\"search_term_string\"}}],\"inLanguage\":\"en-US\"},{\"@type\":\"Organization\",\"@id\":\"https:\\\/\\\/ccs-fabricframe.de\\\/#organization\",\"name\":\"CCS fabric frame\",\"alternateName\":\"CCS\",\"url\":\"https:\\\/\\\/ccs-fabricframe.de\\\/\",\"logo\":{\"@type\":\"ImageObject\",\"inLanguage\":\"en-US\",\"@id\":\"https:\\\/\\\/ccs-fabricframe.de\\\/#\\\/schema\\\/logo\\\/image\\\/\",\"url\":\"https:\\\/\\\/ccs-fabricframe.de\\\/wp-content\\\/uploads\\\/2025\\\/06\\\/Lg_CCS-Fabfra_RedBlack_rgb_EE2737-1E1E1E-1.svg\",\"contentUrl\":\"https:\\\/\\\/ccs-fabricframe.de\\\/wp-content\\\/uploads\\\/2025\\\/06\\\/Lg_CCS-Fabfra_RedBlack_rgb_EE2737-1E1E1E-1.svg\",\"width\":459,\"height\":255,\"caption\":\"CCS fabric frame\"},\"image\":{\"@id\":\"https:\\\/\\\/ccs-fabricframe.de\\\/#\\\/schema\\\/logo\\\/image\\\/\"},\"sameAs\":[\"https:\\\/\\\/www.instagram.com\\\/ccsfabricframe\\\/\",\"https:\\\/\\\/www.linkedin.com\\\/company\\\/ccs-fabricframe\\\/\"]}]}<\/script>\n<!-- \/ Yoast SEO plugin. -->","yoast_head_json":{"title":"Wallpaper Performance - CCS Fabric Frame","description":"Easily transform your interior spaces with high-quality textile wallpaper, which offers a sophisticated alternative to traditional wallpaper.","robots":{"index":"index","follow":"follow","max-snippet":"max-snippet:-1","max-image-preview":"max-image-preview:large","max-video-preview":"max-video-preview:-1"},"canonical":"https:\/\/ccs-fabricframe.de\/en\/product\/wallpaper-performance\/","og_locale":"en_US","og_type":"article","og_title":"Wallpaper Performance - CCS Fabric Frame","og_description":"Ver\u00e4ndert eure Innenr\u00e4ume m\u00fchelos mit hochwertigen Textiltapeten, die eine raffinierte Alternative zu herk\u00f6mmlichen Tapeten darstellen.","og_url":"https:\/\/ccs-fabricframe.de\/en\/product\/wallpaper-performance\/","og_site_name":"CCS Fabric Frame","article_modified_time":"2026-02-09T10:12:23+00:00","og_image":[{"width":1240,"height":1754,"url":"https:\/\/ccs-fabricframe.de\/wp-content\/uploads\/2025\/05\/CCS_fabric_frame_produkt_fabric_wallpaper_performance_1025.webp","type":"image\/webp"}],"twitter_card":"summary_large_image","twitter_misc":{"Est. reading time":"1 minute"},"schema":{"@context":"https:\/\/schema.org","@graph":[{"@type":"WebPage","@id":"https:\/\/ccs-fabricframe.de\/produkt\/wallpaper-performance\/","url":"https:\/\/ccs-fabricframe.de\/produkt\/wallpaper-performance\/","name":"Wallpaper Performance - CCS Fabric Frame","isPartOf":{"@id":"https:\/\/ccs-fabricframe.de\/#website"},"primaryImageOfPage":{"@id":"https:\/\/ccs-fabricframe.de\/produkt\/wallpaper-performance\/#primaryimage"},"image":{"@id":"https:\/\/ccs-fabricframe.de\/produkt\/wallpaper-performance\/#primaryimage"},"thumbnailUrl":"https:\/\/ccs-fabricframe.de\/wp-content\/uploads\/2025\/05\/CCS_fabric_frame_produkt_fabric_wallpaper_performance_1025.webp","datePublished":"2025-05-20T15:32:38+00:00","dateModified":"2026-02-09T10:12:23+00:00","description":"Easily transform your interior spaces with high-quality textile wallpaper, which offers a sophisticated alternative to traditional wallpaper.","breadcrumb":{"@id":"https:\/\/ccs-fabricframe.de\/produkt\/wallpaper-performance\/#breadcrumb"},"inLanguage":"en-US","potentialAction":[{"@type":"ReadAction","target":["https:\/\/ccs-fabricframe.de\/produkt\/wallpaper-performance\/"]}]},{"@type":"ImageObject","inLanguage":"en-US","@id":"https:\/\/ccs-fabricframe.de\/produkt\/wallpaper-performance\/#primaryimage","url":"https:\/\/ccs-fabricframe.de\/wp-content\/uploads\/2025\/05\/CCS_fabric_frame_produkt_fabric_wallpaper_performance_1025.webp","contentUrl":"https:\/\/ccs-fabricframe.de\/wp-content\/uploads\/2025\/05\/CCS_fabric_frame_produkt_fabric_wallpaper_performance_1025.webp","width":1240,"height":1754,"caption":"Wallpaper Performance 1025 Fabric"},{"@type":"BreadcrumbList","@id":"https:\/\/ccs-fabricframe.de\/produkt\/wallpaper-performance\/#breadcrumb","itemListElement":[{"@type":"ListItem","position":1,"name":"Startseite","item":"https:\/\/ccs-fabricframe.de\/"},{"@type":"ListItem","position":2,"name":"Produkte","item":"https:\/\/ccs-fabricframe.de\/produkte\/"},{"@type":"ListItem","position":3,"name":"Wallpaper Performance"}]},{"@type":"WebSite","@id":"https:\/\/ccs-fabricframe.de\/#website","url":"https:\/\/ccs-fabricframe.de\/","name":"CCS Fabric Frame","description":"Print. Shape. Impress.","publisher":{"@id":"https:\/\/ccs-fabricframe.de\/#organization"},"potentialAction":[{"@type":"SearchAction","target":{"@type":"EntryPoint","urlTemplate":"https:\/\/ccs-fabricframe.de\/?s={search_term_string}"},"query-input":{"@type":"PropertyValueSpecification","valueRequired":true,"valueName":"search_term_string"}}],"inLanguage":"en-US"},{"@type":"Organization","@id":"https:\/\/ccs-fabricframe.de\/#organization","name":"CCS fabric frame","alternateName":"CCS","url":"https:\/\/ccs-fabricframe.de\/","logo":{"@type":"ImageObject","inLanguage":"en-US","@id":"https:\/\/ccs-fabricframe.de\/#\/schema\/logo\/image\/","url":"https:\/\/ccs-fabricframe.de\/wp-content\/uploads\/2025\/06\/Lg_CCS-Fabfra_RedBlack_rgb_EE2737-1E1E1E-1.svg","contentUrl":"https:\/\/ccs-fabricframe.de\/wp-content\/uploads\/2025\/06\/Lg_CCS-Fabfra_RedBlack_rgb_EE2737-1E1E1E-1.svg","width":459,"height":255,"caption":"CCS fabric frame"},"image":{"@id":"https:\/\/ccs-fabricframe.de\/#\/schema\/logo\/image\/"},"sameAs":["https:\/\/www.instagram.com\/ccsfabricframe\/","https:\/\/www.linkedin.com\/company\/ccs-fabricframe\/"]}]}},"_links":{"self":[{"href":"https:\/\/ccs-fabricframe.de\/en\/wp-json\/wp\/v2\/product\/1011","targetHints":{"allow":["GET"]}}],"collection":[{"href":"https:\/\/ccs-fabricframe.de\/en\/wp-json\/wp\/v2\/product"}],"about":[{"href":"https:\/\/ccs-fabricframe.de\/en\/wp-json\/wp\/v2\/types\/product"}],"wp:featuredmedia":[{"embeddable":true,"href":"https:\/\/ccs-fabricframe.de\/en\/wp-json\/wp\/v2\/media\/6374"}],"wp:attachment":[{"href":"https:\/\/ccs-fabricframe.de\/en\/wp-json\/wp\/v2\/media?parent=1011"}],"wp:term":[{"taxonomy":"product_brand","embeddable":true,"href":"https:\/\/ccs-fabricframe.de\/en\/wp-json\/wp\/v2\/product_brand?post=1011"},{"taxonomy":"product_cat","embeddable":true,"href":"https:\/\/ccs-fabricframe.de\/en\/wp-json\/wp\/v2\/product_cat?post=1011"},{"taxonomy":"product_tag","embeddable":true,"href":"https:\/\/ccs-fabricframe.de\/en\/wp-json\/wp\/v2\/product_tag?post=1011"}],"curies":[{"name":"wp","href":"https:\/\/api.w.org\/{rel}","templated":true}]}}