{"id":1009,"date":"2025-05-20T15:27:43","date_gmt":"2025-05-20T15:27:43","guid":{"rendered":"https:\/\/ccs-fabricframe.de\/?post_type=product&#038;p=1009"},"modified":"2025-11-12T13:19:02","modified_gmt":"2025-11-12T12:19:02","slug":"whiteback-classic","status":"publish","type":"product","link":"https:\/\/ccs-fabricframe.de\/en\/product\/whiteback-classic\/","title":{"rendered":"Whiteback Classic"},"content":{"rendered":"<p>Our Whiteback Classic is our standard material for the back facing of all lightboxes. Thanks to its opaque coating and color, it reflects the LED light, making the images even more vibrant. At the same time, it reduces light loss at the back of the lightbox.<\/p>\n<p>Special features:<\/p>\n<ul>\n<li>Can only be ordered blank<\/li>\n<li>100 % PVC-free<\/li>\n<li>White Coated Backing<\/li>\n<li>Opaque<\/li>\n<li>Flame retardant according to DIN 4102 B1<\/li>\n<li>317 cm printable fabric width<\/li>\n<\/ul>","protected":false},"excerpt":{"rendered":"<h3>Our Whiteback Classic \u2013 for the back facing of all lightboxes<\/h3>\n<ul>\n<li>Can only be ordered blank<\/li>\n<li>White Coated Backing<\/li>\n<li>Opaque<\/li>\n<li>317 cm printable fabric width<\/li>\n<\/ul>\n<p><span style=\"color: #ff0000;\"><a style=\"color: #ff0000;\" href=\"https:\/\/ccs-fabricframe.de\/wp-content\/uploads\/2025\/09\/4829_Whiteback-Classic.pdf\" target=\"_blank\" rel=\"noopener\">Data sheet download &gt;<\/a><\/span><\/p>","protected":false},"featured_media":6376,"template":"","meta":[],"product_brand":[156],"product_cat":[20,89,102,101,104,103,92,148,94,105,97,100],"product_tag":[50,43],"class_list":{"0":"post-1009","1":"product","2":"type-product","3":"status-publish","4":"has-post-thumbnail","6":"product_brand-fabric-frontlit","7":"product_cat-fabric","8":"product_cat-hinterleuchtet","9":"product_cat-hohlsaum","10":"product_cat-keder","11":"product_cat-klett-flausch","12":"product_cat-oesen","13":"product_cat-polyester","14":"product_cat-produkt-fabric","15":"product_cat-pvc-frei","16":"product_cat-custom","17":"product_cat-unbedruckt","18":"product_cat-zuschnitt","19":"product_tag-blanko","20":"product_tag-schwer-entflammbar","22":"first","23":"instock","24":"shipping-taxable","25":"product-type-simple"},"yoast_head":"<!-- This site is optimized with the Yoast SEO plugin v27.3 - https:\/\/yoast.com\/product\/yoast-seo-wordpress\/ -->\n<title>Whiteback Classic - CCS Fabric Frame<\/title>\n<meta name=\"description\" content=\"Unser Whiteback Classic ist unser Standardmaterial f\u00fcr die r\u00fcckseitige Ausstattung aller Leuchtk\u00e4sten und daher nur in blanko erh\u00e4ltlich.\" \/>\n<meta name=\"robots\" content=\"index, follow, max-snippet:-1, max-image-preview:large, max-video-preview:-1\" \/>\n<link rel=\"canonical\" href=\"https:\/\/ccs-fabricframe.de\/en\/product\/whiteback-classic\/\" \/>\n<meta property=\"og:locale\" content=\"en_US\" \/>\n<meta property=\"og:type\" content=\"article\" \/>\n<meta property=\"og:title\" content=\"Whiteback Classic - CCS Fabric Frame\" \/>\n<meta property=\"og:description\" content=\"Unser Whiteback Classic ist unser Standardmaterial f\u00fcr die r\u00fcckseitige Ausstattung aller Leuchtk\u00e4sten und daher nur in blanko erh\u00e4ltlich.\" \/>\n<meta property=\"og:url\" content=\"https:\/\/ccs-fabricframe.de\/en\/product\/whiteback-classic\/\" \/>\n<meta property=\"og:site_name\" content=\"CCS Fabric Frame\" \/>\n<meta property=\"article:modified_time\" content=\"2025-11-12T12:19:02+00:00\" \/>\n<meta property=\"og:image\" content=\"https:\/\/ccs-fabricframe.de\/wp-content\/uploads\/2025\/05\/CCS_fabric_frame_produkt_fabric_whiteback_classic_4829.webp\" \/>\n\t<meta property=\"og:image:width\" content=\"1240\" \/>\n\t<meta property=\"og:image:height\" content=\"1754\" \/>\n\t<meta property=\"og:image:type\" content=\"image\/webp\" \/>\n<meta name=\"twitter:card\" content=\"summary_large_image\" \/>\n<meta name=\"twitter:label1\" content=\"Est. reading time\" \/>\n\t<meta name=\"twitter:data1\" content=\"1 minute\" \/>\n<script type=\"application\/ld+json\" class=\"yoast-schema-graph\">{\"@context\":\"https:\\\/\\\/schema.org\",\"@graph\":[{\"@type\":\"WebPage\",\"@id\":\"https:\\\/\\\/ccs-fabricframe.de\\\/produkt\\\/whiteback-classic\\\/\",\"url\":\"https:\\\/\\\/ccs-fabricframe.de\\\/produkt\\\/whiteback-classic\\\/\",\"name\":\"Whiteback Classic - CCS Fabric Frame\",\"isPartOf\":{\"@id\":\"https:\\\/\\\/ccs-fabricframe.de\\\/#website\"},\"primaryImageOfPage\":{\"@id\":\"https:\\\/\\\/ccs-fabricframe.de\\\/produkt\\\/whiteback-classic\\\/#primaryimage\"},\"image\":{\"@id\":\"https:\\\/\\\/ccs-fabricframe.de\\\/produkt\\\/whiteback-classic\\\/#primaryimage\"},\"thumbnailUrl\":\"https:\\\/\\\/ccs-fabricframe.de\\\/wp-content\\\/uploads\\\/2025\\\/05\\\/CCS_fabric_frame_produkt_fabric_whiteback_classic_4829.webp\",\"datePublished\":\"2025-05-20T15:27:43+00:00\",\"dateModified\":\"2025-11-12T12:19:02+00:00\",\"description\":\"Unser Whiteback Classic ist unser Standardmaterial f\u00fcr die r\u00fcckseitige Ausstattung aller Leuchtk\u00e4sten und daher nur in blanko erh\u00e4ltlich.\",\"breadcrumb\":{\"@id\":\"https:\\\/\\\/ccs-fabricframe.de\\\/produkt\\\/whiteback-classic\\\/#breadcrumb\"},\"inLanguage\":\"en-US\",\"potentialAction\":[{\"@type\":\"ReadAction\",\"target\":[\"https:\\\/\\\/ccs-fabricframe.de\\\/produkt\\\/whiteback-classic\\\/\"]}]},{\"@type\":\"ImageObject\",\"inLanguage\":\"en-US\",\"@id\":\"https:\\\/\\\/ccs-fabricframe.de\\\/produkt\\\/whiteback-classic\\\/#primaryimage\",\"url\":\"https:\\\/\\\/ccs-fabricframe.de\\\/wp-content\\\/uploads\\\/2025\\\/05\\\/CCS_fabric_frame_produkt_fabric_whiteback_classic_4829.webp\",\"contentUrl\":\"https:\\\/\\\/ccs-fabricframe.de\\\/wp-content\\\/uploads\\\/2025\\\/05\\\/CCS_fabric_frame_produkt_fabric_whiteback_classic_4829.webp\",\"width\":1240,\"height\":1754,\"caption\":\"Whiteback Classic 4829 Fabric\"},{\"@type\":\"BreadcrumbList\",\"@id\":\"https:\\\/\\\/ccs-fabricframe.de\\\/produkt\\\/whiteback-classic\\\/#breadcrumb\",\"itemListElement\":[{\"@type\":\"ListItem\",\"position\":1,\"name\":\"Startseite\",\"item\":\"https:\\\/\\\/ccs-fabricframe.de\\\/\"},{\"@type\":\"ListItem\",\"position\":2,\"name\":\"Produkte\",\"item\":\"https:\\\/\\\/ccs-fabricframe.de\\\/produkte\\\/\"},{\"@type\":\"ListItem\",\"position\":3,\"name\":\"Whiteback Classic\"}]},{\"@type\":\"WebSite\",\"@id\":\"https:\\\/\\\/ccs-fabricframe.de\\\/#website\",\"url\":\"https:\\\/\\\/ccs-fabricframe.de\\\/\",\"name\":\"CCS Fabric Frame\",\"description\":\"Print. Shape. Impress.\",\"publisher\":{\"@id\":\"https:\\\/\\\/ccs-fabricframe.de\\\/#organization\"},\"potentialAction\":[{\"@type\":\"SearchAction\",\"target\":{\"@type\":\"EntryPoint\",\"urlTemplate\":\"https:\\\/\\\/ccs-fabricframe.de\\\/?s={search_term_string}\"},\"query-input\":{\"@type\":\"PropertyValueSpecification\",\"valueRequired\":true,\"valueName\":\"search_term_string\"}}],\"inLanguage\":\"en-US\"},{\"@type\":\"Organization\",\"@id\":\"https:\\\/\\\/ccs-fabricframe.de\\\/#organization\",\"name\":\"CCS fabric frame\",\"alternateName\":\"CCS\",\"url\":\"https:\\\/\\\/ccs-fabricframe.de\\\/\",\"logo\":{\"@type\":\"ImageObject\",\"inLanguage\":\"en-US\",\"@id\":\"https:\\\/\\\/ccs-fabricframe.de\\\/#\\\/schema\\\/logo\\\/image\\\/\",\"url\":\"https:\\\/\\\/ccs-fabricframe.de\\\/wp-content\\\/uploads\\\/2025\\\/06\\\/Lg_CCS-Fabfra_RedBlack_rgb_EE2737-1E1E1E-1.svg\",\"contentUrl\":\"https:\\\/\\\/ccs-fabricframe.de\\\/wp-content\\\/uploads\\\/2025\\\/06\\\/Lg_CCS-Fabfra_RedBlack_rgb_EE2737-1E1E1E-1.svg\",\"width\":459,\"height\":255,\"caption\":\"CCS fabric frame\"},\"image\":{\"@id\":\"https:\\\/\\\/ccs-fabricframe.de\\\/#\\\/schema\\\/logo\\\/image\\\/\"},\"sameAs\":[\"https:\\\/\\\/www.instagram.com\\\/ccsfabricframe\\\/\",\"https:\\\/\\\/www.linkedin.com\\\/company\\\/ccs-fabricframe\\\/\"]}]}<\/script>\n<!-- \/ Yoast SEO plugin. -->","yoast_head_json":{"title":"Whiteback Classic - CCS Fabric Frame","description":"Our Whiteback Classic is our standard material for the rear lining of all lightboxes and is therefore only available blank.","robots":{"index":"index","follow":"follow","max-snippet":"max-snippet:-1","max-image-preview":"max-image-preview:large","max-video-preview":"max-video-preview:-1"},"canonical":"https:\/\/ccs-fabricframe.de\/en\/product\/whiteback-classic\/","og_locale":"en_US","og_type":"article","og_title":"Whiteback Classic - CCS Fabric Frame","og_description":"Unser Whiteback Classic ist unser Standardmaterial f\u00fcr die r\u00fcckseitige Ausstattung aller Leuchtk\u00e4sten und daher nur in blanko erh\u00e4ltlich.","og_url":"https:\/\/ccs-fabricframe.de\/en\/product\/whiteback-classic\/","og_site_name":"CCS Fabric Frame","article_modified_time":"2025-11-12T12:19:02+00:00","og_image":[{"width":1240,"height":1754,"url":"https:\/\/ccs-fabricframe.de\/wp-content\/uploads\/2025\/05\/CCS_fabric_frame_produkt_fabric_whiteback_classic_4829.webp","type":"image\/webp"}],"twitter_card":"summary_large_image","twitter_misc":{"Est. reading time":"1 minute"},"schema":{"@context":"https:\/\/schema.org","@graph":[{"@type":"WebPage","@id":"https:\/\/ccs-fabricframe.de\/produkt\/whiteback-classic\/","url":"https:\/\/ccs-fabricframe.de\/produkt\/whiteback-classic\/","name":"Whiteback Classic - CCS Fabric Frame","isPartOf":{"@id":"https:\/\/ccs-fabricframe.de\/#website"},"primaryImageOfPage":{"@id":"https:\/\/ccs-fabricframe.de\/produkt\/whiteback-classic\/#primaryimage"},"image":{"@id":"https:\/\/ccs-fabricframe.de\/produkt\/whiteback-classic\/#primaryimage"},"thumbnailUrl":"https:\/\/ccs-fabricframe.de\/wp-content\/uploads\/2025\/05\/CCS_fabric_frame_produkt_fabric_whiteback_classic_4829.webp","datePublished":"2025-05-20T15:27:43+00:00","dateModified":"2025-11-12T12:19:02+00:00","description":"Our Whiteback Classic is our standard material for the rear lining of all lightboxes and is therefore only available blank.","breadcrumb":{"@id":"https:\/\/ccs-fabricframe.de\/produkt\/whiteback-classic\/#breadcrumb"},"inLanguage":"en-US","potentialAction":[{"@type":"ReadAction","target":["https:\/\/ccs-fabricframe.de\/produkt\/whiteback-classic\/"]}]},{"@type":"ImageObject","inLanguage":"en-US","@id":"https:\/\/ccs-fabricframe.de\/produkt\/whiteback-classic\/#primaryimage","url":"https:\/\/ccs-fabricframe.de\/wp-content\/uploads\/2025\/05\/CCS_fabric_frame_produkt_fabric_whiteback_classic_4829.webp","contentUrl":"https:\/\/ccs-fabricframe.de\/wp-content\/uploads\/2025\/05\/CCS_fabric_frame_produkt_fabric_whiteback_classic_4829.webp","width":1240,"height":1754,"caption":"Whiteback Classic 4829 Fabric"},{"@type":"BreadcrumbList","@id":"https:\/\/ccs-fabricframe.de\/produkt\/whiteback-classic\/#breadcrumb","itemListElement":[{"@type":"ListItem","position":1,"name":"Startseite","item":"https:\/\/ccs-fabricframe.de\/"},{"@type":"ListItem","position":2,"name":"Produkte","item":"https:\/\/ccs-fabricframe.de\/produkte\/"},{"@type":"ListItem","position":3,"name":"Whiteback Classic"}]},{"@type":"WebSite","@id":"https:\/\/ccs-fabricframe.de\/#website","url":"https:\/\/ccs-fabricframe.de\/","name":"CCS Fabric Frame","description":"Print. Shape. Impress.","publisher":{"@id":"https:\/\/ccs-fabricframe.de\/#organization"},"potentialAction":[{"@type":"SearchAction","target":{"@type":"EntryPoint","urlTemplate":"https:\/\/ccs-fabricframe.de\/?s={search_term_string}"},"query-input":{"@type":"PropertyValueSpecification","valueRequired":true,"valueName":"search_term_string"}}],"inLanguage":"en-US"},{"@type":"Organization","@id":"https:\/\/ccs-fabricframe.de\/#organization","name":"CCS fabric frame","alternateName":"CCS","url":"https:\/\/ccs-fabricframe.de\/","logo":{"@type":"ImageObject","inLanguage":"en-US","@id":"https:\/\/ccs-fabricframe.de\/#\/schema\/logo\/image\/","url":"https:\/\/ccs-fabricframe.de\/wp-content\/uploads\/2025\/06\/Lg_CCS-Fabfra_RedBlack_rgb_EE2737-1E1E1E-1.svg","contentUrl":"https:\/\/ccs-fabricframe.de\/wp-content\/uploads\/2025\/06\/Lg_CCS-Fabfra_RedBlack_rgb_EE2737-1E1E1E-1.svg","width":459,"height":255,"caption":"CCS fabric frame"},"image":{"@id":"https:\/\/ccs-fabricframe.de\/#\/schema\/logo\/image\/"},"sameAs":["https:\/\/www.instagram.com\/ccsfabricframe\/","https:\/\/www.linkedin.com\/company\/ccs-fabricframe\/"]}]}},"_links":{"self":[{"href":"https:\/\/ccs-fabricframe.de\/en\/wp-json\/wp\/v2\/product\/1009","targetHints":{"allow":["GET"]}}],"collection":[{"href":"https:\/\/ccs-fabricframe.de\/en\/wp-json\/wp\/v2\/product"}],"about":[{"href":"https:\/\/ccs-fabricframe.de\/en\/wp-json\/wp\/v2\/types\/product"}],"wp:featuredmedia":[{"embeddable":true,"href":"https:\/\/ccs-fabricframe.de\/en\/wp-json\/wp\/v2\/media\/6376"}],"wp:attachment":[{"href":"https:\/\/ccs-fabricframe.de\/en\/wp-json\/wp\/v2\/media?parent=1009"}],"wp:term":[{"taxonomy":"product_brand","embeddable":true,"href":"https:\/\/ccs-fabricframe.de\/en\/wp-json\/wp\/v2\/product_brand?post=1009"},{"taxonomy":"product_cat","embeddable":true,"href":"https:\/\/ccs-fabricframe.de\/en\/wp-json\/wp\/v2\/product_cat?post=1009"},{"taxonomy":"product_tag","embeddable":true,"href":"https:\/\/ccs-fabricframe.de\/en\/wp-json\/wp\/v2\/product_tag?post=1009"}],"curies":[{"name":"wp","href":"https:\/\/api.w.org\/{rel}","templated":true}]}}