{"id":3064,"date":"2025-07-21T09:23:56","date_gmt":"2025-07-21T07:23:56","guid":{"rendered":"https:\/\/ccs-fabricframe.de\/?page_id=3064"},"modified":"2025-09-01T14:06:48","modified_gmt":"2025-09-01T12:06:48","slug":"problem-melden-compliance","status":"publish","type":"page","link":"https:\/\/ccs-fabricframe.de\/en\/problem-melden-compliance\/","title":{"rendered":"Report a problem (Compliance)"},"content":{"rendered":"<div id=\"wd-f42e896b\" class=\"wp-block-wd-section\">\n<div id=\"wd-34b27c05\" class=\"wp-block-wd-row\">\n<div id=\"wd-4f7c8e0f\" class=\"wp-block-wd-column\">\n<div id=\"wd-4c312ad7\" class=\"wp-block-wd-container wd-dir-col\">\n<h1 class=\"wp-block-heading\">Report a problem (Compliance)<\/h1>\n\n\n\n<p id=\"wd-f7618908\" class=\"wp-block-wd-paragraph\">Here we give you the opportunity to report a problem in writing on a whistleblower portal in accordance with the Whistleblower Protection Act.<\/p>\n\n\n\n<p id=\"wd-b1aa841a\" class=\"wp-block-wd-paragraph\"><a href=\"https:\/\/whistleblowing.akarion.app\/c?p=base-f8447d3a-eda6-445d-9cbf-09f838b28f7a&amp;t=77kjv2071h\"><strong><em>To the whistleblower portal<\/em><\/strong><\/a><\/p>\n<\/div>\n<\/div>\n<\/div>\n<\/div>","protected":false},"excerpt":{"rendered":"","protected":false},"author":2,"featured_media":0,"parent":0,"menu_order":0,"comment_status":"closed","ping_status":"closed","template":"","meta":{"footnotes":""},"class_list":["post-3064","page","type-page","status-publish","hentry"],"yoast_head":"<!-- This site is optimized with the Yoast SEO plugin v27.3 - https:\/\/yoast.com\/product\/yoast-seo-wordpress\/ -->\n<title>Problem melden (Compliance) - CCS Fabric Frame<\/title>\n<meta name=\"description\" content=\"Hier geben wir Ihnen die M\u00f6glichkeit, gem\u00e4\u00df Hinweisgeberschutzgesetz ein Problem schriftlich auf einem Hinweisgeberportal zu melden.\" \/>\n<meta name=\"robots\" content=\"index, follow, max-snippet:-1, max-image-preview:large, max-video-preview:-1\" \/>\n<link rel=\"canonical\" href=\"https:\/\/ccs-fabricframe.de\/en\/problem-melden-compliance\/\" \/>\n<meta property=\"og:locale\" content=\"en_US\" \/>\n<meta property=\"og:type\" content=\"article\" \/>\n<meta property=\"og:title\" content=\"Problem melden (Compliance) - CCS Fabric Frame\" \/>\n<meta property=\"og:description\" content=\"Hier geben wir Ihnen die M\u00f6glichkeit, gem\u00e4\u00df Hinweisgeberschutzgesetz ein Problem schriftlich auf einem Hinweisgeberportal zu melden.\" \/>\n<meta property=\"og:url\" content=\"https:\/\/ccs-fabricframe.de\/en\/problem-melden-compliance\/\" \/>\n<meta property=\"og:site_name\" content=\"CCS Fabric Frame\" \/>\n<meta property=\"article:modified_time\" content=\"2025-09-01T12:06:48+00:00\" \/>\n<meta name=\"twitter:card\" content=\"summary_large_image\" \/>\n<meta name=\"twitter:label1\" content=\"Est. reading time\" \/>\n\t<meta name=\"twitter:data1\" content=\"1 minute\" \/>\n<script type=\"application\/ld+json\" class=\"yoast-schema-graph\">{\"@context\":\"https:\\\/\\\/schema.org\",\"@graph\":[{\"@type\":\"WebPage\",\"@id\":\"https:\\\/\\\/ccs-fabricframe.de\\\/problem-melden-compliance\\\/\",\"url\":\"https:\\\/\\\/ccs-fabricframe.de\\\/problem-melden-compliance\\\/\",\"name\":\"Problem melden (Compliance) - CCS Fabric Frame\",\"isPartOf\":{\"@id\":\"https:\\\/\\\/ccs-fabricframe.de\\\/#website\"},\"datePublished\":\"2025-07-21T07:23:56+00:00\",\"dateModified\":\"2025-09-01T12:06:48+00:00\",\"description\":\"Hier geben wir Ihnen die M\u00f6glichkeit, gem\u00e4\u00df Hinweisgeberschutzgesetz ein Problem schriftlich auf einem Hinweisgeberportal zu melden.\",\"breadcrumb\":{\"@id\":\"https:\\\/\\\/ccs-fabricframe.de\\\/problem-melden-compliance\\\/#breadcrumb\"},\"inLanguage\":\"en-US\",\"potentialAction\":[{\"@type\":\"ReadAction\",\"target\":[\"https:\\\/\\\/ccs-fabricframe.de\\\/problem-melden-compliance\\\/\"]}]},{\"@type\":\"BreadcrumbList\",\"@id\":\"https:\\\/\\\/ccs-fabricframe.de\\\/problem-melden-compliance\\\/#breadcrumb\",\"itemListElement\":[{\"@type\":\"ListItem\",\"position\":1,\"name\":\"Startseite\",\"item\":\"https:\\\/\\\/ccs-fabricframe.de\\\/\"},{\"@type\":\"ListItem\",\"position\":2,\"name\":\"Problem melden (Compliance)\"}]},{\"@type\":\"WebSite\",\"@id\":\"https:\\\/\\\/ccs-fabricframe.de\\\/#website\",\"url\":\"https:\\\/\\\/ccs-fabricframe.de\\\/\",\"name\":\"CCS Fabric Frame\",\"description\":\"Print. Shape. Impress.\",\"publisher\":{\"@id\":\"https:\\\/\\\/ccs-fabricframe.de\\\/#organization\"},\"potentialAction\":[{\"@type\":\"SearchAction\",\"target\":{\"@type\":\"EntryPoint\",\"urlTemplate\":\"https:\\\/\\\/ccs-fabricframe.de\\\/?s={search_term_string}\"},\"query-input\":{\"@type\":\"PropertyValueSpecification\",\"valueRequired\":true,\"valueName\":\"search_term_string\"}}],\"inLanguage\":\"en-US\"},{\"@type\":\"Organization\",\"@id\":\"https:\\\/\\\/ccs-fabricframe.de\\\/#organization\",\"name\":\"CCS fabric frame\",\"alternateName\":\"CCS\",\"url\":\"https:\\\/\\\/ccs-fabricframe.de\\\/\",\"logo\":{\"@type\":\"ImageObject\",\"inLanguage\":\"en-US\",\"@id\":\"https:\\\/\\\/ccs-fabricframe.de\\\/#\\\/schema\\\/logo\\\/image\\\/\",\"url\":\"https:\\\/\\\/ccs-fabricframe.de\\\/wp-content\\\/uploads\\\/2025\\\/06\\\/Lg_CCS-Fabfra_RedBlack_rgb_EE2737-1E1E1E-1.svg\",\"contentUrl\":\"https:\\\/\\\/ccs-fabricframe.de\\\/wp-content\\\/uploads\\\/2025\\\/06\\\/Lg_CCS-Fabfra_RedBlack_rgb_EE2737-1E1E1E-1.svg\",\"width\":459,\"height\":255,\"caption\":\"CCS fabric frame\"},\"image\":{\"@id\":\"https:\\\/\\\/ccs-fabricframe.de\\\/#\\\/schema\\\/logo\\\/image\\\/\"},\"sameAs\":[\"https:\\\/\\\/www.instagram.com\\\/ccsfabricframe\\\/\",\"https:\\\/\\\/www.linkedin.com\\\/company\\\/ccs-fabricframe\\\/\"]}]}<\/script>\n<!-- \/ Yoast SEO plugin. -->","yoast_head_json":{"title":"Report a problem (Compliance) - CCS Fabric Frame","description":"Here we give you the opportunity to report a problem in writing on a whistleblower portal in accordance with the Whistleblower Protection Act.","robots":{"index":"index","follow":"follow","max-snippet":"max-snippet:-1","max-image-preview":"max-image-preview:large","max-video-preview":"max-video-preview:-1"},"canonical":"https:\/\/ccs-fabricframe.de\/en\/problem-melden-compliance\/","og_locale":"en_US","og_type":"article","og_title":"Problem melden (Compliance) - CCS Fabric Frame","og_description":"Hier geben wir Ihnen die M\u00f6glichkeit, gem\u00e4\u00df Hinweisgeberschutzgesetz ein Problem schriftlich auf einem Hinweisgeberportal zu melden.","og_url":"https:\/\/ccs-fabricframe.de\/en\/problem-melden-compliance\/","og_site_name":"CCS Fabric Frame","article_modified_time":"2025-09-01T12:06:48+00:00","twitter_card":"summary_large_image","twitter_misc":{"Est. reading time":"1 minute"},"schema":{"@context":"https:\/\/schema.org","@graph":[{"@type":"WebPage","@id":"https:\/\/ccs-fabricframe.de\/problem-melden-compliance\/","url":"https:\/\/ccs-fabricframe.de\/problem-melden-compliance\/","name":"Report a problem (Compliance) - CCS Fabric Frame","isPartOf":{"@id":"https:\/\/ccs-fabricframe.de\/#website"},"datePublished":"2025-07-21T07:23:56+00:00","dateModified":"2025-09-01T12:06:48+00:00","description":"Here we give you the opportunity to report a problem in writing on a whistleblower portal in accordance with the Whistleblower Protection Act.","breadcrumb":{"@id":"https:\/\/ccs-fabricframe.de\/problem-melden-compliance\/#breadcrumb"},"inLanguage":"en-US","potentialAction":[{"@type":"ReadAction","target":["https:\/\/ccs-fabricframe.de\/problem-melden-compliance\/"]}]},{"@type":"BreadcrumbList","@id":"https:\/\/ccs-fabricframe.de\/problem-melden-compliance\/#breadcrumb","itemListElement":[{"@type":"ListItem","position":1,"name":"Startseite","item":"https:\/\/ccs-fabricframe.de\/"},{"@type":"ListItem","position":2,"name":"Problem melden (Compliance)"}]},{"@type":"WebSite","@id":"https:\/\/ccs-fabricframe.de\/#website","url":"https:\/\/ccs-fabricframe.de\/","name":"CCS Fabric Frame","description":"Print. Shape. Impress.","publisher":{"@id":"https:\/\/ccs-fabricframe.de\/#organization"},"potentialAction":[{"@type":"SearchAction","target":{"@type":"EntryPoint","urlTemplate":"https:\/\/ccs-fabricframe.de\/?s={search_term_string}"},"query-input":{"@type":"PropertyValueSpecification","valueRequired":true,"valueName":"search_term_string"}}],"inLanguage":"en-US"},{"@type":"Organization","@id":"https:\/\/ccs-fabricframe.de\/#organization","name":"CCS fabric frame","alternateName":"CCS","url":"https:\/\/ccs-fabricframe.de\/","logo":{"@type":"ImageObject","inLanguage":"en-US","@id":"https:\/\/ccs-fabricframe.de\/#\/schema\/logo\/image\/","url":"https:\/\/ccs-fabricframe.de\/wp-content\/uploads\/2025\/06\/Lg_CCS-Fabfra_RedBlack_rgb_EE2737-1E1E1E-1.svg","contentUrl":"https:\/\/ccs-fabricframe.de\/wp-content\/uploads\/2025\/06\/Lg_CCS-Fabfra_RedBlack_rgb_EE2737-1E1E1E-1.svg","width":459,"height":255,"caption":"CCS fabric frame"},"image":{"@id":"https:\/\/ccs-fabricframe.de\/#\/schema\/logo\/image\/"},"sameAs":["https:\/\/www.instagram.com\/ccsfabricframe\/","https:\/\/www.linkedin.com\/company\/ccs-fabricframe\/"]}]}},"_links":{"self":[{"href":"https:\/\/ccs-fabricframe.de\/en\/wp-json\/wp\/v2\/pages\/3064","targetHints":{"allow":["GET"]}}],"collection":[{"href":"https:\/\/ccs-fabricframe.de\/en\/wp-json\/wp\/v2\/pages"}],"about":[{"href":"https:\/\/ccs-fabricframe.de\/en\/wp-json\/wp\/v2\/types\/page"}],"author":[{"embeddable":true,"href":"https:\/\/ccs-fabricframe.de\/en\/wp-json\/wp\/v2\/users\/2"}],"replies":[{"embeddable":true,"href":"https:\/\/ccs-fabricframe.de\/en\/wp-json\/wp\/v2\/comments?post=3064"}],"version-history":[{"count":10,"href":"https:\/\/ccs-fabricframe.de\/en\/wp-json\/wp\/v2\/pages\/3064\/revisions"}],"predecessor-version":[{"id":6141,"href":"https:\/\/ccs-fabricframe.de\/en\/wp-json\/wp\/v2\/pages\/3064\/revisions\/6141"}],"wp:attachment":[{"href":"https:\/\/ccs-fabricframe.de\/en\/wp-json\/wp\/v2\/media?parent=3064"}],"curies":[{"name":"wp","href":"https:\/\/api.w.org\/{rel}","templated":true}]}}